{"id":6920,"date":"2024-10-09T17:49:58","date_gmt":"2024-10-09T15:49:58","guid":{"rendered":"https:\/\/www.ras-feuerfest.de\/shop\/product\/ft-fire-verm-1200-vermiculiteplatte-600-kg-500x375x50-mm\/"},"modified":"2024-10-10T13:40:54","modified_gmt":"2024-10-10T11:40:54","slug":"ft-fire-verm-1200-vermiculiteplatte-600-kg-500x375x50-mm","status":"publish","type":"product","link":"https:\/\/www.ras-feuerfest.de\/shop\/produkt\/ft-fire-verm-1200-vermiculiteplatte-600-kg-500x375x50-mm\/","title":{"rendered":"FT- FIRE-VERM 1200 Vermiculiteplatte 600 kg\/ 500x375x50 mm"},"content":{"rendered":"<p>\n\t<font color=\"#ff6600\" face=\"Verdana\" size=\"3\"><em><strong>FIRE-VERM -Board 1200-06<\/strong><\/em><\/font><font color=\"#333333\" size=\"2\"><em><strong>&nbsp;<\/strong><\/em><\/font><font size=\"3\"><strong> <\/strong><\/font><font size=\"3\">Brennraumplatten <\/font><font size=\"2\">f<\/font>\u00fcr Kamineins\u00e4tze, Heizkassetten, Kamin\u00f6fen, usw.<\/p>\n<p>\n\t<font color=\"#ff6600\" face=\"Verdana\" size=\"3\"><strong><em>FV-B 1200-06 <\/em><\/strong><\/font><font color=\"#333333\" size=\"2\">ist eine feste, hitzebest\u00e4ndige Platte aus Vermiculit mit einer maximalen Anwendungstemperatur bis 1150 \u00b0C.<br \/>\n\tDie Platten haben eine hohe Festigkeit und daher eignen sich daher f\u00fcr die Erneuerung defekter Platten in Brennr\u00e4umen<\/font><font color=\"#333333\" size=\"2\">&nbsp;von Kaminen, Kamin\u00f6fen, Heizkassetten etc. als Ersatz der Seiten-&nbsp; und R\u00fcckwandplatten, sowie der Flammenumkehrungen.<br \/>\n\tDurch die geringere Rohdichte ist die Festigkeit der Platte geringer aber auch der Isolationswert h\u00f6her Isolation h\u00f6her. <\/font><\/p>\n<p>\n\t<font color=\"#ff6600\" size=\"3\"><strong><em>FV-B 1200-06&nbsp; <\/em><\/strong><\/font><font color=\"#333333\" size=\"2\">kann leicht mit einer Stichs\u00e4ge bzw. mit Werkzeugen der Holzbearbeitung auf das gew\u00fcnschte Ma\u00df gebracht werden. Die Platten k\u00f6nnen auch gebohrt oder gefr\u00e4st werden.<\/font><\/p>\n<p>\n\t<font color=\"#ff6600\" size=\"3\"><em><strong>FV-B 1200-06<\/strong><\/em>&nbsp; <\/font><font color=\"#333333\" size=\"2\">ist frei Fasern und gesundheitlich unbedenklich.<\/font><\/p>\n<p>\n\t<font size=\"3\"><u><strong>Plattenformat 500x375x50 mm <\/strong><\/u><\/font><\/p>\n<p>\n\t<font size=\"3\"><strong style=\"FONT-STYLE: italic\">Beachten Sie auch unseren Artikel&nbsp; <span style=\"COLOR: rgb(255,0,0)\">Fire-Verm-Strongboard 1150-09,<\/span><br \/>\n\tder eine deutlich h\u00f6here Festigkeit hat!<\/strong><\/font><\/p>\n<p>FT- FIRE-VERM 1200 Vermiculiteplatte 600 kg\/ 500x375x50 mm<\/p>\n","protected":false},"excerpt":{"rendered":"<p>FIRE-VERM -Board 1200-06&nbsp; Brennraumplatten f\u00fcr Kamineins\u00e4tze, Heizkassetten, Kamin\u00f6fen, usw. FV-B 1200-06 ist eine feste, hitzebest\u00e4ndige Platte aus Vermiculit mit einer maximalen Anwendungstemperatur bis 1150 \u00b0C. Die Platten haben eine hohe Festigkeit und daher eignen sich daher f\u00fcr die Erneuerung defekter Platten in Brennr\u00e4umen&nbsp;von Kaminen, Kamin\u00f6fen, Heizkassetten etc. als Ersatz der Seiten-&nbsp; und R\u00fcckwandplatten, sowie der [&hellip;]<\/p>\n","protected":false},"featured_media":6940,"comment_status":"closed","ping_status":"open","template":"","meta":{"_acf_changed":false},"product_safety_overall":[],"product_brand":[],"product_cat":[1786,1787,1789],"product_tag":[684,737,738,739],"class_list":{"0":"post-6920","1":"product","2":"type-product","3":"status-publish","4":"has-post-thumbnail","6":"product_cat-brennraumplatten","7":"product_cat-brennraumplatten-fire-verm-600-kg","8":"product_cat-brennraumplatten-fire-verm-900-kg-500x375-mm","9":"product_tag-feuerfeste-platten","10":"product_tag-vermiculite","11":"product_tag-vermiculiteplatten","12":"product_tag-brennraumplatten","14":"first","15":"instock","16":"taxable","17":"shipping-taxable","18":"purchasable","19":"product-type-simple"},"acf":[],"_links":{"self":[{"href":"https:\/\/www.ras-feuerfest.de\/shop\/wp-json\/wp\/v2\/product\/6920","targetHints":{"allow":["GET"]}}],"collection":[{"href":"https:\/\/www.ras-feuerfest.de\/shop\/wp-json\/wp\/v2\/product"}],"about":[{"href":"https:\/\/www.ras-feuerfest.de\/shop\/wp-json\/wp\/v2\/types\/product"}],"replies":[{"embeddable":true,"href":"https:\/\/www.ras-feuerfest.de\/shop\/wp-json\/wp\/v2\/comments?post=6920"}],"wp:featuredmedia":[{"embeddable":true,"href":"https:\/\/www.ras-feuerfest.de\/shop\/wp-json\/wp\/v2\/media\/6940"}],"wp:attachment":[{"href":"https:\/\/www.ras-feuerfest.de\/shop\/wp-json\/wp\/v2\/media?parent=6920"}],"wp:term":[{"taxonomy":"product_safety_overall","embeddable":true,"href":"https:\/\/www.ras-feuerfest.de\/shop\/wp-json\/wp\/v2\/product_safety_overall?post=6920"},{"taxonomy":"product_brand","embeddable":true,"href":"https:\/\/www.ras-feuerfest.de\/shop\/wp-json\/wp\/v2\/product_brand?post=6920"},{"taxonomy":"product_cat","embeddable":true,"href":"https:\/\/www.ras-feuerfest.de\/shop\/wp-json\/wp\/v2\/product_cat?post=6920"},{"taxonomy":"product_tag","embeddable":true,"href":"https:\/\/www.ras-feuerfest.de\/shop\/wp-json\/wp\/v2\/product_tag?post=6920"}],"curies":[{"name":"wp","href":"https:\/\/api.w.org\/{rel}","templated":true}]}}