{"id":6964,"date":"2024-10-09T17:50:17","date_gmt":"2024-10-09T15:50:17","guid":{"rendered":"https:\/\/www.ras-feuerfest.de\/shop\/product\/ft-fire-verm-ex-strongboard-1150-610x305x15-mm\/"},"modified":"2024-10-10T13:41:02","modified_gmt":"2024-10-10T11:41:02","slug":"ft-fire-verm-ex-strongboard-1150-610x305x15-mm","status":"publish","type":"product","link":"https:\/\/www.ras-feuerfest.de\/shop\/produkt\/ft-fire-verm-ex-strongboard-1150-610x305x15-mm\/","title":{"rendered":"FT FIRE-VERM-EX-Strongboard 1150 \/ 610x375x15 mm"},"content":{"rendered":"<p><font color=\"#ff6600\" face=\"Verdana\" size=\"3\"><em><strong><font color=\"#993300\"><span style=\"color:#f50606;\">FT<\/span>-FIRE-VERM EX-Strong-Board 1150-09<\/font><\/strong><\/em><\/font><font color=\"#333333\" size=\"2\"><em><strong> <\/strong><\/em><\/font><font size=\"3\"><strong>Brennraumplatten <\/strong><\/font><font size=\"2\">f\u00fcr Kamineins\u00e4tze, Heizkassetten, Kamin\u00f6fen.<\/font><\/p>\n<p><font color=\"#ff6600\" face=\"Verdana\" size=\"3\"><strong><em><font color=\"#993300\"><span style=\"color:#f50606;\">FT<\/span>-FV-EX-SB 1100-09<\/font> <\/em><\/strong><\/font><font color=\"#333333\" size=\"2\">ist eine <strong><u>sehr harte<\/u><\/strong>, hitzebest\u00e4ndige Platte aus Vermiculit mit einer maximalen Anwendungstemperatur bis <strong><u>1150 \u00b0C.<\/u><\/strong><br \/>\nDie Platten haben eine <strong><u>sehr hohe mechanische Festigkeit<\/u><\/strong> und sind daher daher&nbsp;f\u00fcr die Erneuerung defekter Platten in Brennr\u00e4umen<\/font><font color=\"#333333\" size=\"2\">&nbsp;von Kaminen, Kamin\u00f6fen, Heizkassetten etc. als Ersatz der Seiten-&nbsp; und R\u00fcckwandplatten, sowie der Flammenumkehrungen bestens geeignet.<\/font><\/p>\n<p><font color=\"#ff6600\" size=\"3\"><strong><em><font color=\"#993300\"><span style=\"color:#f20f0f;\">FT<\/span>-FV-EX-SB 1100-09<\/font>&nbsp; <\/em><\/strong><\/font><font color=\"#333333\" size=\"2\">kann leicht mit einer Stichs\u00e4ge bzw. mit Werkzeugen der Holzbearbeitung auf das gew\u00fcnschte Ma\u00df gebracht werden. Die Platten k\u00f6nnen auch gebohrt oder gefr\u00e4st werden.<\/font><\/p>\n<p><font color=\"#ff6600\" size=\"3\"><em><strong><font color=\"#993300\"><span style=\"color:#f20f0f;\">FT<font face=\"Verdana\">&#8211;<\/font><\/span>FV-EX-SB 1100-09<\/font><\/strong><\/em>&nbsp; <\/font><font color=\"#333333\" size=\"2\">ist frei Fasern und gesundheitlich unbedenklich.<\/font><\/p>\n<p><font color=\"#ff0000\" face=\"Verdana\" size=\"5\"><strong><u><font size=\"3\">Rohdichte:<\/font> 900 kg m\u00b3<\/u><\/strong><\/font><\/p>\n<p><font color=\"#333333\" face=\"Verdana\" size=\"3\"><strong><u>Max Anwendungstemperatur 1150 \u00b0C<\/u><\/strong><\/font><\/p>\n<p><font size=\"3\"><u><strong>Plattenformat 610x375x&nbsp;15 mm<\/strong><\/u><\/font><\/p>\n<p align=\"left\"><font size=\"3\"><u><strong>&nbsp;<\/strong><\/u><\/font><\/p>\n<p>FT FIRE-VERM-EX-Strongboard 1150 \/ 610x375x15 mm<\/p>\n","protected":false},"excerpt":{"rendered":"<p>FT-FIRE-VERM EX-Strong-Board 1150-09 Brennraumplatten f\u00fcr Kamineins\u00e4tze, Heizkassetten, Kamin\u00f6fen. FT-FV-EX-SB 1100-09 ist eine sehr harte, hitzebest\u00e4ndige Platte aus Vermiculit mit einer maximalen Anwendungstemperatur bis 1150 \u00b0C. Die Platten haben eine sehr hohe mechanische Festigkeit und sind daher daher&nbsp;f\u00fcr die Erneuerung defekter Platten in Brennr\u00e4umen&nbsp;von Kaminen, Kamin\u00f6fen, Heizkassetten etc. als Ersatz der Seiten-&nbsp; und R\u00fcckwandplatten, sowie der [&hellip;]<\/p>\n","protected":false},"featured_media":6940,"comment_status":"closed","ping_status":"open","template":"","meta":{"_acf_changed":false},"product_safety_overall":[],"product_brand":[],"product_cat":[1786,1795],"product_tag":[684,737,738,739],"class_list":{"0":"post-6964","1":"product","2":"type-product","3":"status-publish","4":"has-post-thumbnail","6":"product_cat-brennraumplatten","7":"product_cat-brennraumplatten-fire-verm-1200-kg","8":"product_tag-feuerfeste-platten","9":"product_tag-vermiculite","10":"product_tag-vermiculiteplatten","11":"product_tag-brennraumplatten","13":"first","14":"instock","15":"taxable","16":"shipping-taxable","17":"purchasable","18":"product-type-simple"},"acf":[],"_links":{"self":[{"href":"https:\/\/www.ras-feuerfest.de\/shop\/wp-json\/wp\/v2\/product\/6964","targetHints":{"allow":["GET"]}}],"collection":[{"href":"https:\/\/www.ras-feuerfest.de\/shop\/wp-json\/wp\/v2\/product"}],"about":[{"href":"https:\/\/www.ras-feuerfest.de\/shop\/wp-json\/wp\/v2\/types\/product"}],"replies":[{"embeddable":true,"href":"https:\/\/www.ras-feuerfest.de\/shop\/wp-json\/wp\/v2\/comments?post=6964"}],"wp:featuredmedia":[{"embeddable":true,"href":"https:\/\/www.ras-feuerfest.de\/shop\/wp-json\/wp\/v2\/media\/6940"}],"wp:attachment":[{"href":"https:\/\/www.ras-feuerfest.de\/shop\/wp-json\/wp\/v2\/media?parent=6964"}],"wp:term":[{"taxonomy":"product_safety_overall","embeddable":true,"href":"https:\/\/www.ras-feuerfest.de\/shop\/wp-json\/wp\/v2\/product_safety_overall?post=6964"},{"taxonomy":"product_brand","embeddable":true,"href":"https:\/\/www.ras-feuerfest.de\/shop\/wp-json\/wp\/v2\/product_brand?post=6964"},{"taxonomy":"product_cat","embeddable":true,"href":"https:\/\/www.ras-feuerfest.de\/shop\/wp-json\/wp\/v2\/product_cat?post=6964"},{"taxonomy":"product_tag","embeddable":true,"href":"https:\/\/www.ras-feuerfest.de\/shop\/wp-json\/wp\/v2\/product_tag?post=6964"}],"curies":[{"name":"wp","href":"https:\/\/api.w.org\/{rel}","templated":true}]}}