{"id":6998,"date":"2024-10-09T17:50:37","date_gmt":"2024-10-09T15:50:37","guid":{"rendered":"https:\/\/www.ras-feuerfest.de\/shop\/product\/ft-hochtemperaturfaserplatten-eaf-board-1200c-500x400x40-mm\/"},"modified":"2024-10-10T13:42:35","modified_gmt":"2024-10-10T11:42:35","slug":"ft-hochtemperaturfaserplatten-eaf-board-1200c-500x400x40-mm","status":"publish","type":"product","link":"https:\/\/www.ras-feuerfest.de\/shop\/produkt\/ft-hochtemperaturfaserplatten-eaf-board-1200c-500x400x40-mm\/","title":{"rendered":"FT-Hochtemperaturfaserplatten EAF-Board 1200\u00b0C 500x400x40 mm"},"content":{"rendered":"<p>\n\t<font color=\"#333333\" face=\"Verdana\" size=\"2\"><span style=\"COLOR: rgb(255,0,0); FONT-WEIGHT: bold\"><font size=\"2\"><span style=\"FONT-FAMILY: Verdana\">FIRETEK <\/span><\/font><\/span><span style=\"COLOR: rgb(255,0,0)\"><font size=\"2\"><span style=\"FONT-FAMILY: Verdana\"><span style=\"COLOR: rgb(51,51,51)\"><span style=\"COLOR: rgb(51,153,102)\"><span style=\"FONT-WEIGHT: bold\">EAF-BOARD <\/span><\/span>Hochtemperatur-Faserplatten aus biol\u00f6slicher<br \/>\n\tFaser (bei der Bearbeitung eventuell eingeatmete Fasern l\u00f6sen sich in K\u00f6rperfl\u00fcssigkeiten auf)<br \/>\n\teignen sich f\u00fcr den Feuerseitigen Einsatz bis 1200 \u00b0C.<\/p>\n<p>\t<span style=\"FONT-STYLE: italic; TEXT-DECORATION: underline\">Anwendungsbeispiele:<\/span><span style=\"FONT-STYLE: italic\"> Brennerflanschdichtungen, Schwei\u00dfschutzplatten, Isolierplatten f\u00fcr Kamine, Kachel\u00f6fen, \u00d6lheizkessel, Gasheizkessel, Heizstrahler, Halogenlampen, als Asbestersatzplatte.<\/span><br style=\"FONT-STYLE: italic\" \/><br \/>\n\t<span style=\"FONT-STYLE: italic\">Die Platten lassen sich leicht mit Messer, Stichs\u00e4ge, S\u00e4ge bearbeiten.<\/span><\/p>\n<p>\t<span style=\"FONT-WEIGHT: bold; TEXT-DECORATION: underline\">Abmessungen:<\/span><span style=\"FONT-WEIGHT: bold\"> 500x400x40 mm<\/span><\/span><\/span><\/font><\/span><\/p>\n<p>\t<span style=\"COLOR: rgb(255,0,0)\"><font size=\"2\"><span style=\"FONT-FAMILY: Verdana\"><span style=\"COLOR: rgb(51,51,51)\"><span style=\"FONT-WEIGHT: bold\"><span style=\"COLOR: rgb(255,0,0)\">Lieferbar sind auch gr\u00f6\u00dfere Formate bzw. Zuschnitte.<\/span><br style=\"COLOR: rgb(255,0,0)\" \/><br \/>\n\t<span style=\"COLOR: rgb(255,0,0)\">Bitte nehmen Sie bei Bedarf <\/span><a href=\"http:\/\/www.schmidt-feuerfest.de\/Easy4You\/content.php?link_id=159&amp;subcat=0\" style=\"COLOR: rgb(255,0,0)\">Kontakt<\/a><span style=\"COLOR: rgb(255,0,0)\"> mit uns auf!<\/span><\/span><\/span><\/span><\/font><\/span><\/font><\/p>\n<p>FT-Hochtemperaturfaserplatten EAF-Board 1200\u00b0C 500x400x40 mm<\/p>\n","protected":false},"excerpt":{"rendered":"<p>FIRETEK EAF-BOARD Hochtemperatur-Faserplatten aus biol\u00f6slicher Faser (bei der Bearbeitung eventuell eingeatmete Fasern l\u00f6sen sich in K\u00f6rperfl\u00fcssigkeiten auf) eignen sich f\u00fcr den Feuerseitigen Einsatz bis 1200 \u00b0C. Anwendungsbeispiele: Brennerflanschdichtungen, Schwei\u00dfschutzplatten, Isolierplatten f\u00fcr Kamine, Kachel\u00f6fen, \u00d6lheizkessel, Gasheizkessel, Heizstrahler, Halogenlampen, als Asbestersatzplatte. Die Platten lassen sich leicht mit Messer, Stichs\u00e4ge, S\u00e4ge bearbeiten. Abmessungen: 500x400x40 mm Lieferbar sind auch [&hellip;]<\/p>\n","protected":false},"featured_media":7706,"comment_status":"closed","ping_status":"open","template":"","meta":{"_acf_changed":false},"product_safety_overall":[],"product_brand":[],"product_cat":[1806,1888,1889,1890],"product_tag":[],"class_list":{"0":"post-6998","1":"product","2":"type-product","3":"status-publish","4":"has-post-thumbnail","6":"product_cat-firetex","7":"product_cat-firetex-faserplatten","8":"product_cat-firetex-faserplatten-bioloeslich","9":"product_cat-firetex-faserplatten-bioloeslich-500x400-mm","11":"first","12":"instock","13":"taxable","14":"shipping-taxable","15":"purchasable","16":"product-type-simple"},"acf":[],"_links":{"self":[{"href":"https:\/\/www.ras-feuerfest.de\/shop\/wp-json\/wp\/v2\/product\/6998","targetHints":{"allow":["GET"]}}],"collection":[{"href":"https:\/\/www.ras-feuerfest.de\/shop\/wp-json\/wp\/v2\/product"}],"about":[{"href":"https:\/\/www.ras-feuerfest.de\/shop\/wp-json\/wp\/v2\/types\/product"}],"replies":[{"embeddable":true,"href":"https:\/\/www.ras-feuerfest.de\/shop\/wp-json\/wp\/v2\/comments?post=6998"}],"wp:featuredmedia":[{"embeddable":true,"href":"https:\/\/www.ras-feuerfest.de\/shop\/wp-json\/wp\/v2\/media\/7706"}],"wp:attachment":[{"href":"https:\/\/www.ras-feuerfest.de\/shop\/wp-json\/wp\/v2\/media?parent=6998"}],"wp:term":[{"taxonomy":"product_safety_overall","embeddable":true,"href":"https:\/\/www.ras-feuerfest.de\/shop\/wp-json\/wp\/v2\/product_safety_overall?post=6998"},{"taxonomy":"product_brand","embeddable":true,"href":"https:\/\/www.ras-feuerfest.de\/shop\/wp-json\/wp\/v2\/product_brand?post=6998"},{"taxonomy":"product_cat","embeddable":true,"href":"https:\/\/www.ras-feuerfest.de\/shop\/wp-json\/wp\/v2\/product_cat?post=6998"},{"taxonomy":"product_tag","embeddable":true,"href":"https:\/\/www.ras-feuerfest.de\/shop\/wp-json\/wp\/v2\/product_tag?post=6998"}],"curies":[{"name":"wp","href":"https:\/\/api.w.org\/{rel}","templated":true}]}}