{"id":7016,"date":"2024-10-09T17:50:47","date_gmt":"2024-10-09T15:50:47","guid":{"rendered":"https:\/\/www.ras-feuerfest.de\/shop\/product\/ft-fire-form-gluehrohr-gr-23-3-set\/"},"modified":"2024-10-10T13:42:22","modified_gmt":"2024-10-10T11:42:22","slug":"ft-fire-form-gluehrohr-gr-23-3-set","status":"publish","type":"product","link":"https:\/\/www.ras-feuerfest.de\/shop\/produkt\/ft-fire-form-gluehrohr-gr-23-3-set\/","title":{"rendered":"FT-FIRE-FORM Gl\u00fchrohr GR 23\/3"},"content":{"rendered":"<p><font color=\"#333333\" face=\"Verdana\" size=\"2\"><span style=\"color: rgb(255, 0, 0);\"><font size=\"2\"><span style=\"font-family: Verdana;\"><span style=\"font-weight: bold;\">FIRETEK <\/span><span style=\"font-style: italic;\">FIRE-Form<\/span><span style=\"font-style: italic;\"> Gl\u00fchrohre<\/span><span style=\"color: rgb(51, 51, 51);\"> erm\u00f6glichen durch ein hohes Reflektionsverm\u00f6gen der Fasern einen sofortigen Ausbrand der Flamme. Das f\u00fchrt zur Erh\u00f6hung der CO2-Werte, einer Verringerung der Ru\u00dfzahl und verhindert \u00d6lderivate im Abgas. Au\u00dferdem erfolgt eine Reduzierung der Abgastemperatur.<br \/>\nDie Rohre lassen sich leicht mit Messer oder S\u00e4geblatt k\u00fcrzen.<br \/>\nUm das Rohr auf dem Kesselboden zu fixieren, empfehlen wir min drei H\u00f6henausgleichkeile zu verwenden.<br \/>\nUm eine \u00dcberhitzung der Kessler\u00fcckwand zu vermeiden&nbsp; empfehlen wir unbedingt eine Prallwand an diese zu stellen.&nbsp; Siehe&nbsp; unter Prallwand (3501-0005)<br \/>\n<br style=\"text-decoration: underline;\" \/><br \/>\n<span style=\"font-weight: bold;\"><span style=\"text-decoration: underline;\">Abmessungen:<\/span> innen \u00d8 230 mm\/ au\u00dfen \u00d8 270 mm\/ L\u00e4nge 300 mm<\/p>\n<p><span style=\"font-style: italic;\"><span style=\"text-decoration: underline;\">Lieferumfang:<\/span> 1 Gl\u00fchrohr&nbsp; (Die H\u00f6henausgleich-Keile&nbsp; erhalten sie unter der Bestellnummer 3300-0989)<\/span><\/span><\/span><\/span><\/font><\/span><\/font><\/p>\n<p>FT-FIRE-FORM Gl\u00fchrohr GR 23\/3<\/p>\n","protected":false},"excerpt":{"rendered":"<p>FIRETEK FIRE-Form Gl\u00fchrohre erm\u00f6glichen durch ein hohes Reflektionsverm\u00f6gen der Fasern einen sofortigen Ausbrand der Flamme. Das f\u00fchrt zur Erh\u00f6hung der CO2-Werte, einer Verringerung der Ru\u00dfzahl und verhindert \u00d6lderivate im Abgas. Au\u00dferdem erfolgt eine Reduzierung der Abgastemperatur. Die Rohre lassen sich leicht mit Messer oder S\u00e4geblatt k\u00fcrzen. Um das Rohr auf dem Kesselboden zu fixieren, empfehlen [&hellip;]<\/p>\n","protected":false},"featured_media":7011,"comment_status":"closed","ping_status":"open","template":"","meta":{"_acf_changed":false},"product_safety_overall":[],"product_brand":[],"product_cat":[1806,1872],"product_tag":[752,753],"class_list":{"0":"post-7016","1":"product","2":"type-product","3":"status-publish","4":"has-post-thumbnail","6":"product_cat-firetex","7":"product_cat-firetex-gluehrohre","8":"product_tag-gluehrohr","9":"product_tag-keramikfaserrohre","11":"first","12":"instock","13":"taxable","14":"shipping-taxable","15":"purchasable","16":"product-type-simple"},"acf":[],"_links":{"self":[{"href":"https:\/\/www.ras-feuerfest.de\/shop\/wp-json\/wp\/v2\/product\/7016","targetHints":{"allow":["GET"]}}],"collection":[{"href":"https:\/\/www.ras-feuerfest.de\/shop\/wp-json\/wp\/v2\/product"}],"about":[{"href":"https:\/\/www.ras-feuerfest.de\/shop\/wp-json\/wp\/v2\/types\/product"}],"replies":[{"embeddable":true,"href":"https:\/\/www.ras-feuerfest.de\/shop\/wp-json\/wp\/v2\/comments?post=7016"}],"wp:featuredmedia":[{"embeddable":true,"href":"https:\/\/www.ras-feuerfest.de\/shop\/wp-json\/wp\/v2\/media\/7011"}],"wp:attachment":[{"href":"https:\/\/www.ras-feuerfest.de\/shop\/wp-json\/wp\/v2\/media?parent=7016"}],"wp:term":[{"taxonomy":"product_safety_overall","embeddable":true,"href":"https:\/\/www.ras-feuerfest.de\/shop\/wp-json\/wp\/v2\/product_safety_overall?post=7016"},{"taxonomy":"product_brand","embeddable":true,"href":"https:\/\/www.ras-feuerfest.de\/shop\/wp-json\/wp\/v2\/product_brand?post=7016"},{"taxonomy":"product_cat","embeddable":true,"href":"https:\/\/www.ras-feuerfest.de\/shop\/wp-json\/wp\/v2\/product_cat?post=7016"},{"taxonomy":"product_tag","embeddable":true,"href":"https:\/\/www.ras-feuerfest.de\/shop\/wp-json\/wp\/v2\/product_tag?post=7016"}],"curies":[{"name":"wp","href":"https:\/\/api.w.org\/{rel}","templated":true}]}}