{"id":7027,"date":"2024-10-09T17:50:47","date_gmt":"2024-10-09T15:50:47","guid":{"rendered":"https:\/\/www.ras-feuerfest.de\/shop\/product\/ft-fire-form-keramikfaser-brennkammer-grundbausatz-1f-2\/"},"modified":"2024-10-10T13:41:12","modified_gmt":"2024-10-10T11:41:12","slug":"ft-fire-form-keramikfaser-brennkammer-grundbausatz-1f-2","status":"publish","type":"product","link":"https:\/\/www.ras-feuerfest.de\/shop\/produkt\/ft-fire-form-keramikfaser-brennkammer-grundbausatz-1f-2\/","title":{"rendered":"FT-FIRE-FORM Keramikfaser Brennkammer Grundbausatz 1F-2"},"content":{"rendered":"<p>\n\t<font color=\"#333333\" face=\"Verdana\" size=\"2\"><span style=\"color: rgb(255, 0, 0);\"><font size=\"3\">FIRE-FORM Keramikfaser Brennkammer Grundbausatz 1F-2<br \/>\n\t<span style=\"color: rgb(51, 51, 51);\"><font size=\"2\">Die Seitenformteile sind aus einer vacuum geformten, hochfeuerfesten Keramikfaser hergestellt.<\/font><\/span><\/font><br \/>\n\t<br style=\"color: rgb(0, 0, 255);\" \/><br \/>\n\t<font size=\"2\"><span style=\"color: rgb(51, 102, 255);\">&#8211; Durch hohes Reflektionsverm\u00f6gen der Fasern erfolgt ein sofortiger Ausbrand der Flamme.<\/span><br style=\"color: rgb(51, 102, 255);\" \/><br \/>\n\t<span style=\"color: rgb(51, 102, 255);\">&#8211; Individuelle, gezielte Heizgasf\u00fchrung.<\/span><br style=\"color: rgb(51, 102, 255);\" \/><br \/>\n\t<span style=\"color: rgb(51, 102, 255);\">&#8211; Senkung der Abgastemperatur.<\/span><br style=\"color: rgb(51, 102, 255);\" \/><br \/>\n\t<span style=\"color: rgb(51, 102, 255);\">&#8211; Erh\u00f6hung der CO\u00b2 &#8211; Werte.<\/span><br style=\"color: rgb(51, 102, 255);\" \/><br \/>\n\t<span style=\"color: rgb(51, 102, 255);\">&#8211; Verringerung der Ru\u00dfzahl.<\/span><br style=\"color: rgb(51, 102, 255);\" \/><br \/>\n\t<span style=\"color: rgb(51, 102, 255);\">&#8211; Keine \u00d6lderiviate im Abgas.<\/span><br style=\"color: rgb(51, 102, 255);\" \/><br \/>\n\t<span style=\"color: rgb(51, 102, 255);\">&#8211; leichte Bearbeitunsgm\u00f6glichkeiten.<\/span><br style=\"color: rgb(51, 102, 255);\" \/><br \/>\n\t<br style=\"color: rgb(51, 102, 255);\" \/><br \/>\n\t<span style=\"color: rgb(0, 0, 128);\"><span style=\"color: rgb(51, 51, 51);\">Die Formteile k\u00f6nnen leicht mit Messer oder S\u00e4geblatt bearbeitet werden!<\/span><br style=\"color: rgb(51, 51, 51);\" \/><br \/>\n\t<br \/>\n\t<span style=\"color: rgb(51, 51, 51);\">Abmessungen: Breite 295 mm, L\u00e4nge 315 mm, H\u00f6he 365 mm<\/p>\n<p>\t<span style=\"text-decoration: underline;\">Die Brennkammer besteht aus: <\/span><br \/>\n\t4 Seitenformteilen, 2 Klammern, 1 Bodenplatte + Hitzeschild f\u00fcr jeweils 2 Glieder, 1 Brennerisolierung,<br \/>\n\t3 Feuerleichtsteine, 1 Abdeckmatte, 1 Flasche Kleber (50 ml)<\/span><\/span><\/font><\/span><\/font><\/p>\n<p>FT-FIRE-FORM Keramikfaser Brennkammer Grundbausatz 1F-2<\/p>\n","protected":false},"excerpt":{"rendered":"<p>FIRE-FORM Keramikfaser Brennkammer Grundbausatz 1F-2 Die Seitenformteile sind aus einer vacuum geformten, hochfeuerfesten Keramikfaser hergestellt. &#8211; Durch hohes Reflektionsverm\u00f6gen der Fasern erfolgt ein sofortiger Ausbrand der Flamme. &#8211; Individuelle, gezielte Heizgasf\u00fchrung. &#8211; Senkung der Abgastemperatur. &#8211; Erh\u00f6hung der CO\u00b2 &#8211; Werte. &#8211; Verringerung der Ru\u00dfzahl. &#8211; Keine \u00d6lderiviate im Abgas. &#8211; leichte Bearbeitunsgm\u00f6glichkeiten. Die Formteile [&hellip;]<\/p>\n","protected":false},"featured_media":7028,"comment_status":"closed","ping_status":"open","template":"","meta":{"_acf_changed":false},"product_safety_overall":[],"product_brand":[],"product_cat":[1806,1808],"product_tag":[754],"class_list":{"0":"post-7027","1":"product","2":"type-product","3":"status-publish","4":"has-post-thumbnail","6":"product_cat-firetex","7":"product_cat-firetex-brennkammer","8":"product_tag-keramikfaser-brennkammern","10":"first","11":"instock","12":"taxable","13":"shipping-taxable","14":"purchasable","15":"product-type-simple"},"acf":[],"_links":{"self":[{"href":"https:\/\/www.ras-feuerfest.de\/shop\/wp-json\/wp\/v2\/product\/7027","targetHints":{"allow":["GET"]}}],"collection":[{"href":"https:\/\/www.ras-feuerfest.de\/shop\/wp-json\/wp\/v2\/product"}],"about":[{"href":"https:\/\/www.ras-feuerfest.de\/shop\/wp-json\/wp\/v2\/types\/product"}],"replies":[{"embeddable":true,"href":"https:\/\/www.ras-feuerfest.de\/shop\/wp-json\/wp\/v2\/comments?post=7027"}],"wp:featuredmedia":[{"embeddable":true,"href":"https:\/\/www.ras-feuerfest.de\/shop\/wp-json\/wp\/v2\/media\/7028"}],"wp:attachment":[{"href":"https:\/\/www.ras-feuerfest.de\/shop\/wp-json\/wp\/v2\/media?parent=7027"}],"wp:term":[{"taxonomy":"product_safety_overall","embeddable":true,"href":"https:\/\/www.ras-feuerfest.de\/shop\/wp-json\/wp\/v2\/product_safety_overall?post=7027"},{"taxonomy":"product_brand","embeddable":true,"href":"https:\/\/www.ras-feuerfest.de\/shop\/wp-json\/wp\/v2\/product_brand?post=7027"},{"taxonomy":"product_cat","embeddable":true,"href":"https:\/\/www.ras-feuerfest.de\/shop\/wp-json\/wp\/v2\/product_cat?post=7027"},{"taxonomy":"product_tag","embeddable":true,"href":"https:\/\/www.ras-feuerfest.de\/shop\/wp-json\/wp\/v2\/product_tag?post=7027"}],"curies":[{"name":"wp","href":"https:\/\/api.w.org\/{rel}","templated":true}]}}