{"id":7032,"date":"2024-10-09T17:50:47","date_gmt":"2024-10-09T15:50:47","guid":{"rendered":"https:\/\/www.ras-feuerfest.de\/shop\/product\/ft-fire-form-prallwand-1fp\/"},"modified":"2024-10-10T13:42:23","modified_gmt":"2024-10-10T11:42:23","slug":"ft-fire-form-prallwand-1fp","status":"publish","type":"product","link":"https:\/\/www.ras-feuerfest.de\/shop\/produkt\/ft-fire-form-prallwand-1fp\/","title":{"rendered":"FT-FIRE-FORM  Prallwand 1FP"},"content":{"rendered":"<p><font color=\"#333333\" face=\"Verdana\" size=\"2\"><span style=\"FONT-WEIGHT: bold\"><span style=\"COLOR: rgb(255,0,0)\"><font size=\"2\"><span style=\"FONT-FAMILY: Verdana\">FIRETEK <\/span><\/font><\/span><\/span><span style=\"COLOR: rgb(255,0,0)\"><font size=\"2\"><span style=\"FONT-FAMILY: Verdana\">Prallwand<span style=\"COLOR: rgb(51,51,51)\"> eignet sich als Schutz der Kesselr\u00fcckwand. Sie verhindert \u00dcberhitzung und vermeidet Dampfschl\u00e4ge. Au\u00dferdem sorgt sie gleichzeit durch das hohe Reflektionsverm\u00f6gen f\u00fcr einen besseren Ausbrand der Flamme.<br \/>\nDie Platte kann leicht mit einem Messer oder S\u00e4geblatt auf das gew\u00fcnschte Ma\u00df gebracht werden.<\/p>\n<p><span style=\"FONT-WEIGHT: bold\"><span style=\"TEXT-DECORATION: underline\">Abmessungen:<\/span> 360x250x25 mm<\/span><\/span><\/span><\/font><\/span><\/font><\/p>\n<p>FT-FIRE-FORM  Prallwand 1FP<\/p>\n","protected":false},"excerpt":{"rendered":"<p>FIRETEK Prallwand eignet sich als Schutz der Kesselr\u00fcckwand. Sie verhindert \u00dcberhitzung und vermeidet Dampfschl\u00e4ge. Au\u00dferdem sorgt sie gleichzeit durch das hohe Reflektionsverm\u00f6gen f\u00fcr einen besseren Ausbrand der Flamme. Die Platte kann leicht mit einem Messer oder S\u00e4geblatt auf das gew\u00fcnschte Ma\u00df gebracht werden. Abmessungen: 360x250x25 mm FT-FIRE-FORM Prallwand 1FP<\/p>\n","protected":false},"featured_media":0,"comment_status":"closed","ping_status":"open","template":"","meta":{"_acf_changed":false},"product_safety_overall":[],"product_brand":[],"product_cat":[1806,1872],"product_tag":[755,756,757,758],"class_list":{"0":"post-7032","1":"product","2":"type-product","3":"status-publish","5":"product_cat-firetex","6":"product_cat-firetex-gluehrohre","7":"product_tag-prallwand","8":"product_tag-faserplatte","9":"product_tag-feuefeste-prallplatte","10":"product_tag-rueckwandplatte","12":"first","13":"instock","14":"taxable","15":"shipping-taxable","16":"purchasable","17":"product-type-simple"},"acf":[],"_links":{"self":[{"href":"https:\/\/www.ras-feuerfest.de\/shop\/wp-json\/wp\/v2\/product\/7032","targetHints":{"allow":["GET"]}}],"collection":[{"href":"https:\/\/www.ras-feuerfest.de\/shop\/wp-json\/wp\/v2\/product"}],"about":[{"href":"https:\/\/www.ras-feuerfest.de\/shop\/wp-json\/wp\/v2\/types\/product"}],"replies":[{"embeddable":true,"href":"https:\/\/www.ras-feuerfest.de\/shop\/wp-json\/wp\/v2\/comments?post=7032"}],"wp:attachment":[{"href":"https:\/\/www.ras-feuerfest.de\/shop\/wp-json\/wp\/v2\/media?parent=7032"}],"wp:term":[{"taxonomy":"product_safety_overall","embeddable":true,"href":"https:\/\/www.ras-feuerfest.de\/shop\/wp-json\/wp\/v2\/product_safety_overall?post=7032"},{"taxonomy":"product_brand","embeddable":true,"href":"https:\/\/www.ras-feuerfest.de\/shop\/wp-json\/wp\/v2\/product_brand?post=7032"},{"taxonomy":"product_cat","embeddable":true,"href":"https:\/\/www.ras-feuerfest.de\/shop\/wp-json\/wp\/v2\/product_cat?post=7032"},{"taxonomy":"product_tag","embeddable":true,"href":"https:\/\/www.ras-feuerfest.de\/shop\/wp-json\/wp\/v2\/product_tag?post=7032"}],"curies":[{"name":"wp","href":"https:\/\/api.w.org\/{rel}","templated":true}]}}