{"id":7064,"date":"2024-10-09T17:51:07","date_gmt":"2024-10-09T15:51:07","guid":{"rendered":"https:\/\/www.ras-feuerfest.de\/shop\/product\/firetex-glasfaserhaekelschnur-gfs-h-20e125-durchmesser-20-mm-125-m-spendereimer\/"},"modified":"2024-10-10T13:42:03","modified_gmt":"2024-10-10T11:42:03","slug":"firetex-glasfaserhaekelschnur-gfs-h-20e125-durchmesser-20-mm-125-m-spendereimer","status":"publish","type":"product","link":"https:\/\/www.ras-feuerfest.de\/shop\/produkt\/firetex-glasfaserhaekelschnur-gfs-h-20e125-durchmesser-20-mm-125-m-spendereimer\/","title":{"rendered":"FIRETEX Glasfaserh\u00e4kelschnur  GFS-H-20E12,5 Durchmesser 20 mm\/ 12,5 m Spendereimer"},"content":{"rendered":"<p>\n\t<font size=\"2\" style=\"font-family: Verdana; font-weight: bold;\"><span style=\"color: rgb(255, 102, 0);\">FIRETEX<\/span><\/font> G<span style=\"font-family: Verdana; color: rgb(51, 51, 51);\">lasfaserh\u00e4kelschnur ist unter anderem f\u00fcr folgende Anwendungsm\u00f6glichkeiten einsetzbar:<\/span><br style=\"font-family: Verdana; color: rgb(51, 51, 51);\" \/><br \/>\n\t<span style=\"font-family: Verdana; color: rgb(51, 51, 51);\">a<\/span><span style=\"font-style: italic; font-family: Verdana; color: rgb(51, 51, 51);\">ls Dichtungsschn\u00fcre bei Kamin\u00f6fen, Kachl\u00f6fen, Heizkessel, Rauchgas- und L\u00fcftungsklappen, als Dehnungsfuge bei Heizkassetten, usw.<\/span><br style=\"font-style: italic; font-family: Verdana; color: rgb(51, 51, 51);\" \/><br \/>\n\t<span style=\"font-style: italic; font-family: Verdana; color: rgb(51, 51, 51);\">Die Glasfaserh\u00e4kelschnur ist zus\u00e4tzlich mit Stapelglas gef\u00fcllt und ist somit noch fester; passt sich aber trotzdem allen Rundungen an.<\/span><br style=\"font-style: italic; font-family: Verdana; color: rgb(51, 51, 51);\" \/><br \/>\n\t<span style=\"font-style: italic; font-family: Verdana; color: rgb(51, 51, 51);\">Die maximale Einsatztemperatur betr\u00e4gt 550 \u00b0C.<\/span><\/p>\n<p>\n\t<font color=\"#333333\" face=\"Verdana\" size=\"2\"><span style=\"color:#f40823;\"><span style=\"font-size: 16px;\"><strong><span style=\"font-style: italic; font-family: Verdana;\">Glasfaserdichtschnur im Spendereimer&#8230;&#8230;&#8230;&#8230;Sauber und praktisch insbesondere f\u00fcr den Servicewagen.<\/span><\/strong><\/span><\/span><br style=\"font-style: italic; font-family: Verdana;\" \/><br \/>\n\t<br style=\"font-style: italic; font-family: Verdana;\" \/><br \/>\n\t<span style=\"font-style: italic; font-family: Verdana;\"><span style=\"color: rgb(51, 51, 51);\">Zum sauberen Abkleben der Schnurenden eignet sich<\/span> <\/span><span style=\"font-family: Verdana; font-weight: bold;\"><span style=\"color: rgb(255, 102, 0);\">FIRETEX-Abklebeband<\/span><\/span><br \/>\n\t<span style=\"font-style: italic; font-family: Verdana;\"><span style=\"color: rgb(51, 51, 51);\">und zum Einkleben der Sch\u00fcre empfehlen wir<\/span> <\/span><span style=\"font-family: Verdana; font-weight: bold;\"><span style=\"color: rgb(255, 102, 0);\">FIRETEX C1070<\/span><\/span><span style=\"font-style: italic; font-family: Verdana;\"> oder <\/span><span style=\"font-family: Verdana; font-weight: bold; color: rgb(255, 102, 0);\">C1090<\/span><br style=\"font-family: Verdana;\" \/><br \/>\n\t<br \/>\n\t<span style=\"font-family: Verdana; font-weight: bold; color: rgb(255, 102, 0);\"><span style=\"font-weight: bold; font-family: Verdana; text-decoration: underline; color: rgb(51, 51, 153);\"><span style=\"color: rgb(51, 51, 51);\">Inhalt: Spendereimer mit 12,5 mtr. H\u00e4kelglasschnur, weich&nbsp; \u00d8 20 mm<\/span><\/span><\/p>\n<p>\n\t<span style=\"font-family: Verdana; text-decoration: underline; font-style: italic; font-weight: bold; color: rgb(51, 51, 51);\">Farbe: wei\u00df<\/span><\/span><\/font><\/p>\n<p>FIRETEX Glasfaserh\u00e4kelschnur  GFS-H-20E12,5 Durchmesser 20 mm\/ 12,5 m Spendereimer<\/p>\n","protected":false},"excerpt":{"rendered":"<p>FIRETEX Glasfaserh\u00e4kelschnur ist unter anderem f\u00fcr folgende Anwendungsm\u00f6glichkeiten einsetzbar: als Dichtungsschn\u00fcre bei Kamin\u00f6fen, Kachl\u00f6fen, Heizkessel, Rauchgas- und L\u00fcftungsklappen, als Dehnungsfuge bei Heizkassetten, usw. Die Glasfaserh\u00e4kelschnur ist zus\u00e4tzlich mit Stapelglas gef\u00fcllt und ist somit noch fester; passt sich aber trotzdem allen Rundungen an. Die maximale Einsatztemperatur betr\u00e4gt 550 \u00b0C. Glasfaserdichtschnur im Spendereimer&#8230;&#8230;&#8230;&#8230;Sauber und praktisch insbesondere f\u00fcr [&hellip;]<\/p>\n","protected":false},"featured_media":7710,"comment_status":"closed","ping_status":"open","template":"","meta":{"_acf_changed":false},"product_safety_overall":[],"product_brand":[],"product_cat":[1806,1847,1848,1849,1854],"product_tag":[760,761,762],"class_list":{"0":"post-7064","1":"product","2":"type-product","3":"status-publish","4":"has-post-thumbnail","6":"product_cat-firetex","7":"product_cat-firetex-dichtungsschnuere-rund","8":"product_cat-glasfaser-dichtungsschnuere_rund","9":"product_cat-firetex-dichtungsschnuere-rund-glasfaser-haekelschnur-weich","10":"product_cat-firetex-dichtungsschnuere-rund-keramikfaser-spendereimer","11":"product_tag-glasfaserhaekelschnur","12":"product_tag-ofentuerdichtschnur","13":"product_tag-dichtungsschnur-glas","15":"first","16":"instock","17":"taxable","18":"shipping-taxable","19":"purchasable","20":"product-type-simple"},"acf":[],"_links":{"self":[{"href":"https:\/\/www.ras-feuerfest.de\/shop\/wp-json\/wp\/v2\/product\/7064","targetHints":{"allow":["GET"]}}],"collection":[{"href":"https:\/\/www.ras-feuerfest.de\/shop\/wp-json\/wp\/v2\/product"}],"about":[{"href":"https:\/\/www.ras-feuerfest.de\/shop\/wp-json\/wp\/v2\/types\/product"}],"replies":[{"embeddable":true,"href":"https:\/\/www.ras-feuerfest.de\/shop\/wp-json\/wp\/v2\/comments?post=7064"}],"wp:featuredmedia":[{"embeddable":true,"href":"https:\/\/www.ras-feuerfest.de\/shop\/wp-json\/wp\/v2\/media\/7710"}],"wp:attachment":[{"href":"https:\/\/www.ras-feuerfest.de\/shop\/wp-json\/wp\/v2\/media?parent=7064"}],"wp:term":[{"taxonomy":"product_safety_overall","embeddable":true,"href":"https:\/\/www.ras-feuerfest.de\/shop\/wp-json\/wp\/v2\/product_safety_overall?post=7064"},{"taxonomy":"product_brand","embeddable":true,"href":"https:\/\/www.ras-feuerfest.de\/shop\/wp-json\/wp\/v2\/product_brand?post=7064"},{"taxonomy":"product_cat","embeddable":true,"href":"https:\/\/www.ras-feuerfest.de\/shop\/wp-json\/wp\/v2\/product_cat?post=7064"},{"taxonomy":"product_tag","embeddable":true,"href":"https:\/\/www.ras-feuerfest.de\/shop\/wp-json\/wp\/v2\/product_tag?post=7064"}],"curies":[{"name":"wp","href":"https:\/\/api.w.org\/{rel}","templated":true}]}}