{"id":7068,"date":"2024-10-09T17:51:07","date_gmt":"2024-10-09T15:51:07","guid":{"rendered":"https:\/\/www.ras-feuerfest.de\/shop\/product\/firetex-glasfaserhaekelschnur-weiss-gfs-h-10b2-mit-abklebeband-durchm-10-mm-2m\/"},"modified":"2024-10-10T13:41:56","modified_gmt":"2024-10-10T11:41:56","slug":"firetex-glasfaserhaekelschnur-weiss-gfs-h-10b2-mit-abklebeband-durchm-10-mm-2m","status":"publish","type":"product","link":"https:\/\/www.ras-feuerfest.de\/shop\/produkt\/firetex-glasfaserhaekelschnur-weiss-gfs-h-10b2-mit-abklebeband-durchm-10-mm-2m\/","title":{"rendered":"FIRETEX Glasfaserh\u00e4kelschnur wei\u00df GFS-H-10B2 mit Abklebeband  Durchm: 10 mm\/ 2m"},"content":{"rendered":"<p>\n\t<font size=\"2\" style=\"font-family: Verdana; font-weight: bold;\"><span style=\"color: rgb(255, 102, 0);\">FIRETEX<\/span><\/font> G<span style=\"font-family: Verdana;\">lasfaserh\u00e4kelschnur ist unter anderem f\u00fcr folgende Anwendungsm\u00f6glichkeiten einsetzbar:<\/span><br style=\"font-family: Verdana;\" \/><br \/>\n\t<span style=\"font-family: Verdana;\">a<\/span><span style=\"font-style: italic; font-family: Verdana;\">ls Dichtungsschn\u00fcre bei Kamin\u00f6fen, Kachl\u00f6fen, Heizkessel, Rauchgas- und L\u00fcftungsklappen, als Dehnungsfuge bei Heizkassetten, usw.<\/span><br style=\"font-style: italic; font-family: Verdana;\" \/><br \/>\n\t<span style=\"font-style: italic; font-family: Verdana;\">Die Glasfaserh\u00e4kelschnur passt sich durch die elastische Beschaffenheit sehr gut an.<\/span><br style=\"font-style: italic; font-family: Verdana;\" \/><br \/>\n\t<span style=\"font-style: italic; font-family: Verdana;\">Die maximale Einsatztemperatur betr\u00e4gt 550 \u00b0C.<\/span><br style=\"font-style: italic; font-family: Verdana;\" \/><br \/>\n\t<br style=\"font-style: italic; font-family: Verdana;\" \/><br \/>\n\t<span style=\"font-style: italic; font-family: Verdana;\">In diesem Set befinden sich 2 Abklebestreifen aus Glasfaser bis 500 \u00b0C,&nbsp; welche zum sauberen Abkleben der Schnurenden geeignet sind. Zum Einkleben der Sch\u00fcre empfehlen wir <\/span><span style=\"font-family: Verdana; font-weight: bold;\"><span style=\"color: rgb(255, 102, 0);\">FIRETEX C1070<\/span><\/span><span style=\"font-style: italic; font-family: Verdana;\"> oder <\/span><span style=\"font-family: Verdana; font-weight: bold; color: rgb(255, 102, 0);\">C1090<\/span><br style=\"font-family: Verdana;\" \/><br \/>\n\t<br \/>\n\t<span style=\"font-weight: bold; font-family: Verdana; text-decoration: underline;\">Inhalt: 2 mtr. H\u00e4kelglasschnur \u00d8 10 mm <\/span><span style=\"font-weight: bold; font-family: Verdana;\"><span style=\"text-decoration: underline;\">+ 2 Abklebestreifen a 50 mm<\/span><\/span><\/p>\n<p>\t<span style=\"font-family: Verdana; text-decoration: underline; font-style: italic; font-weight: bold;\">Farbe: wei\u00df<\/span><\/p>\n<p>FIRETEX Glasfaserh\u00e4kelschnur wei\u00df GFS-H-10B2 mit Abklebeband  Durchm: 10 mm\/ 2m<\/p>\n","protected":false},"excerpt":{"rendered":"<p>FIRETEX Glasfaserh\u00e4kelschnur ist unter anderem f\u00fcr folgende Anwendungsm\u00f6glichkeiten einsetzbar: als Dichtungsschn\u00fcre bei Kamin\u00f6fen, Kachl\u00f6fen, Heizkessel, Rauchgas- und L\u00fcftungsklappen, als Dehnungsfuge bei Heizkassetten, usw. Die Glasfaserh\u00e4kelschnur passt sich durch die elastische Beschaffenheit sehr gut an. Die maximale Einsatztemperatur betr\u00e4gt 550 \u00b0C. In diesem Set befinden sich 2 Abklebestreifen aus Glasfaser bis 500 \u00b0C,&nbsp; welche zum sauberen [&hellip;]<\/p>\n","protected":false},"featured_media":7711,"comment_status":"closed","ping_status":"open","template":"","meta":{"_acf_changed":false},"product_safety_overall":[],"product_brand":[],"product_cat":[1806,1847,1848,1849,1850],"product_tag":[759,760,761],"class_list":{"0":"post-7068","1":"product","2":"type-product","3":"status-publish","4":"has-post-thumbnail","6":"product_cat-firetex","7":"product_cat-firetex-dichtungsschnuere-rund","8":"product_cat-glasfaser-dichtungsschnuere_rund","9":"product_cat-firetex-dichtungsschnuere-rund-glasfaser-haekelschnur-weich","10":"product_cat-firetex-dichtungsschnuere-rund-glasfaser-haekelschnur-weich-2-meter","11":"product_tag-dichtunsgschnur-glas","12":"product_tag-glasfaserhaekelschnur","13":"product_tag-ofentuerdichtschnur","15":"first","16":"instock","17":"taxable","18":"shipping-taxable","19":"purchasable","20":"product-type-simple"},"acf":[],"_links":{"self":[{"href":"https:\/\/www.ras-feuerfest.de\/shop\/wp-json\/wp\/v2\/product\/7068","targetHints":{"allow":["GET"]}}],"collection":[{"href":"https:\/\/www.ras-feuerfest.de\/shop\/wp-json\/wp\/v2\/product"}],"about":[{"href":"https:\/\/www.ras-feuerfest.de\/shop\/wp-json\/wp\/v2\/types\/product"}],"replies":[{"embeddable":true,"href":"https:\/\/www.ras-feuerfest.de\/shop\/wp-json\/wp\/v2\/comments?post=7068"}],"wp:featuredmedia":[{"embeddable":true,"href":"https:\/\/www.ras-feuerfest.de\/shop\/wp-json\/wp\/v2\/media\/7711"}],"wp:attachment":[{"href":"https:\/\/www.ras-feuerfest.de\/shop\/wp-json\/wp\/v2\/media?parent=7068"}],"wp:term":[{"taxonomy":"product_safety_overall","embeddable":true,"href":"https:\/\/www.ras-feuerfest.de\/shop\/wp-json\/wp\/v2\/product_safety_overall?post=7068"},{"taxonomy":"product_brand","embeddable":true,"href":"https:\/\/www.ras-feuerfest.de\/shop\/wp-json\/wp\/v2\/product_brand?post=7068"},{"taxonomy":"product_cat","embeddable":true,"href":"https:\/\/www.ras-feuerfest.de\/shop\/wp-json\/wp\/v2\/product_cat?post=7068"},{"taxonomy":"product_tag","embeddable":true,"href":"https:\/\/www.ras-feuerfest.de\/shop\/wp-json\/wp\/v2\/product_tag?post=7068"}],"curies":[{"name":"wp","href":"https:\/\/api.w.org\/{rel}","templated":true}]}}