{"id":7101,"date":"2024-10-09T17:51:31","date_gmt":"2024-10-09T15:51:31","guid":{"rendered":"https:\/\/www.ras-feuerfest.de\/shop\/product\/firetex-abklebeband-reinaluminium-100-m-50-mm\/"},"modified":"2024-10-10T23:01:08","modified_gmt":"2024-10-10T21:01:08","slug":"firetex-abklebeband-reinaluminium-100-m-50-mm","status":"publish","type":"product","link":"https:\/\/www.ras-feuerfest.de\/shop\/produkt\/firetex-abklebeband-reinaluminium-100-m-50-mm\/","title":{"rendered":"FIRETEX Abklebeband Reinaluminium 100 m\/50 mm"},"content":{"rendered":"<p>\n\t<font color=\"#333333\" face=\"Verdana\" size=\"2\"><span style=\"color: rgb(255, 102, 0);\"><font size=\"2\"><span style=\"font-family: Verdana;\"><span style=\"font-weight: bold;\">FIRETEX<\/span> Abklebeband <span style=\"color: rgb(51, 51, 51);\">ist aus Aluminium, welches sich zum zum Beispiel zum sauberen Abkleben von Aluminiumkaschierten Matten, Streifen, usw. eignet.<br \/>\n\tDie weichgegl\u00fchte Aluminiumfolie ist nicht brennbar nach DIN 4102 Klasse A2, schwer entflammbar und l\u00f6sungsmittelfrei. Die hohe Klebkraft und Hitzebest\u00e4ndigkeit (180 \u00b0 kurzzeitig) erm\u00f6glicht der stark vernetzte Reinacrylatkleber.<br \/>\n\t<br style=\"font-style: italic;\" \/><br \/>\n\t<span style=\"font-style: italic;\"><span style=\"text-decoration: underline;\">Anwendungsm\u00f6glichkeiten:<\/span> Abkleben von isolierten Rauchrohren, aluminiumkaschierten Mineralfaserd\u00e4mmstoffen, zum Isolieren gegen Hitze und K\u00e4lte, Abdichten und Ummanteln von Rohrleitungen, Heizungs- und Frischluftkan\u00e4len. usw.<\/span><br style=\"font-style: italic;\" \/><br \/>\n\t<br style=\"font-style: italic;\" \/><br \/>\n\t<span style=\"font-style: italic;\"><span style=\"text-decoration: underline;\">Temperaturbest\u00e4ndigkeit:<\/span> -60 \u00b0C bis +140 \u00b0C (dauer)<\/span><\/p>\n<p>\t<span style=\"text-decoration: underline;\">Abmessungen:<\/span>&nbsp;&nbsp; 100 <\/span><\/span><\/font><\/span><\/font><font color=\"#333333\" face=\"Verdana\" size=\"2\"><span style=\"color: rgb(255, 102, 0);\"><font size=\"2\"><span style=\"font-family: Verdana;\"><span style=\"color: rgb(51, 51, 51);\">mtr. L\u00e4nge\/ 50 mm Breite, Dicke der Aluminiumfolie 25 \u00b5<\/span><\/span><\/font><\/span><\/font><\/p>\n<p>FIRETEX Abklebeband Reinaluminium 100 m\/50 mm<\/p>\n","protected":false},"excerpt":{"rendered":"<p>FIRETEX Abklebeband ist aus Aluminium, welches sich zum zum Beispiel zum sauberen Abkleben von Aluminiumkaschierten Matten, Streifen, usw. eignet. Die weichgegl\u00fchte Aluminiumfolie ist nicht brennbar nach DIN 4102 Klasse A2, schwer entflammbar und l\u00f6sungsmittelfrei. Die hohe Klebkraft und Hitzebest\u00e4ndigkeit (180 \u00b0 kurzzeitig) erm\u00f6glicht der stark vernetzte Reinacrylatkleber. Anwendungsm\u00f6glichkeiten: Abkleben von isolierten Rauchrohren, aluminiumkaschierten Mineralfaserd\u00e4mmstoffen, zum [&hellip;]<\/p>\n","protected":false},"featured_media":7715,"comment_status":"closed","ping_status":"closed","template":"","meta":{"_acf_changed":false},"product_safety_overall":[],"product_brand":[],"product_cat":[1806,1900,1942,1952,1956],"product_tag":[764,765],"class_list":{"0":"post-7101","1":"product","2":"type-product","3":"status-publish","4":"has-post-thumbnail","6":"product_cat-firetex","7":"product_cat-isolierung-ofenrohrisolation","8":"product_cat-steine-massen-moertel","9":"product_cat-isolierung-steine_massen_moertel","10":"product_cat-ofenrohrisolation-isolierung-steine_massen_moertel","11":"product_tag-reinaluminiumselbstklebeband","12":"product_tag-aluminium-abklebeband","14":"first","15":"instock","16":"taxable","17":"shipping-taxable","18":"purchasable","19":"product-type-simple"},"acf":[],"_links":{"self":[{"href":"https:\/\/www.ras-feuerfest.de\/shop\/wp-json\/wp\/v2\/product\/7101","targetHints":{"allow":["GET"]}}],"collection":[{"href":"https:\/\/www.ras-feuerfest.de\/shop\/wp-json\/wp\/v2\/product"}],"about":[{"href":"https:\/\/www.ras-feuerfest.de\/shop\/wp-json\/wp\/v2\/types\/product"}],"replies":[{"embeddable":true,"href":"https:\/\/www.ras-feuerfest.de\/shop\/wp-json\/wp\/v2\/comments?post=7101"}],"wp:featuredmedia":[{"embeddable":true,"href":"https:\/\/www.ras-feuerfest.de\/shop\/wp-json\/wp\/v2\/media\/7715"}],"wp:attachment":[{"href":"https:\/\/www.ras-feuerfest.de\/shop\/wp-json\/wp\/v2\/media?parent=7101"}],"wp:term":[{"taxonomy":"product_safety_overall","embeddable":true,"href":"https:\/\/www.ras-feuerfest.de\/shop\/wp-json\/wp\/v2\/product_safety_overall?post=7101"},{"taxonomy":"product_brand","embeddable":true,"href":"https:\/\/www.ras-feuerfest.de\/shop\/wp-json\/wp\/v2\/product_brand?post=7101"},{"taxonomy":"product_cat","embeddable":true,"href":"https:\/\/www.ras-feuerfest.de\/shop\/wp-json\/wp\/v2\/product_cat?post=7101"},{"taxonomy":"product_tag","embeddable":true,"href":"https:\/\/www.ras-feuerfest.de\/shop\/wp-json\/wp\/v2\/product_tag?post=7101"}],"curies":[{"name":"wp","href":"https:\/\/api.w.org\/{rel}","templated":true}]}}