{"id":7133,"date":"2024-10-09T17:51:55","date_gmt":"2024-10-09T15:51:55","guid":{"rendered":"https:\/\/www.ras-feuerfest.de\/shop\/product\/firetex-glasfaserband-weiss-gfb-50x3b10-50x3-mm-10-meter\/"},"modified":"2024-10-10T13:41:31","modified_gmt":"2024-10-10T11:41:31","slug":"firetex-glasfaserband-weiss-gfb-50x3b10-50x3-mm-10-meter","status":"publish","type":"product","link":"https:\/\/www.ras-feuerfest.de\/shop\/produkt\/firetex-glasfaserband-weiss-gfb-50x3b10-50x3-mm-10-meter\/","title":{"rendered":"FIRETEX Glasfaserband wei\u00df GFB-50x3B10 \/ 50&#215;3 mm \/  10 Meter"},"content":{"rendered":"<p>\n\t<font size=\"2\" style=\"FONT-FAMILY: Verdana; FONT-WEIGHT: bold\"><span style=\"COLOR: rgb(255,102,0)\">FIRETEX<\/span><\/font> <span style=\"FONT-FAMILY: Verdana; COLOR: rgb(51,51,51)\">Glasfaserband ist unter anderem f\u00fcr folgende Anwendungsm\u00f6glichkeiten einsetzbar:<\/span><br style=\"FONT-FAMILY: Verdana; COLOR: rgb(51,51,51)\" \/><br \/>\n\t<span style=\"FONT-FAMILY: Verdana; COLOR: rgb(51,51,51)\">als Dichtungsband bei Kamin\u00f6fen, Kachl\u00f6fen, Heizkessel, Rauchgas- und L\u00fcftungsklappen, als Dehnungsfuge zwischen Metall, zum einsetzen von Kaminscheiben etc.<\/span><br style=\"FONT-FAMILY: Verdana; COLOR: rgb(51,51,51)\" \/><br \/>\n\t<span style=\"FONT-FAMILY: Verdana; COLOR: rgb(51,51,51)\">Das Glasfaserband ist geflochten.<\/span><br style=\"FONT-FAMILY: Verdana; COLOR: rgb(51,51,51)\" \/><br \/>\n\t<span style=\"FONT-FAMILY: Verdana; COLOR: rgb(51,51,51)\">Die maximale Einsatztemperatur betr\u00e4gt 550 \u00b0C.<\/span><br style=\"FONT-STYLE: italic; FONT-FAMILY: Verdana\" \/><br \/>\n\t<br style=\"FONT-STYLE: italic; FONT-FAMILY: Verdana\" \/><br \/>\n\t<br style=\"FONT-FAMILY: Verdana\" \/><br \/>\n\t<span style=\"FONT-STYLE: italic; FONT-FAMILY: Verdana\"><span style=\"FONT-STYLE: italic; FONT-FAMILY: Verdana\">Zum sauberen Abkleben der Glasfaserbandenden eignet sich <\/span><span style=\"FONT-FAMILY: Verdana; FONT-WEIGHT: bold\"><span style=\"COLOR: rgb(255,102,0)\">FIRETEX-Abklebeband<\/span><\/span><span style=\"FONT-STYLE: italic; FONT-FAMILY: Verdana\">.<\/span><br \/>\n\t<br style=\"FONT-FAMILY: Verdana\" \/><br \/>\n\t<br \/>\n\t<span style=\"FONT-FAMILY: Verdana; FONT-WEIGHT: bold; TEXT-DECORATION: underline\">Inhalt:<\/span><span style=\"FONT-FAMILY: Verdana; FONT-WEIGHT: bold\"> wiederverschlie\u00dfbare Karton mit 10 mtr. Glasfaserband wei\u00df, 50&#215;3 mm.<\/span><\/p>\n<p>\t<span style=\"FONT-FAMILY: Verdana; FONT-WEIGHT: bold\"><span style=\"FONT-STYLE: italic; FONT-FAMILY: Verdana; FONT-WEIGHT: bold; TEXT-DECORATION: underline\">Farbe: wei\u00df<\/span><\/span><\/span><\/p>\n<p>FIRETEX Glasfaserband wei\u00df GFB-50x3B10 \/ 50&#215;3 mm \/  10 Meter<\/p>\n","protected":false},"excerpt":{"rendered":"<p>FIRETEX Glasfaserband ist unter anderem f\u00fcr folgende Anwendungsm\u00f6glichkeiten einsetzbar: als Dichtungsband bei Kamin\u00f6fen, Kachl\u00f6fen, Heizkessel, Rauchgas- und L\u00fcftungsklappen, als Dehnungsfuge zwischen Metall, zum einsetzen von Kaminscheiben etc. Das Glasfaserband ist geflochten. Die maximale Einsatztemperatur betr\u00e4gt 550 \u00b0C. Zum sauberen Abkleben der Glasfaserbandenden eignet sich FIRETEX-Abklebeband. Inhalt: wiederverschlie\u00dfbare Karton mit 10 mtr. Glasfaserband wei\u00df, 50&#215;3 mm. [&hellip;]<\/p>\n","protected":false},"featured_media":7718,"comment_status":"closed","ping_status":"open","template":"","meta":{"_acf_changed":false},"product_safety_overall":[],"product_brand":[],"product_cat":[1806,1815,1816,1825,1827],"product_tag":[766],"class_list":{"0":"post-7133","1":"product","2":"type-product","3":"status-publish","4":"has-post-thumbnail","6":"product_cat-firetex","7":"product_cat-firetex-dichtungsbaender","8":"product_cat-glasfaser-dichtungsbaender","9":"product_cat-firetex-dichtungsbaender-glasfaser-weiss","10":"product_cat-10-meter","11":"product_tag-glasfaserband","13":"first","14":"instock","15":"taxable","16":"shipping-taxable","17":"purchasable","18":"product-type-simple"},"acf":[],"_links":{"self":[{"href":"https:\/\/www.ras-feuerfest.de\/shop\/wp-json\/wp\/v2\/product\/7133","targetHints":{"allow":["GET"]}}],"collection":[{"href":"https:\/\/www.ras-feuerfest.de\/shop\/wp-json\/wp\/v2\/product"}],"about":[{"href":"https:\/\/www.ras-feuerfest.de\/shop\/wp-json\/wp\/v2\/types\/product"}],"replies":[{"embeddable":true,"href":"https:\/\/www.ras-feuerfest.de\/shop\/wp-json\/wp\/v2\/comments?post=7133"}],"wp:featuredmedia":[{"embeddable":true,"href":"https:\/\/www.ras-feuerfest.de\/shop\/wp-json\/wp\/v2\/media\/7718"}],"wp:attachment":[{"href":"https:\/\/www.ras-feuerfest.de\/shop\/wp-json\/wp\/v2\/media?parent=7133"}],"wp:term":[{"taxonomy":"product_safety_overall","embeddable":true,"href":"https:\/\/www.ras-feuerfest.de\/shop\/wp-json\/wp\/v2\/product_safety_overall?post=7133"},{"taxonomy":"product_brand","embeddable":true,"href":"https:\/\/www.ras-feuerfest.de\/shop\/wp-json\/wp\/v2\/product_brand?post=7133"},{"taxonomy":"product_cat","embeddable":true,"href":"https:\/\/www.ras-feuerfest.de\/shop\/wp-json\/wp\/v2\/product_cat?post=7133"},{"taxonomy":"product_tag","embeddable":true,"href":"https:\/\/www.ras-feuerfest.de\/shop\/wp-json\/wp\/v2\/product_tag?post=7133"}],"curies":[{"name":"wp","href":"https:\/\/api.w.org\/{rel}","templated":true}]}}