{"id":7148,"date":"2024-10-09T17:51:55","date_gmt":"2024-10-09T15:51:55","guid":{"rendered":"https:\/\/www.ras-feuerfest.de\/shop\/product\/firetex-glasfaserband-weiss-gfb-skl-40x3b5-40x3mm-5-meter-selbstklebend\/"},"modified":"2024-10-10T13:41:37","modified_gmt":"2024-10-10T11:41:37","slug":"firetex-glasfaserband-weiss-gfb-skl-40x3b5-40x3mm-5-meter-selbstklebend","status":"publish","type":"product","link":"https:\/\/www.ras-feuerfest.de\/shop\/produkt\/firetex-glasfaserband-weiss-gfb-skl-40x3b5-40x3mm-5-meter-selbstklebend\/","title":{"rendered":"FIRETEX Glasfaserband wei\u00df GFB-skl-40x3B5 \/ 40x3mm\/ 5 Meter, selbstklebend"},"content":{"rendered":"<p>\n\t<font size=\"2\" style=\"font-family: Verdana; font-weight: bold;\"><span style=\"color: rgb(255, 102, 0);\">FIRETEX<\/span><\/font> <span style=\"font-family: Verdana; color: rgb(51, 51, 51);\">Glasfaserband ist unter anderem f\u00fcr folgende Anwendungsm\u00f6glichkeiten einsetzbar:<\/span><br style=\"font-family: Verdana; color: rgb(51, 51, 51);\" \/><br \/>\n\t<span style=\"font-family: Verdana; color: rgb(51, 51, 51);\">als Dichtungsband bei Kamin\u00f6fen, Kachl\u00f6fen, Heizkessel, Rauchgas- und L\u00fcftungsklappen, als Dehnungsfuge zwischen Metall, zum einsetzen von Kaminscheiben etc.<\/span><br style=\"font-family: Verdana; color: rgb(51, 51, 51);\" \/><br \/>\n\t<span style=\"font-family: Verdana; color: rgb(51, 51, 51);\">Das Glasfaserband ist geflochten.<\/span><br style=\"font-family: Verdana; color: rgb(51, 51, 51);\" \/><br \/>\n\t<span style=\"font-family: Verdana; color: rgb(51, 51, 51);\">Die maximale Einsatztemperatur betr\u00e4gt 550 \u00b0C.<\/span><br style=\"font-style: italic; font-family: Verdana;\" \/><br \/>\n\t<br style=\"font-style: italic; font-family: Verdana;\" \/><br \/>\n\t<font size=\"2\"><span style=\"font-family: Verdana; font-style: italic;\">Das Glasfaserband ist selbstklebend ausger\u00fcstet und eignet sich daher als Montagehilfe, unter anderem f\u00fcr senkrechte Anwendungen.<\/span><\/font><br \/>\n\t<br style=\"font-family: Verdana;\" \/><br \/>\n\t<span style=\"font-style: italic; font-family: Verdana;\"><span style=\"font-style: italic; font-family: Verdana;\">Zum sauberen Abkleben der Glasfaserbandenden eignet sich <\/span><span style=\"font-family: Verdana; font-weight: bold;\"><span style=\"color: rgb(255, 102, 0);\">FIRETEX-Abklebeband<\/span><\/span><span style=\"font-style: italic; font-family: Verdana;\">.<\/span><br \/>\n\t<br style=\"font-family: Verdana;\" \/><br \/>\n\t<br \/>\n\t<span style=\"font-weight: bold; font-family: Verdana; text-decoration: underline;\">Inhalt:<\/span><span style=\"font-weight: bold; font-family: Verdana;\"> wiederverschlie\u00dfbare PE-Box mit 5 mtr. Glasfaserband wei\u00df, 40&#215;3 mm.<\/span><\/p>\n<p>\t<span style=\"font-weight: bold; font-family: Verdana;\"><span style=\"font-family: Verdana; text-decoration: underline; font-style: italic; font-weight: bold;\">Farbe: wei\u00df<\/span><\/span><\/span><\/p>\n<p>FIRETEX Glasfaserband wei\u00df GFB-skl-40x3B5 \/ 40x3mm\/ 5 Meter, selbstklebend<\/p>\n","protected":false},"excerpt":{"rendered":"<p>FIRETEX Glasfaserband ist unter anderem f\u00fcr folgende Anwendungsm\u00f6glichkeiten einsetzbar: als Dichtungsband bei Kamin\u00f6fen, Kachl\u00f6fen, Heizkessel, Rauchgas- und L\u00fcftungsklappen, als Dehnungsfuge zwischen Metall, zum einsetzen von Kaminscheiben etc. Das Glasfaserband ist geflochten. Die maximale Einsatztemperatur betr\u00e4gt 550 \u00b0C. Das Glasfaserband ist selbstklebend ausger\u00fcstet und eignet sich daher als Montagehilfe, unter anderem f\u00fcr senkrechte Anwendungen. Zum sauberen [&hellip;]<\/p>\n","protected":false},"featured_media":7720,"comment_status":"closed","ping_status":"open","template":"","meta":{"_acf_changed":false},"product_safety_overall":[],"product_brand":[],"product_cat":[1806,1815,1816,1825,1829,1831],"product_tag":[766,767],"class_list":{"0":"post-7148","1":"product","2":"type-product","3":"status-publish","4":"has-post-thumbnail","6":"product_cat-firetex","7":"product_cat-firetex-dichtungsbaender","8":"product_cat-glasfaser-dichtungsbaender","9":"product_cat-firetex-dichtungsbaender-glasfaser-weiss","10":"product_cat-firetex-dichtungsbaender-glasfaser-weiss-selbstklebend","11":"product_cat-firetex-dichtungsbaender-glasfaser-weiss-selbstklebend-5-meter","12":"product_tag-glasfaserband","13":"product_tag-glasfaserband-selbstklebend","15":"first","16":"instock","17":"taxable","18":"shipping-taxable","19":"purchasable","20":"product-type-simple"},"acf":[],"_links":{"self":[{"href":"https:\/\/www.ras-feuerfest.de\/shop\/wp-json\/wp\/v2\/product\/7148","targetHints":{"allow":["GET"]}}],"collection":[{"href":"https:\/\/www.ras-feuerfest.de\/shop\/wp-json\/wp\/v2\/product"}],"about":[{"href":"https:\/\/www.ras-feuerfest.de\/shop\/wp-json\/wp\/v2\/types\/product"}],"replies":[{"embeddable":true,"href":"https:\/\/www.ras-feuerfest.de\/shop\/wp-json\/wp\/v2\/comments?post=7148"}],"wp:featuredmedia":[{"embeddable":true,"href":"https:\/\/www.ras-feuerfest.de\/shop\/wp-json\/wp\/v2\/media\/7720"}],"wp:attachment":[{"href":"https:\/\/www.ras-feuerfest.de\/shop\/wp-json\/wp\/v2\/media?parent=7148"}],"wp:term":[{"taxonomy":"product_safety_overall","embeddable":true,"href":"https:\/\/www.ras-feuerfest.de\/shop\/wp-json\/wp\/v2\/product_safety_overall?post=7148"},{"taxonomy":"product_brand","embeddable":true,"href":"https:\/\/www.ras-feuerfest.de\/shop\/wp-json\/wp\/v2\/product_brand?post=7148"},{"taxonomy":"product_cat","embeddable":true,"href":"https:\/\/www.ras-feuerfest.de\/shop\/wp-json\/wp\/v2\/product_cat?post=7148"},{"taxonomy":"product_tag","embeddable":true,"href":"https:\/\/www.ras-feuerfest.de\/shop\/wp-json\/wp\/v2\/product_tag?post=7148"}],"curies":[{"name":"wp","href":"https:\/\/api.w.org\/{rel}","templated":true}]}}