{"id":7177,"date":"2024-10-09T17:52:16","date_gmt":"2024-10-09T15:52:16","guid":{"rendered":"https:\/\/www.ras-feuerfest.de\/shop\/product\/firetex-glasfaserband-schwarz-beschichtet-gfb-sf-skl-10x3b2-10x3-mm-2-m-m-abklebeband\/"},"modified":"2024-10-10T13:41:25","modified_gmt":"2024-10-10T11:41:25","slug":"firetex-glasfaserband-schwarz-beschichtet-gfb-sf-skl-10x3b2-10x3-mm-2-m-m-abklebeband","status":"publish","type":"product","link":"https:\/\/www.ras-feuerfest.de\/shop\/produkt\/firetex-glasfaserband-schwarz-beschichtet-gfb-sf-skl-10x3b2-10x3-mm-2-m-m-abklebeband\/","title":{"rendered":"FIRETEX Glasfaserband schwarz beschichtet GFB-sf-skl-10x3B2, 10&#215;3 mm\/ 2 M m. Abklebeband"},"content":{"rendered":"<p>\n\t<font size=\"2\" style=\"FONT-WEIGHT: bold; FONT-FAMILY: Verdana\"><span style=\"COLOR: rgb(255,102,0)\">FIRETEX<\/span><\/font> <span style=\"COLOR: rgb(51,51,51); FONT-FAMILY: Verdana\">Glasfaserband ist unter anderem f\u00fcr folgende Anwendungsm\u00f6glichkeiten einsetzbar:<\/span><br style=\"COLOR: rgb(51,51,51); FONT-FAMILY: Verdana\" \/><br \/>\n\t<span style=\"COLOR: rgb(51,51,51); FONT-FAMILY: Verdana\">als Dichtungsband bei Kamin\u00f6fen, Kachl\u00f6fen, Heizkessel, Rauchgas- und L\u00fcftungsklappen, als Dehnungsfuge zwischen Metall, zum einsetzen von Kaminscheiben etc.<\/span><br style=\"COLOR: rgb(51,51,51); FONT-FAMILY: Verdana\" \/><br \/>\n\t<span style=\"COLOR: rgb(51,51,51); FONT-FAMILY: Verdana\">Das Glasfaserband ist geflochten.<\/span><br style=\"COLOR: rgb(51,51,51); FONT-FAMILY: Verdana\" \/><br \/>\n\t<span style=\"COLOR: rgb(51,51,51); FONT-FAMILY: Verdana\">Die maximale Einsatztemperatur betr\u00e4gt 550 \u00b0C.<\/span><br style=\"FONT-STYLE: italic; FONT-FAMILY: Verdana\" \/><br \/>\n\t<br style=\"FONT-STYLE: italic; FONT-FAMILY: Verdana\" \/><br \/>\n\t<font size=\"2\"><span style=\"FONT-STYLE: italic; FONT-FAMILY: Verdana\">Das Glasfaserband ist selbstklebend ausger\u00fcstet und eignet sich daher als Montagehilfe, unter anderem f\u00fcr senkrechte Anwendungen.<\/span><\/font><br \/>\n\t<br style=\"FONT-FAMILY: Verdana\" \/><br \/>\n\t<span style=\"FONT-STYLE: italic; FONT-FAMILY: Verdana\"><span style=\"FONT-STYLE: italic; FONT-FAMILY: Verdana\">Zum sauberen Abkleben der Glasfaserbandenden zwei <\/span><span style=\"FONT-WEIGHT: bold; FONT-FAMILY: Verdana\"><span style=\"COLOR: rgb(255,102,0)\">FIRETEX-Abklebeb\u00e4nder<\/span><\/span><br \/>\n\t<br style=\"FONT-FAMILY: Verdana\" \/><br \/>\n\t<br \/>\n\t<span style=\"FONT-WEIGHT: bold; FONT-FAMILY: Verdana; TEXT-DECORATION: underline\">Inhalt:<\/span><span style=\"FONT-WEIGHT: bold; FONT-FAMILY: Verdana\"> wiederverschlie\u00dfbare PE-Box mit 2mtr. Glasfaserband wei\u00df, 10&#215;3 mm + Abklebeband<\/span><\/span><\/p>\n<p>\t<span style=\"FONT-FAMILY: Verdana\"><span style=\"FONT-WEIGHT: bold; FONT-FAMILY: Verdana\"><span style=\"FONT-WEIGHT: bold; FONT-FAMILY: Verdana; TEXT-DECORATION: underline\">Farbe:<\/span><span style=\"FONT-WEIGHT: bold; FONT-FAMILY: Verdana\"> schwarz beschichtet<\/span><\/span><\/span><\/p>\n<p>FIRETEX Glasfaserband schwarz beschichtet GFB-sf-skl-10x3B2, 10&#215;3 mm\/ 2 M m. Abklebeband<\/p>\n","protected":false},"excerpt":{"rendered":"<p>FIRETEX Glasfaserband ist unter anderem f\u00fcr folgende Anwendungsm\u00f6glichkeiten einsetzbar: als Dichtungsband bei Kamin\u00f6fen, Kachl\u00f6fen, Heizkessel, Rauchgas- und L\u00fcftungsklappen, als Dehnungsfuge zwischen Metall, zum einsetzen von Kaminscheiben etc. Das Glasfaserband ist geflochten. Die maximale Einsatztemperatur betr\u00e4gt 550 \u00b0C. Das Glasfaserband ist selbstklebend ausger\u00fcstet und eignet sich daher als Montagehilfe, unter anderem f\u00fcr senkrechte Anwendungen. Zum sauberen [&hellip;]<\/p>\n","protected":false},"featured_media":7726,"comment_status":"closed","ping_status":"open","template":"","meta":{"_acf_changed":false},"product_safety_overall":[],"product_brand":[],"product_cat":[1806,1815,1816,1821,1822],"product_tag":[766,768],"class_list":{"0":"post-7177","1":"product","2":"type-product","3":"status-publish","4":"has-post-thumbnail","6":"product_cat-firetex","7":"product_cat-firetex-dichtungsbaender","8":"product_cat-glasfaser-dichtungsbaender","9":"product_cat-firetex-dichtungsbaender-glasfaser-schwarz","10":"product_cat-firetex-dichtungsbaender-glasfaser-schwarz-2-meter","11":"product_tag-glasfaserband","12":"product_tag-glasfaserband-selbstklebend-gravitiert","14":"first","15":"instock","16":"taxable","17":"shipping-taxable","18":"purchasable","19":"product-type-simple"},"acf":[],"_links":{"self":[{"href":"https:\/\/www.ras-feuerfest.de\/shop\/wp-json\/wp\/v2\/product\/7177","targetHints":{"allow":["GET"]}}],"collection":[{"href":"https:\/\/www.ras-feuerfest.de\/shop\/wp-json\/wp\/v2\/product"}],"about":[{"href":"https:\/\/www.ras-feuerfest.de\/shop\/wp-json\/wp\/v2\/types\/product"}],"replies":[{"embeddable":true,"href":"https:\/\/www.ras-feuerfest.de\/shop\/wp-json\/wp\/v2\/comments?post=7177"}],"wp:featuredmedia":[{"embeddable":true,"href":"https:\/\/www.ras-feuerfest.de\/shop\/wp-json\/wp\/v2\/media\/7726"}],"wp:attachment":[{"href":"https:\/\/www.ras-feuerfest.de\/shop\/wp-json\/wp\/v2\/media?parent=7177"}],"wp:term":[{"taxonomy":"product_safety_overall","embeddable":true,"href":"https:\/\/www.ras-feuerfest.de\/shop\/wp-json\/wp\/v2\/product_safety_overall?post=7177"},{"taxonomy":"product_brand","embeddable":true,"href":"https:\/\/www.ras-feuerfest.de\/shop\/wp-json\/wp\/v2\/product_brand?post=7177"},{"taxonomy":"product_cat","embeddable":true,"href":"https:\/\/www.ras-feuerfest.de\/shop\/wp-json\/wp\/v2\/product_cat?post=7177"},{"taxonomy":"product_tag","embeddable":true,"href":"https:\/\/www.ras-feuerfest.de\/shop\/wp-json\/wp\/v2\/product_tag?post=7177"}],"curies":[{"name":"wp","href":"https:\/\/api.w.org\/{rel}","templated":true}]}}