{"id":7208,"date":"2024-10-09T17:52:27","date_gmt":"2024-10-09T15:52:27","guid":{"rendered":"https:\/\/www.ras-feuerfest.de\/shop\/product\/firetex-glasfaserpackung-gfpskls12x06b5-abmess-12x6-mm-5-meter-laenge-selbstklebend\/"},"modified":"2024-10-10T15:01:49","modified_gmt":"2024-10-10T13:01:49","slug":"firetex-glasfaserpackung-gfpskls12x06b5-abmess-12x6-mm-5-meter-laenge-selbstklebend","status":"publish","type":"product","link":"https:\/\/www.ras-feuerfest.de\/shop\/produkt\/firetex-glasfaserpackung-gfpskls12x06b5-abmess-12x6-mm-5-meter-laenge-selbstklebend\/","title":{"rendered":"FIRETEX Glasfaserpackung GFPskls12x06B5 \/ Abmess. 12&#215;6 mm\/ 5 Meter L\u00e4nge selbstklebend"},"content":{"rendered":"<p>\n\t<font size=\"2\" style=\"FONT-WEIGHT: bold; FONT-FAMILY: Verdana\"><span style=\"COLOR: rgb(255,102,0)\">FIRETEX<\/span><\/font> G<span style=\"COLOR: rgb(51,51,51); FONT-FAMILY: Verdana\">lasfaserpackungen&nbsp;sind unter anderem f\u00fcr folgende Anwendungsm\u00f6glichkeiten einsetzbar:<\/span><br style=\"COLOR: rgb(51,51,51); FONT-FAMILY: Verdana\" \/><br \/>\n\t<span style=\"COLOR: rgb(51,51,51); FONT-FAMILY: Verdana\">a<\/span><span style=\"COLOR: rgb(51,51,51); FONT-STYLE: italic; FONT-FAMILY: Verdana\">ls Dichtungsschn\u00fcre bei Kamin\u00f6fen, Kachl\u00f6fen, Heizkessel, Rauchgas- und L\u00fcftungsklappen, als Dehnungsfuge bei Heizkassetten, usw.<\/span><br style=\"COLOR: rgb(51,51,51); FONT-STYLE: italic; FONT-FAMILY: Verdana\" \/><br \/>\n\t<span style=\"COLOR: rgb(51,51,51); FONT-STYLE: italic; FONT-FAMILY: Verdana\">Die Packungen sind quadratisch und fest<br \/>\n\tDie maximale Einsatztemperatur betr\u00e4gt 550 \u00b0C.<\/span><\/p>\n<p>\n\t<span style=\"color:#ff003a;\"><u><em><span style=\"font-size: 14px;\">Selbstklebend ausger\u00fcstet (nur als Montagehilfe!)<\/span><\/em><\/u><\/span><br style=\"FONT-STYLE: italic; FONT-FAMILY: Verdana\" \/><br \/>\n\t<br style=\"FONT-STYLE: italic; FONT-FAMILY: Verdana\" \/><br \/>\n\t<span style=\"FONT-STYLE: italic; FONT-FAMILY: Verdana\"><span style=\"COLOR: rgb(51,51,51)\">Zum sauberen Abkleben der Enden eignet sich<\/span> <\/span><span style=\"FONT-WEIGHT: bold; FONT-FAMILY: Verdana\"><span style=\"COLOR: rgb(255,102,0)\">FIRETEX-Abklebeband<\/span><\/span><br \/>\n\t<span style=\"FONT-STYLE: italic; FONT-FAMILY: Verdana\"><span style=\"COLOR: rgb(51,51,51)\">und zum Einkleben der&nbsp;Packungen empfehlen wir<\/span> <\/span><span style=\"FONT-WEIGHT: bold; FONT-FAMILY: Verdana\"><span style=\"COLOR: rgb(255,102,0)\">FIRETEX C1070<\/span><\/span><span style=\"FONT-STYLE: italic; FONT-FAMILY: Verdana\"> oder <\/span><span style=\"FONT-WEIGHT: bold; COLOR: rgb(255,102,0); FONT-FAMILY: Verdana\">C1090<\/span><br style=\"FONT-FAMILY: Verdana\" \/><br \/>\n\t<br \/>\n\t<span style=\"FONT-WEIGHT: bold; COLOR: rgb(255,102,0); FONT-FAMILY: Verdana\"><span style=\"FONT-WEIGHT: bold; COLOR: rgb(51,51,153); FONT-FAMILY: Verdana; TEXT-DECORATION: underline\"><span style=\"COLOR: rgb(51,51,51)\">Inhalt: wiederverschlie\u00dfbare Box mit 5 mtr. Packung 12&#215;6 mm<\/span> <\/span><\/p>\n<p>\t<span style=\"FONT-WEIGHT: bold; COLOR: rgb(51,51,51); FONT-STYLE: italic; FONT-FAMILY: Verdana; TEXT-DECORATION: underline\">Farbe: wei\u00df<\/span><\/span><\/p>\n<p>FIRETEX Glasfaserpackung GFPskls12x06B5 \/ Abmess. 12&#215;6 mm\/ 5 Meter L\u00e4nge selbstklebend<\/p>\n","protected":false},"excerpt":{"rendered":"<p>FIRETEX Glasfaserpackungen&nbsp;sind unter anderem f\u00fcr folgende Anwendungsm\u00f6glichkeiten einsetzbar: als Dichtungsschn\u00fcre bei Kamin\u00f6fen, Kachl\u00f6fen, Heizkessel, Rauchgas- und L\u00fcftungsklappen, als Dehnungsfuge bei Heizkassetten, usw. Die Packungen sind quadratisch und fest Die maximale Einsatztemperatur betr\u00e4gt 550 \u00b0C. Selbstklebend ausger\u00fcstet (nur als Montagehilfe!) Zum sauberen Abkleben der Enden eignet sich FIRETEX-Abklebeband und zum Einkleben der&nbsp;Packungen empfehlen wir FIRETEX C1070 [&hellip;]<\/p>\n","protected":false},"featured_media":0,"comment_status":"closed","ping_status":"closed","template":"","meta":{"_acf_changed":false},"product_safety_overall":[],"product_brand":[],"product_cat":[1806,1815,1816,1825,1829,1831,1836,1837,1838],"product_tag":[769,770,771],"class_list":{"0":"post-7208","1":"product","2":"type-product","3":"status-publish","5":"product_cat-firetex","6":"product_cat-firetex-dichtungsbaender","7":"product_cat-glasfaser-dichtungsbaender","8":"product_cat-firetex-dichtungsbaender-glasfaser-weiss","9":"product_cat-firetex-dichtungsbaender-glasfaser-weiss-selbstklebend","10":"product_cat-firetex-dichtungsbaender-glasfaser-weiss-selbstklebend-5-meter","11":"product_cat-firetex-dichtungspackungen-eckig","12":"product_cat-firetex-dichtungspackungen-eckig-glasfaserpackung-eckig","13":"product_cat-firetex-dichtungspackungen-eckig-glasfaserpackung-eckig-5-meter","14":"product_tag-packungen","15":"product_tag-glasfaserpackung","16":"product_tag-vierkantpackungen","18":"first","19":"instock","20":"taxable","21":"shipping-taxable","22":"purchasable","23":"product-type-simple"},"acf":[],"_links":{"self":[{"href":"https:\/\/www.ras-feuerfest.de\/shop\/wp-json\/wp\/v2\/product\/7208","targetHints":{"allow":["GET"]}}],"collection":[{"href":"https:\/\/www.ras-feuerfest.de\/shop\/wp-json\/wp\/v2\/product"}],"about":[{"href":"https:\/\/www.ras-feuerfest.de\/shop\/wp-json\/wp\/v2\/types\/product"}],"replies":[{"embeddable":true,"href":"https:\/\/www.ras-feuerfest.de\/shop\/wp-json\/wp\/v2\/comments?post=7208"}],"wp:attachment":[{"href":"https:\/\/www.ras-feuerfest.de\/shop\/wp-json\/wp\/v2\/media?parent=7208"}],"wp:term":[{"taxonomy":"product_safety_overall","embeddable":true,"href":"https:\/\/www.ras-feuerfest.de\/shop\/wp-json\/wp\/v2\/product_safety_overall?post=7208"},{"taxonomy":"product_brand","embeddable":true,"href":"https:\/\/www.ras-feuerfest.de\/shop\/wp-json\/wp\/v2\/product_brand?post=7208"},{"taxonomy":"product_cat","embeddable":true,"href":"https:\/\/www.ras-feuerfest.de\/shop\/wp-json\/wp\/v2\/product_cat?post=7208"},{"taxonomy":"product_tag","embeddable":true,"href":"https:\/\/www.ras-feuerfest.de\/shop\/wp-json\/wp\/v2\/product_tag?post=7208"}],"curies":[{"name":"wp","href":"https:\/\/api.w.org\/{rel}","templated":true}]}}