{"id":7231,"date":"2024-10-09T17:52:37","date_gmt":"2024-10-09T15:52:37","guid":{"rendered":"https:\/\/www.ras-feuerfest.de\/shop\/product\/firetex-keramikfaserrundpackung-geflochten-fsp-in-08e25-durchmesser-8-mm-25-m-laenge-spendereimer\/"},"modified":"2024-10-10T13:42:17","modified_gmt":"2024-10-10T11:42:17","slug":"firetex-keramikfaserrundpackung-geflochten-fsp-in-08e25-durchmesser-8-mm-25-m-laenge-spendereimer","status":"publish","type":"product","link":"https:\/\/www.ras-feuerfest.de\/shop\/produkt\/firetex-keramikfaserrundpackung-geflochten-fsp-in-08e25-durchmesser-8-mm-25-m-laenge-spendereimer\/","title":{"rendered":"FIRETEX Keramikfaserrundpackung, geflochten FSP-IN-08E25  Durchmesser 8 mm\/ 25 m L\u00e4nge\/Spendereimer"},"content":{"rendered":"<p>\n\t<font color=\"#333333\" face=\"Verdana\" size=\"2\"><strong><font color=\"#0000ff\">FIRETEX<\/font>&nbsp;<\/strong><\/font>&nbsp;<font face=\"Verdana\"><strong><u><font color=\"#0000ff\">Keramikfaser<\/font><\/u><\/strong><span style=\"FONT-FAMILY: Verdana\"><strong><u><font color=\"#0000ff\">packung RUND&nbsp;<\/font><\/u><\/strong> ist eine <strong><u><font color=\"#808080\">geflochtene Schnur mit einer&nbsp;Edelstahl Verst\u00e4rkung <\/font><\/u><\/strong><\/span><\/font><\/p>\n<p>\n\tFire-String-Pack<br \/>\n\tCeram- Rund-Packung, Keramikfaser<br \/>\n\tInconell verst\u00e4rkt,<\/p>\n<p>\n\t<font color=\"#333333\" face=\"Verdana\" size=\"2\"><span style=\"FONT-FAMILY: Verdana\"><u>Anwendungsm\u00f6glichkeiten:<\/u><\/span><br style=\"FONT-FAMILY: Verdana\" \/><br \/>\n\t<span style=\"FONT-FAMILY: Verdana\">a<\/span><span style=\"FONT-STYLE: italic; FONT-FAMILY: Verdana\">ls Dichtungsschn\u00fcre bei Kamin\u00f6fen, Kachl\u00f6fen, Heizkessel, Rauchgas- und L\u00fcftungsklappen, als Dehnungsfuge bei Heizkassetten, Ofen- und Anlagenbau, Dehnungsfugen im Hochtemperaturbereich usw.<\/span><br style=\"FONT-STYLE: italic; FONT-FAMILY: Verdana\" \/><br \/>\n\t<span style=\"FONT-STYLE: italic; FONT-FAMILY: Verdana\">Die Glasfaserh\u00e4kelschnur passt sich durch die elastische Beschaffenheit sehr gut an.<\/span><br style=\"FONT-STYLE: italic; FONT-FAMILY: Verdana\" \/><br \/>\n\t<span style=\"FONT-STYLE: italic; FONT-FAMILY: Verdana\">Die maximale Einsatztemperatur betr\u00e4gt&nbsp;1260 \u00b0C.<\/span><br style=\"FONT-STYLE: italic; FONT-FAMILY: Verdana\" \/><br \/>\n\t<span style=\"FONT-STYLE: italic; FONT-FAMILY: Verdana\">Zum Einkleben der Sch\u00fcre empfehlen wir <\/span><span style=\"FONT-FAMILY: Verdana; FONT-WEIGHT: bold\"><span style=\"COLOR: rgb(255,102,0)\">FIRETEX FCA1500<\/span><\/span><\/font><\/p>\n<p>\n\t<font color=\"#333333\" face=\"Verdana\" size=\"2\"><span style=\"color:#f40823;\"><span style=\"font-size: 16px;\"><strong><span style=\"font-style: italic; font-family: Verdana;\">Glasfaserdichtschnur im Spendereimer&#8230;&#8230;&#8230;&#8230;Sauber und praktisch insbesondere f\u00fcr den Servicewagen.<\/span><\/strong><\/span><\/span><br style=\"font-style: italic; font-family: Verdana;\" \/><br \/>\n\t<br style=\"font-family: Verdana;\" \/><br \/>\n\t<br \/>\n\t<span style=\"font-family: Verdana; font-weight: bold; color: rgb(255, 102, 0);\"><span style=\"font-weight: bold; font-family: Verdana; text-decoration: underline; color: rgb(51, 51, 153);\"><span style=\"color: rgb(51, 51, 51);\">Inhalt: Spendereimer mit 25 mtr. H\u00e4kelglasschnur, gef\u00fcllt&nbsp; \u00d8 8 mm<\/span><\/span><\/span><\/font><\/p>\n<p>\n\t&nbsp;<\/p>\n<p>\n\t<br \/>\n\t<font color=\"#333333\" face=\"Verdana\" size=\"2\"><span style=\"FONT-STYLE: italic; FONT-FAMILY: Verdana; FONT-WEIGHT: bold; TEXT-DECORATION: underline\">Farbe der Schnur: grau<\/span><\/font><\/p>\n<p>FIRETEX Keramikfaserrundpackung, geflochten FSP-IN-08E25  Durchmesser 8 mm\/ 25 m L\u00e4nge\/Spendereimer<\/p>\n","protected":false},"excerpt":{"rendered":"<p>FIRETEX&nbsp;&nbsp;Keramikfaserpackung RUND&nbsp; ist eine geflochtene Schnur mit einer&nbsp;Edelstahl Verst\u00e4rkung Fire-String-Pack Ceram- Rund-Packung, Keramikfaser Inconell verst\u00e4rkt, Anwendungsm\u00f6glichkeiten: als Dichtungsschn\u00fcre bei Kamin\u00f6fen, Kachl\u00f6fen, Heizkessel, Rauchgas- und L\u00fcftungsklappen, als Dehnungsfuge bei Heizkassetten, Ofen- und Anlagenbau, Dehnungsfugen im Hochtemperaturbereich usw. Die Glasfaserh\u00e4kelschnur passt sich durch die elastische Beschaffenheit sehr gut an. Die maximale Einsatztemperatur betr\u00e4gt&nbsp;1260 \u00b0C. Zum Einkleben der [&hellip;]<\/p>\n","protected":false},"featured_media":0,"comment_status":"closed","ping_status":"open","template":"","meta":{"_acf_changed":false},"product_safety_overall":[],"product_brand":[],"product_cat":[1806,1847,1864,1867],"product_tag":[759,760,761,774,775],"class_list":{"0":"post-7231","1":"product","2":"type-product","3":"status-publish","5":"product_cat-firetex","6":"product_cat-firetex-dichtungsschnuere-rund","7":"product_cat-keramikfaser-dichtungsschnuere_rund","8":"product_cat-spendereimer-keramikfaser-dichtungsschnuere_rund","9":"product_tag-dichtunsgschnur-glas","10":"product_tag-glasfaserhaekelschnur","11":"product_tag-ofentuerdichtschnur","12":"product_tag-kermikfaserrundpackung","13":"product_tag-keramikfaserschnur","15":"first","16":"instock","17":"taxable","18":"shipping-taxable","19":"purchasable","20":"product-type-simple"},"acf":[],"_links":{"self":[{"href":"https:\/\/www.ras-feuerfest.de\/shop\/wp-json\/wp\/v2\/product\/7231","targetHints":{"allow":["GET"]}}],"collection":[{"href":"https:\/\/www.ras-feuerfest.de\/shop\/wp-json\/wp\/v2\/product"}],"about":[{"href":"https:\/\/www.ras-feuerfest.de\/shop\/wp-json\/wp\/v2\/types\/product"}],"replies":[{"embeddable":true,"href":"https:\/\/www.ras-feuerfest.de\/shop\/wp-json\/wp\/v2\/comments?post=7231"}],"wp:attachment":[{"href":"https:\/\/www.ras-feuerfest.de\/shop\/wp-json\/wp\/v2\/media?parent=7231"}],"wp:term":[{"taxonomy":"product_safety_overall","embeddable":true,"href":"https:\/\/www.ras-feuerfest.de\/shop\/wp-json\/wp\/v2\/product_safety_overall?post=7231"},{"taxonomy":"product_brand","embeddable":true,"href":"https:\/\/www.ras-feuerfest.de\/shop\/wp-json\/wp\/v2\/product_brand?post=7231"},{"taxonomy":"product_cat","embeddable":true,"href":"https:\/\/www.ras-feuerfest.de\/shop\/wp-json\/wp\/v2\/product_cat?post=7231"},{"taxonomy":"product_tag","embeddable":true,"href":"https:\/\/www.ras-feuerfest.de\/shop\/wp-json\/wp\/v2\/product_tag?post=7231"}],"curies":[{"name":"wp","href":"https:\/\/api.w.org\/{rel}","templated":true}]}}