{"id":7254,"date":"2024-10-09T17:52:46","date_gmt":"2024-10-09T15:52:46","guid":{"rendered":"https:\/\/www.ras-feuerfest.de\/shop\/product\/firetex-keramifaserpackung-inconell-vers-fcp1200-ssw12x12b5-12x12-mm-5-meter\/"},"modified":"2024-10-10T13:41:49","modified_gmt":"2024-10-10T11:41:49","slug":"firetex-keramifaserpackung-inconell-vers-fcp1200-ssw12x12b5-12x12-mm-5-meter","status":"publish","type":"product","link":"https:\/\/www.ras-feuerfest.de\/shop\/produkt\/firetex-keramifaserpackung-inconell-vers-fcp1200-ssw12x12b5-12x12-mm-5-meter\/","title":{"rendered":"FIRETEX Keramifaserpackung\/Inconell vers. FCP1200-ssw12x12B5  12&#215;12 mm\/ 5 Meter"},"content":{"rendered":"<p>\n\t<font color=\"#333333\" face=\"Verdana\" size=\"2\"><span style=\"font-size: large;\"><span style=\"color: rgb(0, 0, 255);\"><font style=\"FONT-WEIGHT: bold; FONT-FAMILY: Verdana\">FIRETEX<\/font><\/span><\/span> <span style=\"font-size: medium;\"><span style=\"font-style: italic;\">Keramikfaser<span style=\"COLOR: rgb(51,51,51); FONT-FAMILY: Verdana\">packungen&nbsp;sind unter anderem f\u00fcr folgende Anwendungsm\u00f6glichkeiten einsetzbar:<\/span><br style=\"COLOR: rgb(51,51,51); FONT-FAMILY: Verdana\" \/><br \/>\n\t<span style=\"COLOR: rgb(51,51,51); FONT-FAMILY: Verdana\">a<\/span><span style=\"color: rgb(51, 51, 51); font-family: Verdana;\">ls Dichtungsschn\u00fcre bei Heiz-und Dampfkessel Anlagen, \u00d6l- und Gas-Heizkessel, Hozvergaserkesssel, Rauchgas- und L\u00fcftungsklappen, als Dehnungsfuge bei Heizkassetten, usw.<\/span><\/span><\/span><\/font><\/p>\n<p>\n\t<br style=\"COLOR: rgb(51,51,51); FONT-STYLE: italic; FONT-FAMILY: Verdana\" \/><br \/>\n\t<font color=\"#333333\" face=\"Verdana\" size=\"2\"><span style=\"font-size: medium;\"><span style=\"color: rgb(51, 51, 51); font-family: Verdana;\">Die Packungen sind quadratisch durchgeflochten und sind Stainless-Steel wire (Edelstahl) verst\u00e4rkt.<br \/>\n\tDie maximale Einsatztemperatur betr\u00e4gt <span style=\"text-decoration: underline;\"><span style=\"font-weight: bold;\"><span style=\"color: rgb(255, 0, 0);\">1200 \u00b0C.<\/span><\/span><\/span><\/span><\/span><br style=\"FONT-FAMILY: Verdana\" \/><br \/>\n\t<br \/>\n\t<span style=\"FONT-WEIGHT: bold; COLOR: rgb(255,102,0); FONT-FAMILY: Verdana\"><span style=\"FONT-WEIGHT: bold; COLOR: rgb(51,51,153); FONT-FAMILY: Verdana; TEXT-DECORATION: underline\"><span style=\"COLOR: rgb(51,51,51)\">Inhalt: wiederverschlie\u00dfbare Box mit 5 mtr. Packung 12&#215;12 mm<\/span> <\/span><\/p>\n<p>\t<span style=\"FONT-WEIGHT: bold; COLOR: rgb(51,51,51); FONT-STYLE: italic; FONT-FAMILY: Verdana; TEXT-DECORATION: underline\">Farbe: hellgrau<\/span><\/span><\/font><\/p>\n<p>FIRETEX Keramifaserpackung\/Inconell vers. FCP1200-ssw12x12B5  12&#215;12 mm\/ 5 Meter<\/p>\n","protected":false},"excerpt":{"rendered":"<p>FIRETEX Keramikfaserpackungen&nbsp;sind unter anderem f\u00fcr folgende Anwendungsm\u00f6glichkeiten einsetzbar: als Dichtungsschn\u00fcre bei Heiz-und Dampfkessel Anlagen, \u00d6l- und Gas-Heizkessel, Hozvergaserkesssel, Rauchgas- und L\u00fcftungsklappen, als Dehnungsfuge bei Heizkassetten, usw. Die Packungen sind quadratisch durchgeflochten und sind Stainless-Steel wire (Edelstahl) verst\u00e4rkt. Die maximale Einsatztemperatur betr\u00e4gt 1200 \u00b0C. Inhalt: wiederverschlie\u00dfbare Box mit 5 mtr. Packung 12&#215;12 mm Farbe: hellgrau FIRETEX [&hellip;]<\/p>\n","protected":false},"featured_media":7731,"comment_status":"closed","ping_status":"open","template":"","meta":{"_acf_changed":false},"product_safety_overall":[],"product_brand":[],"product_cat":[1806,1836,1841,1842],"product_tag":[772,773],"class_list":{"0":"post-7254","1":"product","2":"type-product","3":"status-publish","4":"has-post-thumbnail","6":"product_cat-firetex","7":"product_cat-firetex-dichtungspackungen-eckig","8":"product_cat-firetex-dichtungspackungen-eckig-keramikfaser-eckig","9":"product_cat-firetex-dichtungspackungen-eckig-keramikfaser-eckig-5-meter","10":"product_tag-keramikfaserpackungen-packungen","11":"product_tag-vierkant-packungen","13":"first","14":"instock","15":"taxable","16":"shipping-taxable","17":"purchasable","18":"product-type-simple"},"acf":[],"_links":{"self":[{"href":"https:\/\/www.ras-feuerfest.de\/shop\/wp-json\/wp\/v2\/product\/7254","targetHints":{"allow":["GET"]}}],"collection":[{"href":"https:\/\/www.ras-feuerfest.de\/shop\/wp-json\/wp\/v2\/product"}],"about":[{"href":"https:\/\/www.ras-feuerfest.de\/shop\/wp-json\/wp\/v2\/types\/product"}],"replies":[{"embeddable":true,"href":"https:\/\/www.ras-feuerfest.de\/shop\/wp-json\/wp\/v2\/comments?post=7254"}],"wp:featuredmedia":[{"embeddable":true,"href":"https:\/\/www.ras-feuerfest.de\/shop\/wp-json\/wp\/v2\/media\/7731"}],"wp:attachment":[{"href":"https:\/\/www.ras-feuerfest.de\/shop\/wp-json\/wp\/v2\/media?parent=7254"}],"wp:term":[{"taxonomy":"product_safety_overall","embeddable":true,"href":"https:\/\/www.ras-feuerfest.de\/shop\/wp-json\/wp\/v2\/product_safety_overall?post=7254"},{"taxonomy":"product_brand","embeddable":true,"href":"https:\/\/www.ras-feuerfest.de\/shop\/wp-json\/wp\/v2\/product_brand?post=7254"},{"taxonomy":"product_cat","embeddable":true,"href":"https:\/\/www.ras-feuerfest.de\/shop\/wp-json\/wp\/v2\/product_cat?post=7254"},{"taxonomy":"product_tag","embeddable":true,"href":"https:\/\/www.ras-feuerfest.de\/shop\/wp-json\/wp\/v2\/product_tag?post=7254"}],"curies":[{"name":"wp","href":"https:\/\/api.w.org\/{rel}","templated":true}]}}