{"id":7267,"date":"2024-10-09T17:53:04","date_gmt":"2024-10-09T15:53:04","guid":{"rendered":"https:\/\/www.ras-feuerfest.de\/shop\/product\/firetex-hochtemperatur-glasfaserschnur-htfs-g-in-ms-10b5-durchmesser-10-mm-5-meter\/"},"modified":"2024-10-10T13:42:10","modified_gmt":"2024-10-10T11:42:10","slug":"firetex-hochtemperatur-glasfaserschnur-htfs-g-in-ms-10b5-durchmesser-10-mm-5-meter","status":"publish","type":"product","link":"https:\/\/www.ras-feuerfest.de\/shop\/produkt\/firetex-hochtemperatur-glasfaserschnur-htfs-g-in-ms-10b5-durchmesser-10-mm-5-meter\/","title":{"rendered":"FIRETEX Hochtemperatur-Glasfaserschnur HTFS-g-IN-Ms-10B5 Durchmesser 10 mm\/ 5 Meter"},"content":{"rendered":"<p>\n\t<strong><font color=\"#339966\" face=\"Verdana\" size=\"2\">FIRETEX <\/font><\/strong>&nbsp;Hochtemperatur-G<span style=\"FONT-FAMILY: Verdana\">lasfaser<\/span><span style=\"FONT-FAMILY: Verdana\">schnur ist eine <strong><u><font color=\"#808080\">gedrehte Schnur mit einer&nbsp;Edelstahl Verst\u00e4rkung und einer Messingumkl\u00f6pelung.<\/font><\/u><\/strong><\/span><span style=\"FONT-FAMILY: Verdana\"><strong><u><font color=\"#808080\">&nbsp;<\/font><\/u><\/strong><\/span><br \/>\n\t<span style=\"FONT-FAMILY: Verdana\">Folgende Anwendungsm\u00f6glichkeiten\u00f6:<\/span><br style=\"FONT-FAMILY: Verdana\" \/><br \/>\n\t<span style=\"FONT-FAMILY: Verdana\">a<\/span><span style=\"FONT-STYLE: italic; FONT-FAMILY: Verdana\">ls Dichtungsschn\u00fcre bei Kamin\u00f6fen, Kachl\u00f6fen, Heizkessel, Rauchgas- und L\u00fcftungsklappen, als Dehnungsfuge bei Heizkassetten, Ofen- und Anlagenbau, Dehnungsfugen im Hochtemperaturbereich usw.<\/span><br style=\"FONT-STYLE: italic; FONT-FAMILY: Verdana\" \/><br \/>\n\t<span style=\"FONT-STYLE: italic; FONT-FAMILY: Verdana\">Die Glasfaserh\u00e4kelschnur passt sich durch die elastische Beschaffenheit sehr gut an.<\/span><br style=\"FONT-STYLE: italic; FONT-FAMILY: Verdana\" \/><br \/>\n\t<span style=\"FONT-STYLE: italic; FONT-FAMILY: Verdana\">Die maximale Einsatztemperatur betr\u00e4gt&nbsp;1100 \u00b0C.<\/span><br style=\"FONT-STYLE: italic; FONT-FAMILY: Verdana\" \/><br \/>\n\t<br style=\"FONT-STYLE: italic; FONT-FAMILY: Verdana\" \/><br \/>\n\t<span style=\"FONT-STYLE: italic; FONT-FAMILY: Verdana\">Zum sauberen Abkleben der Schnurenden eignet sich <\/span><span style=\"FONT-FAMILY: Verdana; FONT-WEIGHT: bold\"><span style=\"COLOR: rgb(255,102,0)\">FIRETEX-Abklebeband<\/span><\/span><br \/>\n\t<span style=\"FONT-STYLE: italic; FONT-FAMILY: Verdana\">und zum Einkleben der Sch\u00fcre empfehlen wir <\/span><span style=\"FONT-FAMILY: Verdana; FONT-WEIGHT: bold\"><span style=\"COLOR: rgb(255,102,0)\">FIRETEX FCA1500<\/span><\/span><\/p>\n<p>\n\t<span style=\"FONT-FAMILY: Verdana; FONT-WEIGHT: bold; TEXT-DECORATION: underline\">Inhalt:<\/span><span style=\"FONT-FAMILY: Verdana; FONT-WEIGHT: bold\"> wiederverschlie\u00dfbare PE-Box mit 5 mtr.&nbsp; \u00d8 10 mm. <\/span><\/p>\n<p>\n\t<span style=\"FONT-STYLE: italic; FONT-FAMILY: Verdana; FONT-WEIGHT: bold; TEXT-DECORATION: underline\">Farbe der Schnur: gr\u00fcnlich<\/span><\/p>\n<p>FIRETEX Hochtemperatur-Glasfaserschnur HTFS-g-IN-Ms-10B5 Durchmesser 10 mm\/ 5 Meter<\/p>\n","protected":false},"excerpt":{"rendered":"<p>FIRETEX &nbsp;Hochtemperatur-Glasfaserschnur ist eine gedrehte Schnur mit einer&nbsp;Edelstahl Verst\u00e4rkung und einer Messingumkl\u00f6pelung.&nbsp; Folgende Anwendungsm\u00f6glichkeiten\u00f6: als Dichtungsschn\u00fcre bei Kamin\u00f6fen, Kachl\u00f6fen, Heizkessel, Rauchgas- und L\u00fcftungsklappen, als Dehnungsfuge bei Heizkassetten, Ofen- und Anlagenbau, Dehnungsfugen im Hochtemperaturbereich usw. Die Glasfaserh\u00e4kelschnur passt sich durch die elastische Beschaffenheit sehr gut an. Die maximale Einsatztemperatur betr\u00e4gt&nbsp;1100 \u00b0C. Zum sauberen Abkleben der Schnurenden [&hellip;]<\/p>\n","protected":false},"featured_media":7735,"comment_status":"closed","ping_status":"open","template":"","meta":{"_acf_changed":false},"product_safety_overall":[],"product_brand":[],"product_cat":[1806,1847,1860,1861],"product_tag":[759,760,761,777],"class_list":{"0":"post-7267","1":"product","2":"type-product","3":"status-publish","4":"has-post-thumbnail","6":"product_cat-firetex","7":"product_cat-firetex-dichtungsschnuere-rund","8":"product_cat-firetex-dichtungsschnuere-rund-hochtemperatur-glasfaser","9":"product_cat-firetex-dichtungsschnuere-rund-hochtemperatur-glasfaser-5-meter","10":"product_tag-dichtunsgschnur-glas","11":"product_tag-glasfaserhaekelschnur","12":"product_tag-ofentuerdichtschnur","13":"product_tag-hochtemperaturschnur","15":"first","16":"instock","17":"taxable","18":"shipping-taxable","19":"purchasable","20":"product-type-simple"},"acf":[],"_links":{"self":[{"href":"https:\/\/www.ras-feuerfest.de\/shop\/wp-json\/wp\/v2\/product\/7267","targetHints":{"allow":["GET"]}}],"collection":[{"href":"https:\/\/www.ras-feuerfest.de\/shop\/wp-json\/wp\/v2\/product"}],"about":[{"href":"https:\/\/www.ras-feuerfest.de\/shop\/wp-json\/wp\/v2\/types\/product"}],"replies":[{"embeddable":true,"href":"https:\/\/www.ras-feuerfest.de\/shop\/wp-json\/wp\/v2\/comments?post=7267"}],"wp:featuredmedia":[{"embeddable":true,"href":"https:\/\/www.ras-feuerfest.de\/shop\/wp-json\/wp\/v2\/media\/7735"}],"wp:attachment":[{"href":"https:\/\/www.ras-feuerfest.de\/shop\/wp-json\/wp\/v2\/media?parent=7267"}],"wp:term":[{"taxonomy":"product_safety_overall","embeddable":true,"href":"https:\/\/www.ras-feuerfest.de\/shop\/wp-json\/wp\/v2\/product_safety_overall?post=7267"},{"taxonomy":"product_brand","embeddable":true,"href":"https:\/\/www.ras-feuerfest.de\/shop\/wp-json\/wp\/v2\/product_brand?post=7267"},{"taxonomy":"product_cat","embeddable":true,"href":"https:\/\/www.ras-feuerfest.de\/shop\/wp-json\/wp\/v2\/product_cat?post=7267"},{"taxonomy":"product_tag","embeddable":true,"href":"https:\/\/www.ras-feuerfest.de\/shop\/wp-json\/wp\/v2\/product_tag?post=7267"}],"curies":[{"name":"wp","href":"https:\/\/api.w.org\/{rel}","templated":true}]}}