{"id":7283,"date":"2024-10-09T17:53:04","date_gmt":"2024-10-09T15:53:04","guid":{"rendered":"https:\/\/www.ras-feuerfest.de\/shop\/product\/firetex-keramikfaser-band-inconelldraht-fire-ceram-tape-fct-in-40x2r-40x2-mm-25-meter-rolle\/"},"modified":"2024-10-10T13:41:42","modified_gmt":"2024-10-10T11:41:42","slug":"firetex-keramikfaser-band-inconelldraht-fire-ceram-tape-fct-in-40x2r-40x2-mm-25-meter-rolle","status":"publish","type":"product","link":"https:\/\/www.ras-feuerfest.de\/shop\/produkt\/firetex-keramikfaser-band-inconelldraht-fire-ceram-tape-fct-in-40x2r-40x2-mm-25-meter-rolle\/","title":{"rendered":"FIRETEX Keramikfaser-band\/Inconelldraht  Fire-Ceram-Tape  FCT-IN-40x2R \/ 40&#215;2 mm \/ 25 meter Rolle"},"content":{"rendered":"<p>\n\t<font size=\"3\"><strong><font color=\"#3399cc\">FIRE-CERAM-TAPE<\/font><\/strong> ist ein gewebtes Keramikfaserband mit einer Drahtverst\u00e4rkung aus Inconel.<\/font><\/p>\n<p>\n\t<font size=\"3\"><u>Anwendungsm\u00f6glichkeiten:<\/u> <em>Kamine und Kaminn\u00f6fen, Kachel\u00f6fen, Holzkessel und Holzvergaser, Heizungsbau, Apparatebau, usw. z. B. als Wickelisolation, Dichtung von Glasscheiben,&nbsp; Dehnungsfugen im feuerfesten Mauerwerk, z.B. Schamottesteine, etc.<\/em><\/font><\/p>\n<p>\n\t<font size=\"3\"><u>Anwendungstemperatur:<\/u> max 1260 \u00b0C<\/font><\/p>\n<p>\n\t<font size=\"3\"><u>Abmessungen:&nbsp; <\/u><\/font><br \/>\n\t<font size=\"3\"><em>40 mm Breit<br \/>\n\t&nbsp;&nbsp;2<\/em><\/font><em><font size=\"3\"> mm Dick<\/font><br \/>\n\t<font size=\"3\">25 m&nbsp;&nbsp;&nbsp; <\/font><font size=\"3\">Rollenl\u00e4nge<\/font><\/em><\/p>\n<p>FIRETEX Keramikfaser-band\/Inconelldraht  Fire-Ceram-Tape  FCT-IN-40x2R \/ 40&#215;2 mm \/ 25 meter Rolle<\/p>\n","protected":false},"excerpt":{"rendered":"<p>FIRE-CERAM-TAPE ist ein gewebtes Keramikfaserband mit einer Drahtverst\u00e4rkung aus Inconel. Anwendungsm\u00f6glichkeiten: Kamine und Kaminn\u00f6fen, Kachel\u00f6fen, Holzkessel und Holzvergaser, Heizungsbau, Apparatebau, usw. z. B. als Wickelisolation, Dichtung von Glasscheiben,&nbsp; Dehnungsfugen im feuerfesten Mauerwerk, z.B. Schamottesteine, etc. Anwendungstemperatur: max 1260 \u00b0C Abmessungen:&nbsp; 40 mm Breit &nbsp;&nbsp;2 mm Dick 25 m&nbsp;&nbsp;&nbsp; Rollenl\u00e4nge FIRETEX Keramikfaser-band\/Inconelldraht Fire-Ceram-Tape FCT-IN-40x2R \/ 40&#215;2 [&hellip;]<\/p>\n","protected":false},"featured_media":7738,"comment_status":"closed","ping_status":"open","template":"","meta":{"_acf_changed":false},"product_safety_overall":[],"product_brand":[],"product_cat":[1806,1815,1833,1835],"product_tag":[778,779],"class_list":{"0":"post-7283","1":"product","2":"type-product","3":"status-publish","4":"has-post-thumbnail","6":"product_cat-firetex","7":"product_cat-firetex-dichtungsbaender","8":"product_cat-firetex-faserplatten-keramikfaser","9":"product_cat-rolle-keramikfaser","10":"product_tag-keramikfaserband","11":"product_tag-gewebtes-keramikfaserband","13":"first","14":"instock","15":"taxable","16":"shipping-taxable","17":"purchasable","18":"product-type-simple"},"acf":[],"_links":{"self":[{"href":"https:\/\/www.ras-feuerfest.de\/shop\/wp-json\/wp\/v2\/product\/7283","targetHints":{"allow":["GET"]}}],"collection":[{"href":"https:\/\/www.ras-feuerfest.de\/shop\/wp-json\/wp\/v2\/product"}],"about":[{"href":"https:\/\/www.ras-feuerfest.de\/shop\/wp-json\/wp\/v2\/types\/product"}],"replies":[{"embeddable":true,"href":"https:\/\/www.ras-feuerfest.de\/shop\/wp-json\/wp\/v2\/comments?post=7283"}],"wp:featuredmedia":[{"embeddable":true,"href":"https:\/\/www.ras-feuerfest.de\/shop\/wp-json\/wp\/v2\/media\/7738"}],"wp:attachment":[{"href":"https:\/\/www.ras-feuerfest.de\/shop\/wp-json\/wp\/v2\/media?parent=7283"}],"wp:term":[{"taxonomy":"product_safety_overall","embeddable":true,"href":"https:\/\/www.ras-feuerfest.de\/shop\/wp-json\/wp\/v2\/product_safety_overall?post=7283"},{"taxonomy":"product_brand","embeddable":true,"href":"https:\/\/www.ras-feuerfest.de\/shop\/wp-json\/wp\/v2\/product_brand?post=7283"},{"taxonomy":"product_cat","embeddable":true,"href":"https:\/\/www.ras-feuerfest.de\/shop\/wp-json\/wp\/v2\/product_cat?post=7283"},{"taxonomy":"product_tag","embeddable":true,"href":"https:\/\/www.ras-feuerfest.de\/shop\/wp-json\/wp\/v2\/product_tag?post=7283"}],"curies":[{"name":"wp","href":"https:\/\/api.w.org\/{rel}","templated":true}]}}