{"id":7291,"date":"2024-10-09T17:53:15","date_gmt":"2024-10-09T15:53:15","guid":{"rendered":"https:\/\/www.ras-feuerfest.de\/shop\/product\/firetex-putzklappendichtung-163x175x6-mm-2-stueck\/"},"modified":"2024-10-10T15:14:11","modified_gmt":"2024-10-10T13:14:11","slug":"firetex-putzklappendichtung-163x175x6-mm-2-stueck","status":"publish","type":"product","link":"https:\/\/www.ras-feuerfest.de\/shop\/produkt\/firetex-putzklappendichtung-163x175x6-mm-2-stueck\/","title":{"rendered":"FIRETEX Putzklappendichtung  163x175x6 mm\/2 St\u00fcck"},"content":{"rendered":"<p><font color=\"#333333\" face=\"Verdana\" size=\"2\"><span style=\"font-weight: bold;\"><span style=\"color: rgb(255, 102, 0);\"><font size=\"2\"><span style=\"font-family: Verdana;\">FIRETEX <\/span><\/font><\/span><\/span><span style=\"color: rgb(255, 102, 0);\"><font size=\"2\"><span style=\"font-family: Verdana;\">Putzklappendichtungen <span style=\"color: rgb(51, 51, 51);\">sind aus genadeltem Glasfaserfilz hergestellt und zus\u00e4tzlich einseitig Vermiculite beschichtet. Die Vermiculite-Beschichtung gibt dem Glasfaserfilz eine feste, abriebfeste Oberfl\u00e4che. Durch die Beschichtung ist die Platte gegen Rauchgase und Kondensate weitestgehend best\u00e4ndig und eignet sich daher besonders f\u00fcr Rauchrohrklappen.<\/p>\n<p><span style=\"color: rgb(255, 102, 0);\"><span style=\"font-weight: bold;\">FIRETEX<span style=\"color: rgb(51, 51, 51);\"> <\/span><\/span><span style=\"color: rgb(51, 51, 51);\">Glasfaserfilz ist unbrennbar und enth\u00e4lt keine Bindemittel!<br \/>\nDie maximale Anwendungstemperatur betr\u00e4gt 750 \u00b0C.<br \/>\nDie Platten k\u00f6nnen leicht mit Schere oder Messer geschnitten werden.<\/p>\n<p><span style=\"text-decoration: underline;\">Abmessungen:<\/span> 163x175x6 mm\/ 2 St\u00fcck<\/span><\/span><\/span><\/span><\/font><\/span><\/font><\/p>\n<p>FIRETEX Putzklappendichtung  163x175x6 mm\/2 St\u00fcck<\/p>\n","protected":false},"excerpt":{"rendered":"<p>FIRETEX Putzklappendichtungen sind aus genadeltem Glasfaserfilz hergestellt und zus\u00e4tzlich einseitig Vermiculite beschichtet. Die Vermiculite-Beschichtung gibt dem Glasfaserfilz eine feste, abriebfeste Oberfl\u00e4che. Durch die Beschichtung ist die Platte gegen Rauchgase und Kondensate weitestgehend best\u00e4ndig und eignet sich daher besonders f\u00fcr Rauchrohrklappen. FIRETEX Glasfaserfilz ist unbrennbar und enth\u00e4lt keine Bindemittel! Die maximale Anwendungstemperatur betr\u00e4gt 750 \u00b0C. Die [&hellip;]<\/p>\n","protected":false},"featured_media":7740,"comment_status":"closed","ping_status":"closed","template":"","meta":{"_acf_changed":false},"product_safety_overall":[],"product_brand":[],"product_cat":[1806,1810,1813,1900],"product_tag":[781,782],"class_list":{"0":"post-7291","1":"product","2":"type-product","3":"status-publish","4":"has-post-thumbnail","6":"product_cat-firetex","7":"product_cat-firetex-dichtungsplatten","8":"product_cat-firetex-dichtungsplatten-puzklappendichtungen","9":"product_cat-isolierung-ofenrohrisolation","10":"product_tag-putzklappendichtung","11":"product_tag-glasfasermatten-beschichtet","13":"first","14":"instock","15":"taxable","16":"shipping-taxable","17":"purchasable","18":"product-type-simple"},"acf":[],"_links":{"self":[{"href":"https:\/\/www.ras-feuerfest.de\/shop\/wp-json\/wp\/v2\/product\/7291","targetHints":{"allow":["GET"]}}],"collection":[{"href":"https:\/\/www.ras-feuerfest.de\/shop\/wp-json\/wp\/v2\/product"}],"about":[{"href":"https:\/\/www.ras-feuerfest.de\/shop\/wp-json\/wp\/v2\/types\/product"}],"replies":[{"embeddable":true,"href":"https:\/\/www.ras-feuerfest.de\/shop\/wp-json\/wp\/v2\/comments?post=7291"}],"wp:featuredmedia":[{"embeddable":true,"href":"https:\/\/www.ras-feuerfest.de\/shop\/wp-json\/wp\/v2\/media\/7740"}],"wp:attachment":[{"href":"https:\/\/www.ras-feuerfest.de\/shop\/wp-json\/wp\/v2\/media?parent=7291"}],"wp:term":[{"taxonomy":"product_safety_overall","embeddable":true,"href":"https:\/\/www.ras-feuerfest.de\/shop\/wp-json\/wp\/v2\/product_safety_overall?post=7291"},{"taxonomy":"product_brand","embeddable":true,"href":"https:\/\/www.ras-feuerfest.de\/shop\/wp-json\/wp\/v2\/product_brand?post=7291"},{"taxonomy":"product_cat","embeddable":true,"href":"https:\/\/www.ras-feuerfest.de\/shop\/wp-json\/wp\/v2\/product_cat?post=7291"},{"taxonomy":"product_tag","embeddable":true,"href":"https:\/\/www.ras-feuerfest.de\/shop\/wp-json\/wp\/v2\/product_tag?post=7291"}],"curies":[{"name":"wp","href":"https:\/\/api.w.org\/{rel}","templated":true}]}}