{"id":7292,"date":"2024-10-09T17:53:15","date_gmt":"2024-10-09T15:53:15","guid":{"rendered":"https:\/\/www.ras-feuerfest.de\/shop\/product\/firetex-dichmanschetten-set-2-fuer-zwei-rohre\/"},"modified":"2024-10-10T13:42:48","modified_gmt":"2024-10-10T11:42:48","slug":"firetex-dichmanschetten-set-2-fuer-zwei-rohre","status":"publish","type":"product","link":"https:\/\/www.ras-feuerfest.de\/shop\/produkt\/firetex-dichmanschetten-set-2-fuer-zwei-rohre\/","title":{"rendered":"FIRETEX Dichmanschetten-Set 2  f\u00fcr zwei Rohre"},"content":{"rendered":"<p>\n\t<font color=\"#333333\" face=\"Verdana\" size=\"2\"><span style=\"COLOR: rgb(255,102,0)\"><font size=\"2\"><span style=\"FONT-FAMILY: Verdana\"><span style=\"FONT-WEIGHT: bold\">FIRETEX<\/span> Dichtungsmanschetten-SET <span style=\"COLOR: rgb(51,51,51)\">f\u00fcr Rauchrohrst\u00f6\u00dfe und Ausgleichkompensatoren vo Vibrationsger\u00e4uschen<br \/>\n\tDie Dichtungsmanschetten sorgen f\u00fcr einen gasdichten Verschlu\u00df von Rauchrohrst\u00f6\u00dfen.<\/p>\n<p>\tDas Set besteht aus 2 Streifen (1000&#215;100 mm) Glasgewebeband, welches mit einer Alubeschichtung versehen ist und einseitig ein Kaschierung aus einer Aluminiumfolie aufweist.<br \/>\n\t4 St\u00fcck Spannringe aus Edelstahl f\u00fcr einen max Durchmesser von 60-325 mm, mit jweils&nbsp; enstsprechenden Spannschl\u00f6ssern, sowie 2 Klebestreifen f\u00fcr die Montage aus Reinaluminium.<br \/>\n\tAusreichend f\u00fcr ein Rohr.<\/span><\/span><\/font><\/span><\/font><\/p>\n<p>FIRETEX Dichmanschetten-Set 2  f\u00fcr zwei Rohre<\/p>\n","protected":false},"excerpt":{"rendered":"<p>FIRETEX Dichtungsmanschetten-SET f\u00fcr Rauchrohrst\u00f6\u00dfe und Ausgleichkompensatoren vo Vibrationsger\u00e4uschen Die Dichtungsmanschetten sorgen f\u00fcr einen gasdichten Verschlu\u00df von Rauchrohrst\u00f6\u00dfen. Das Set besteht aus 2 Streifen (1000&#215;100 mm) Glasgewebeband, welches mit einer Alubeschichtung versehen ist und einseitig ein Kaschierung aus einer Aluminiumfolie aufweist. 4 St\u00fcck Spannringe aus Edelstahl f\u00fcr einen max Durchmesser von 60-325 mm, mit jweils&nbsp; enstsprechenden [&hellip;]<\/p>\n","protected":false},"featured_media":7741,"comment_status":"closed","ping_status":"open","template":"","meta":{"_acf_changed":false},"product_safety_overall":[],"product_brand":[],"product_cat":[1806,1900,1901],"product_tag":[783],"class_list":{"0":"post-7292","1":"product","2":"type-product","3":"status-publish","4":"has-post-thumbnail","6":"product_cat-firetex","7":"product_cat-isolierung-ofenrohrisolation","8":"product_cat-firetex-ofenrohrisolation-dichmannschetten-fuer-rohrstoesse","9":"product_tag-dichtmanschetten-fuer-rohrstoesse","11":"first","12":"instock","13":"taxable","14":"shipping-taxable","15":"purchasable","16":"product-type-simple"},"acf":[],"_links":{"self":[{"href":"https:\/\/www.ras-feuerfest.de\/shop\/wp-json\/wp\/v2\/product\/7292","targetHints":{"allow":["GET"]}}],"collection":[{"href":"https:\/\/www.ras-feuerfest.de\/shop\/wp-json\/wp\/v2\/product"}],"about":[{"href":"https:\/\/www.ras-feuerfest.de\/shop\/wp-json\/wp\/v2\/types\/product"}],"replies":[{"embeddable":true,"href":"https:\/\/www.ras-feuerfest.de\/shop\/wp-json\/wp\/v2\/comments?post=7292"}],"wp:featuredmedia":[{"embeddable":true,"href":"https:\/\/www.ras-feuerfest.de\/shop\/wp-json\/wp\/v2\/media\/7741"}],"wp:attachment":[{"href":"https:\/\/www.ras-feuerfest.de\/shop\/wp-json\/wp\/v2\/media?parent=7292"}],"wp:term":[{"taxonomy":"product_safety_overall","embeddable":true,"href":"https:\/\/www.ras-feuerfest.de\/shop\/wp-json\/wp\/v2\/product_safety_overall?post=7292"},{"taxonomy":"product_brand","embeddable":true,"href":"https:\/\/www.ras-feuerfest.de\/shop\/wp-json\/wp\/v2\/product_brand?post=7292"},{"taxonomy":"product_cat","embeddable":true,"href":"https:\/\/www.ras-feuerfest.de\/shop\/wp-json\/wp\/v2\/product_cat?post=7292"},{"taxonomy":"product_tag","embeddable":true,"href":"https:\/\/www.ras-feuerfest.de\/shop\/wp-json\/wp\/v2\/product_tag?post=7292"}],"curies":[{"name":"wp","href":"https:\/\/api.w.org\/{rel}","templated":true}]}}