{"id":7297,"date":"2024-10-09T17:53:15","date_gmt":"2024-10-09T15:53:15","guid":{"rendered":"https:\/\/www.ras-feuerfest.de\/shop\/product\/firetex-dichtungs-und-isolierplatten-1-seitig-vermiculite-beschichtet-gff-fv1-490x330x6-mm\/"},"modified":"2024-10-10T15:12:12","modified_gmt":"2024-10-10T13:12:12","slug":"firetex-dichtungs-und-isolierplatten-1-seitig-vermiculite-beschichtet-gff-fv1-490x330x6-mm","status":"publish","type":"product","link":"https:\/\/www.ras-feuerfest.de\/shop\/produkt\/firetex-dichtungs-und-isolierplatten-1-seitig-vermiculite-beschichtet-gff-fv1-490x330x6-mm\/","title":{"rendered":"FIRETEX Dichtungs und Isolierplatten 1-seitig Vermiculite beschichtet GFF-FV1 490x330x6 mm"},"content":{"rendered":"<p>\n<font color=\"#333333\" face=\"Verdana\" size=\"2\"><span style=\"font-weight: bold;\"><span style=\"color: rgb(255, 102, 0);\"><font size=\"2\"><span style=\"font-family: Verdana;\">FIRETEX <\/span><\/font><\/span><\/span><span style=\"color: rgb(255, 102, 0);\"><font size=\"2\"><span style=\"font-family: Verdana;\">Dichtungsplatten <span style=\"color: rgb(51, 51, 51);\">sind aus genadeltem Glasfaserfilz hergestellt und zus\u00e4tzlich einseitig mit Vermiculite beschichtet. Die Vermiculite-Beschichtung gibt dem Glasfaserfilz eine feste, abriebfeste Oberfl\u00e4che. Durch die Beschichtung ist die Platte gegen Rauchgase und Kondensate weitestgehend best\u00e4ndig und eignet sich daher gut als Dichtung f\u00fcr Ofenrohre, Abgasklappen, Brenneranschlu\u00df<br \/>\nplatten, Dehnungsfugen im Ofen- Kamin, und Anlagenbau, usw.<\/span><\/span><\/font><\/span><\/p>\n<p><span style=\"color: rgb(255, 102, 0);\"><font size=\"2\"><span style=\"font-family: Verdana;\"><span style=\"color: rgb(51, 51, 51);\"><span style=\"font-style: italic; color: rgb(255, 102, 0);\">Die vermiculitebeschichteten Glasfaserplatten eignen sich auch hervorragend als D\u00e4mmm<\/span><span style=\"font-style: italic; color: rgb(255, 102, 0);\">aterial z.B. in K\u00fcchenbereich (Herd, K\u00fchlschrank)<\/span><\/span><\/span><\/font><\/span><\/p>\n<p><span style=\"color: rgb(255, 102, 0);\"><font size=\"2\"><span style=\"font-family: Verdana;\"><span style=\"color: rgb(51, 51, 51);\"><span style=\"color: rgb(255, 102, 0);\"><span style=\"font-weight: bold;\">FIRETEX<span style=\"color: rgb(51, 51, 51);\"> <\/span><\/span><span style=\"color: rgb(51, 51, 51);\">Glasfaserfilz ist unbrennbar und enth\u00e4lt keine Bindemittel!<br \/>\nDie maximale Anwendungstemperatur betr\u00e4gt 750 \u00b0C auf der beschichteten Seite und die Faser-Seite<br \/>\nbis 550 \u00b0C<br \/>\nDie Platten sind flexibel und k\u00f6nnen leicht mit Schere oder Messer in Form geschnitten werden.<\/p>\n<p>Abmessung: 490x330x6 mm<\/p>\n<p><span style=\"text-decoration: underline;\">Der Glasfaserfilz kann mit dem Kleber C1090 auf geklebt werden<\/span><\/span><\/span><\/span><\/span><\/font><\/span><\/font><\/p>\n<p>FIRETEX Dichtungs und Isolierplatten 1-seitig Vermiculite beschichtet GFF-FV1 490x330x6 mm<\/p>\n","protected":false},"excerpt":{"rendered":"<p>FIRETEX Dichtungsplatten sind aus genadeltem Glasfaserfilz hergestellt und zus\u00e4tzlich einseitig mit Vermiculite beschichtet. Die Vermiculite-Beschichtung gibt dem Glasfaserfilz eine feste, abriebfeste Oberfl\u00e4che. Durch die Beschichtung ist die Platte gegen Rauchgase und Kondensate weitestgehend best\u00e4ndig und eignet sich daher gut als Dichtung f\u00fcr Ofenrohre, Abgasklappen, Brenneranschlu\u00df platten, Dehnungsfugen im Ofen- Kamin, und Anlagenbau, usw. Die vermiculitebeschichteten [&hellip;]<\/p>\n","protected":false},"featured_media":7742,"comment_status":"closed","ping_status":"closed","template":"","meta":{"_acf_changed":false},"product_safety_overall":[],"product_brand":[],"product_cat":[1806,1810,1812,1874,1880],"product_tag":[780,784,785],"class_list":{"0":"post-7297","1":"product","2":"type-product","3":"status-publish","4":"has-post-thumbnail","6":"product_cat-firetex","7":"product_cat-firetex-dichtungsplatten","8":"product_cat-firetex-dichtungsschnuere-rund-glasfaser","9":"product_cat-firetex-fasermatten","10":"product_cat-firetex-fasermatten-glasfasermatten","11":"product_tag-glasfaserfilz","12":"product_tag-glasfaserfilz-vermiculite-beschichtet","13":"product_tag-glasfaser-dichtungsplatten","15":"first","16":"instock","17":"taxable","18":"shipping-taxable","19":"purchasable","20":"product-type-simple"},"acf":[],"_links":{"self":[{"href":"https:\/\/www.ras-feuerfest.de\/shop\/wp-json\/wp\/v2\/product\/7297","targetHints":{"allow":["GET"]}}],"collection":[{"href":"https:\/\/www.ras-feuerfest.de\/shop\/wp-json\/wp\/v2\/product"}],"about":[{"href":"https:\/\/www.ras-feuerfest.de\/shop\/wp-json\/wp\/v2\/types\/product"}],"replies":[{"embeddable":true,"href":"https:\/\/www.ras-feuerfest.de\/shop\/wp-json\/wp\/v2\/comments?post=7297"}],"wp:featuredmedia":[{"embeddable":true,"href":"https:\/\/www.ras-feuerfest.de\/shop\/wp-json\/wp\/v2\/media\/7742"}],"wp:attachment":[{"href":"https:\/\/www.ras-feuerfest.de\/shop\/wp-json\/wp\/v2\/media?parent=7297"}],"wp:term":[{"taxonomy":"product_safety_overall","embeddable":true,"href":"https:\/\/www.ras-feuerfest.de\/shop\/wp-json\/wp\/v2\/product_safety_overall?post=7297"},{"taxonomy":"product_brand","embeddable":true,"href":"https:\/\/www.ras-feuerfest.de\/shop\/wp-json\/wp\/v2\/product_brand?post=7297"},{"taxonomy":"product_cat","embeddable":true,"href":"https:\/\/www.ras-feuerfest.de\/shop\/wp-json\/wp\/v2\/product_cat?post=7297"},{"taxonomy":"product_tag","embeddable":true,"href":"https:\/\/www.ras-feuerfest.de\/shop\/wp-json\/wp\/v2\/product_tag?post=7297"}],"curies":[{"name":"wp","href":"https:\/\/api.w.org\/{rel}","templated":true}]}}