{"id":7303,"date":"2024-10-09T17:53:15","date_gmt":"2024-10-09T15:53:15","guid":{"rendered":"https:\/\/www.ras-feuerfest.de\/shop\/product\/firetex-ofenrohrioslation-set-groesse-2-bis-250-mm-durchmesser-1-meter-lang\/"},"modified":"2024-10-10T22:59:15","modified_gmt":"2024-10-10T20:59:15","slug":"firetex-ofenrohrioslation-set-groesse-2-bis-250-mm-durchmesser-1-meter-lang","status":"publish","type":"product","link":"https:\/\/www.ras-feuerfest.de\/shop\/produkt\/firetex-ofenrohrioslation-set-groesse-2-bis-250-mm-durchmesser-1-meter-lang\/","title":{"rendered":"FIRETEX Ofenrohrioslation SET Gr\u00f6\u00dfe 2 bis 250 mm Durchmesser\/ 1 Meter lang"},"content":{"rendered":"<p align=\"left\">\n\t\u2026\u2026\u2026\u2026\u2026\u2026\u2026zu hei\u00dfes Abgasrohr?<\/p>\n<p align=\"left\">\n\tKein Problem mit dem <em><strong>FIRETEX<\/strong><\/em> &nbsp;Isolierset.<\/p>\n<p>\n\t&nbsp;<\/p>\n<p>\n\t<strong>Das Set besteht aus einer Glasfaserisoliermatte mit einer Anwendungstemperatur <\/strong><\/p>\n<p>\n\t<strong>von 550 \u00b0C.<\/strong><\/p>\n<p>\n\t<strong>Diese Matte sollte min. zweimal um das Rohr gewickelt werden. <\/strong><\/p>\n<p>\n\t<strong>Als Montagehilfe werden Klebestreifen aus Glasfaser mitgeliefert. <\/strong><\/p>\n<p>\n\t<strong>Um Faserabrieb zu vermeiden, liefern wir zur \u00e4u\u00dferen Verkleidung ein Glasfasergewebe das beidseitig beschichtet ist und zus\u00e4tzlich einseitig mit einer 30 my Aluminiumfolie <\/strong><\/p>\n<p>\n\t<strong>kaschiert wurde. <\/strong><\/p>\n<p>\n\t<strong>Zum Befestigen werden Metallspannband und Schl\u00f6sser, sowie Aluminium Klebeband mitgeliefert.<\/strong><\/p>\n<p>\n\t&nbsp;<\/p>\n<p>\n\t<em><u>Lieferumfang \/ Gr\u00f6\u00dfe 2:<\/u>&nbsp; <\/em><\/p>\n<p>\n\t<em>1 St\u00fcck Isoliermatte 1750 mm lang, 1000 mm breite, 9&nbsp;mm Dicke<\/em><\/p>\n<p>\n\t<em>1 St\u00fcck&nbsp;Glasfasergewebe\/Alu-kaschiert&nbsp; 1000 mm breit, <\/em><em>900 mm lang, 3 mm dicke<\/em><\/p>\n<p>\n\t<em>Au\u00dferdem geh\u00f6rt zu <\/em><em>dem Set&nbsp; 2 Spannb\u00e4nder&nbsp;&nbsp;mit Schl\u00f6sser, ca. 1,2 m Aluminiumband <\/em><em>selbstklebend und Glasfaserband selbstklebend, <\/em><\/p>\n<p>\n\t<em>Bearbeitung: mit Messer oder Schere.<\/em><\/p>\n<p>FIRETEX Ofenrohrioslation SET Gr\u00f6\u00dfe 2 bis 250 mm Durchmesser\/ 1 Meter lang<\/p>\n","protected":false},"excerpt":{"rendered":"<p>\u2026\u2026\u2026\u2026\u2026\u2026\u2026zu hei\u00dfes Abgasrohr? Kein Problem mit dem FIRETEX &nbsp;Isolierset. &nbsp; Das Set besteht aus einer Glasfaserisoliermatte mit einer Anwendungstemperatur von 550 \u00b0C. Diese Matte sollte min. zweimal um das Rohr gewickelt werden. Als Montagehilfe werden Klebestreifen aus Glasfaser mitgeliefert. Um Faserabrieb zu vermeiden, liefern wir zur \u00e4u\u00dferen Verkleidung ein Glasfasergewebe das beidseitig beschichtet ist und [&hellip;]<\/p>\n","protected":false},"featured_media":7744,"comment_status":"closed","ping_status":"closed","template":"","meta":{"_acf_changed":false},"product_safety_overall":[],"product_brand":[],"product_cat":[1900,1942,1952,1956],"product_tag":[728],"class_list":{"0":"post-7303","1":"product","2":"type-product","3":"status-publish","4":"has-post-thumbnail","6":"product_cat-isolierung-ofenrohrisolation","7":"product_cat-steine-massen-moertel","8":"product_cat-isolierung-steine_massen_moertel","9":"product_cat-ofenrohrisolation-isolierung-steine_massen_moertel","10":"product_tag-ofenrohrisolation","12":"first","13":"instock","14":"taxable","15":"shipping-taxable","16":"purchasable","17":"product-type-simple"},"acf":[],"_links":{"self":[{"href":"https:\/\/www.ras-feuerfest.de\/shop\/wp-json\/wp\/v2\/product\/7303","targetHints":{"allow":["GET"]}}],"collection":[{"href":"https:\/\/www.ras-feuerfest.de\/shop\/wp-json\/wp\/v2\/product"}],"about":[{"href":"https:\/\/www.ras-feuerfest.de\/shop\/wp-json\/wp\/v2\/types\/product"}],"replies":[{"embeddable":true,"href":"https:\/\/www.ras-feuerfest.de\/shop\/wp-json\/wp\/v2\/comments?post=7303"}],"wp:featuredmedia":[{"embeddable":true,"href":"https:\/\/www.ras-feuerfest.de\/shop\/wp-json\/wp\/v2\/media\/7744"}],"wp:attachment":[{"href":"https:\/\/www.ras-feuerfest.de\/shop\/wp-json\/wp\/v2\/media?parent=7303"}],"wp:term":[{"taxonomy":"product_safety_overall","embeddable":true,"href":"https:\/\/www.ras-feuerfest.de\/shop\/wp-json\/wp\/v2\/product_safety_overall?post=7303"},{"taxonomy":"product_brand","embeddable":true,"href":"https:\/\/www.ras-feuerfest.de\/shop\/wp-json\/wp\/v2\/product_brand?post=7303"},{"taxonomy":"product_cat","embeddable":true,"href":"https:\/\/www.ras-feuerfest.de\/shop\/wp-json\/wp\/v2\/product_cat?post=7303"},{"taxonomy":"product_tag","embeddable":true,"href":"https:\/\/www.ras-feuerfest.de\/shop\/wp-json\/wp\/v2\/product_tag?post=7303"}],"curies":[{"name":"wp","href":"https:\/\/api.w.org\/{rel}","templated":true}]}}