{"id":7309,"date":"2024-10-09T17:53:15","date_gmt":"2024-10-09T15:53:15","guid":{"rendered":"https:\/\/www.ras-feuerfest.de\/shop\/product\/firetex-schweiss-und-loetmatte-gr-1-480x480-mm\/"},"modified":"2024-10-10T13:42:49","modified_gmt":"2024-10-10T11:42:49","slug":"firetex-schweiss-und-loetmatte-gr-1-480x480-mm","status":"publish","type":"product","link":"https:\/\/www.ras-feuerfest.de\/shop\/produkt\/firetex-schweiss-und-loetmatte-gr-1-480x480-mm\/","title":{"rendered":"FIRETEX Schwei\u00df- und L\u00f6tmatte  Gr 1  ~ 480&#215;480 mm"},"content":{"rendered":"<p>\n\t<font size=\"2\" style=\"COLOR: rgb(51,51,51)\"><span style=\"COLOR: rgb(255,0,0)\">FIRETEX Hitzeschutzmatte <\/span>werden aus HT-Vlies hergestellt,&nbsp; welcher sich aufgrund seiner Hochtemperaturbest\u00e4ndigkeit&nbsp; als Schwei\u00df- L\u00f6tmatte&nbsp; eignet.<\/p>\n<p>\tDas Vlies ist doppelt gelegt und an den Schnittkanten ums\u00e4umt, sowie zus\u00e4tzlich abgesteppt.<\/p>\n<p>\tAbmessungen:&nbsp; 480&#215;480 mm<br \/>\n\tFarbe: schwarz<\/font><\/p>\n<p>FIRETEX Schwei\u00df- und L\u00f6tmatte  Gr 1  ~ 480&#215;480 mm<\/p>\n","protected":false},"excerpt":{"rendered":"<p>FIRETEX Hitzeschutzmatte werden aus HT-Vlies hergestellt,&nbsp; welcher sich aufgrund seiner Hochtemperaturbest\u00e4ndigkeit&nbsp; als Schwei\u00df- L\u00f6tmatte&nbsp; eignet. Das Vlies ist doppelt gelegt und an den Schnittkanten ums\u00e4umt, sowie zus\u00e4tzlich abgesteppt. Abmessungen:&nbsp; 480&#215;480 mm Farbe: schwarz FIRETEX Schwei\u00df- und L\u00f6tmatte Gr 1 ~ 480&#215;480 mm<\/p>\n","protected":false},"featured_media":7747,"comment_status":"closed","ping_status":"open","template":"","meta":{"_acf_changed":false},"product_safety_overall":[],"product_brand":[],"product_cat":[1806,1902],"product_tag":[787,788,789],"class_list":{"0":"post-7309","1":"product","2":"type-product","3":"status-publish","4":"has-post-thumbnail","6":"product_cat-firetex","7":"product_cat-firetex-schweissschutzmatten","8":"product_tag-schweissmatten","9":"product_tag-loetmatten","10":"product_tag-schweissschutzmatten","12":"first","13":"instock","14":"taxable","15":"shipping-taxable","16":"purchasable","17":"product-type-simple"},"acf":[],"_links":{"self":[{"href":"https:\/\/www.ras-feuerfest.de\/shop\/wp-json\/wp\/v2\/product\/7309","targetHints":{"allow":["GET"]}}],"collection":[{"href":"https:\/\/www.ras-feuerfest.de\/shop\/wp-json\/wp\/v2\/product"}],"about":[{"href":"https:\/\/www.ras-feuerfest.de\/shop\/wp-json\/wp\/v2\/types\/product"}],"replies":[{"embeddable":true,"href":"https:\/\/www.ras-feuerfest.de\/shop\/wp-json\/wp\/v2\/comments?post=7309"}],"wp:featuredmedia":[{"embeddable":true,"href":"https:\/\/www.ras-feuerfest.de\/shop\/wp-json\/wp\/v2\/media\/7747"}],"wp:attachment":[{"href":"https:\/\/www.ras-feuerfest.de\/shop\/wp-json\/wp\/v2\/media?parent=7309"}],"wp:term":[{"taxonomy":"product_safety_overall","embeddable":true,"href":"https:\/\/www.ras-feuerfest.de\/shop\/wp-json\/wp\/v2\/product_safety_overall?post=7309"},{"taxonomy":"product_brand","embeddable":true,"href":"https:\/\/www.ras-feuerfest.de\/shop\/wp-json\/wp\/v2\/product_brand?post=7309"},{"taxonomy":"product_cat","embeddable":true,"href":"https:\/\/www.ras-feuerfest.de\/shop\/wp-json\/wp\/v2\/product_cat?post=7309"},{"taxonomy":"product_tag","embeddable":true,"href":"https:\/\/www.ras-feuerfest.de\/shop\/wp-json\/wp\/v2\/product_tag?post=7309"}],"curies":[{"name":"wp","href":"https:\/\/api.w.org\/{rel}","templated":true}]}}