{"id":7318,"date":"2024-10-09T17:53:26","date_gmt":"2024-10-09T15:53:26","guid":{"rendered":"https:\/\/www.ras-feuerfest.de\/shop\/product\/firetex-hochtemperatur-nadelfilz-eaf-bl-128-1000x610x13-mm\/"},"modified":"2024-10-10T13:42:27","modified_gmt":"2024-10-10T11:42:27","slug":"firetex-hochtemperatur-nadelfilz-eaf-bl-128-1000x610x13-mm","status":"publish","type":"product","link":"https:\/\/www.ras-feuerfest.de\/shop\/produkt\/firetex-hochtemperatur-nadelfilz-eaf-bl-128-1000x610x13-mm\/","title":{"rendered":"FIRETEX Hochtemperatur Nadelfilz  EAF-BL-128 \/ 1000x610x13 mm"},"content":{"rendered":"<p>\n\t<font color=\"#333333\" face=\"Verdana\" size=\"2\"><span style=\"FONT-WEIGHT: bold; COLOR: rgb(255,0,0)\"><font size=\"2\"><span style=\"FONT-FAMILY: Verdana\">FIRETEK <\/span><\/font><\/span><span style=\"COLOR: rgb(255,0,0)\"><font size=\"2\"><span style=\"FONT-FAMILY: Verdana\"><span style=\"COLOR: rgb(51,51,51)\"><span style=\"COLOR: rgb(51,153,102)\"><span style=\"FONT-WEIGHT: bold\">EAF-Blanket <\/span><\/span>ist eine Hochtemperatur-Fasermatte aus biol\u00f6slicher Faser (bei der Bearbeitung eventuell eingeatmete Fasern l\u00f6sen sich in K\u00f6rperfl\u00fcssigkeiten auf)<br \/>\n\tDie Matte eignet sich f\u00fcr den Feuerseitigen Einsatz bis <span style=\"TEXT-DECORATION: underline\">1200 \u00b0C<\/span>.<\/span><\/span><\/font><\/span><br \/>\n\t<span style=\"COLOR: rgb(255,0,0)\"><font size=\"2\"><span style=\"FONT-FAMILY: Verdana\"><span style=\"COLOR: rgb(51,51,51)\">Durch die Nadelung hat die Matte eine sehr gute Rei\u00dffestigkeit.<br \/>\n\tDie Matte enth\u00e4lt keine Bindemittel.<\/span><\/span><\/font><\/span><br \/>\n\tDichte: 128 kg\/m<\/font><font face=\"Verdana\">\u00b3<\/font><\/p>\n<p>\t<font color=\"#333333\" face=\"Verdana\" size=\"2\"><span style=\"COLOR: rgb(255,0,0)\"><font size=\"2\"><span style=\"FONT-FAMILY: Verdana\"><span style=\"COLOR: rgb(51,51,51)\"><span style=\"FONT-STYLE: italic; TEXT-DECORATION: underline\">Anwendungsbeispiele:<\/span><span style=\"FONT-STYLE: italic\">&nbsp;&nbsp; Brenn\u00f6fenauskleidung,&nbsp; Isolierung f\u00fcr Kamine, Kachel\u00f6fen, \u00d6lheizkessel, Gasheizkessel, Heizstrahler, Halogenlampen, Schwei\u00dfschutz. Als Verbrennungshilfe in Heizkessel, Rostabdeckungen, Brennkammerabdeckungen, usw.<\/span><br style=\"FONT-STYLE: italic\" \/><br \/>\n\t<span style=\"FONT-STYLE: italic\">Die Matten lassen sich leicht mit Messer oder Scheere auf des gew\u00fcnschte Ma\u00df bringen.<\/span><\/p>\n<p>\t<span style=\"FONT-WEIGHT: bold; TEXT-DECORATION: underline\">Abmessungen:<\/span><span style=\"FONT-WEIGHT: bold\"> &nbsp;&nbsp;&nbsp; 1000x610x13&nbsp; mm&nbsp; <\/span><\/span><\/span><\/font><\/span><\/font><\/p>\n<p>FIRETEX Hochtemperatur Nadelfilz  EAF-BL-128 \/ 1000x610x13 mm<\/p>\n","protected":false},"excerpt":{"rendered":"<p>FIRETEK EAF-Blanket ist eine Hochtemperatur-Fasermatte aus biol\u00f6slicher Faser (bei der Bearbeitung eventuell eingeatmete Fasern l\u00f6sen sich in K\u00f6rperfl\u00fcssigkeiten auf) Die Matte eignet sich f\u00fcr den Feuerseitigen Einsatz bis 1200 \u00b0C. Durch die Nadelung hat die Matte eine sehr gute Rei\u00dffestigkeit. Die Matte enth\u00e4lt keine Bindemittel. Dichte: 128 kg\/m\u00b3 Anwendungsbeispiele:&nbsp;&nbsp; Brenn\u00f6fenauskleidung,&nbsp; Isolierung f\u00fcr Kamine, Kachel\u00f6fen, \u00d6lheizkessel, [&hellip;]<\/p>\n","protected":false},"featured_media":0,"comment_status":"closed","ping_status":"open","template":"","meta":{"_acf_changed":false},"product_safety_overall":[],"product_brand":[],"product_cat":[1806,1874,1875,1877],"product_tag":[723,724,725],"class_list":{"0":"post-7318","1":"product","2":"type-product","3":"status-publish","5":"product_cat-firetex","6":"product_cat-firetex-fasermatten","7":"product_cat-firetex-fasermatten-biosloesche-fasermatten","8":"product_cat-firetex-fasermatten-keramikfasermatten-1430-c-zuschnitt","9":"product_tag-fasermatten","10":"product_tag-faserblanket","11":"product_tag-hochtemperatur-nadelmatten","13":"first","14":"instock","15":"taxable","16":"shipping-taxable","17":"purchasable","18":"product-type-simple"},"acf":[],"_links":{"self":[{"href":"https:\/\/www.ras-feuerfest.de\/shop\/wp-json\/wp\/v2\/product\/7318","targetHints":{"allow":["GET"]}}],"collection":[{"href":"https:\/\/www.ras-feuerfest.de\/shop\/wp-json\/wp\/v2\/product"}],"about":[{"href":"https:\/\/www.ras-feuerfest.de\/shop\/wp-json\/wp\/v2\/types\/product"}],"replies":[{"embeddable":true,"href":"https:\/\/www.ras-feuerfest.de\/shop\/wp-json\/wp\/v2\/comments?post=7318"}],"wp:attachment":[{"href":"https:\/\/www.ras-feuerfest.de\/shop\/wp-json\/wp\/v2\/media?parent=7318"}],"wp:term":[{"taxonomy":"product_safety_overall","embeddable":true,"href":"https:\/\/www.ras-feuerfest.de\/shop\/wp-json\/wp\/v2\/product_safety_overall?post=7318"},{"taxonomy":"product_brand","embeddable":true,"href":"https:\/\/www.ras-feuerfest.de\/shop\/wp-json\/wp\/v2\/product_brand?post=7318"},{"taxonomy":"product_cat","embeddable":true,"href":"https:\/\/www.ras-feuerfest.de\/shop\/wp-json\/wp\/v2\/product_cat?post=7318"},{"taxonomy":"product_tag","embeddable":true,"href":"https:\/\/www.ras-feuerfest.de\/shop\/wp-json\/wp\/v2\/product_tag?post=7318"}],"curies":[{"name":"wp","href":"https:\/\/api.w.org\/{rel}","templated":true}]}}