{"id":7322,"date":"2024-10-09T17:53:26","date_gmt":"2024-10-09T15:53:26","guid":{"rendered":"https:\/\/www.ras-feuerfest.de\/shop\/product\/ft-rauchgasumlenkplatte-aus-hochtemperaturfaser-bis-1300-c-400x250x25-mm\/"},"modified":"2024-10-10T13:41:04","modified_gmt":"2024-10-10T11:41:04","slug":"ft-rauchgasumlenkplatte-aus-hochtemperaturfaser-bis-1300-c-400x250x25-mm","status":"publish","type":"product","link":"https:\/\/www.ras-feuerfest.de\/shop\/produkt\/ft-rauchgasumlenkplatte-aus-hochtemperaturfaser-bis-1300-c-400x250x25-mm\/","title":{"rendered":"FT-Rauchgasumlenkplatte aus Hochtemperaturfaser bis 1300 \u00b0C 400x250x25 mm"},"content":{"rendered":"<p>\n\t<font color=\"#333333\" face=\"Verdana\" size=\"2\"><span style=\"COLOR: rgb(255,0,0); FONT-WEIGHT: bold\"><font size=\"2\"><span style=\"FONT-FAMILY: Verdana\"><span style=\"COLOR: rgb(255,0,0); FONT-WEIGHT: bold\"><font size=\"2\"><span style=\"FONT-FAMILY: Verdana\">FIRETEK-<span style=\"color: rgb(0, 0, 255);\">Rau<span style=\"font-size: small;\">ch<\/span>gasumlenkun<span style=\"font-size: small;\">gen <\/span><\/span><\/span><\/font><\/span><\/span><\/font><\/span><\/font><font size=\"2\"><span style=\"FONT-FAMILY: Verdana\"><font size=\"2\"><span style=\"FONT-FAMILY: Verdana\"><span style=\"font-size: small;\"><span style=\"font-size: small;\"><span style=\"font-size: small;\"><span style=\"font-size: small;\">eigne<span style=\"color: rgb(255, 0, 0);\"><span style=\"font-size: small;\"><span style=\"color: rgb(0, 0, 0);\"><span style=\"font-size: small;\"><span style=\"font-size: small;\">n s<span style=\"font-size: small;\">ich hervorragend in Kammin\u00f6fen, etc, als Rauchgasf\u00fchrung<span style=\"font-size: small;\">. Die Platten sind aus Hochtem<span style=\"font-size: small;\">peratur<span style=\"font-size: small;\">-Fasern im <span style=\"font-size: small;\">Va<span style=\"font-size: small;\">k<\/span>u<span style=\"font-size: small;\">um<span style=\"font-size: small;\">&#8211;<\/span>Verfahren hergestellt<\/span><\/span><\/span><\/span><\/span><\/span><\/span><\/span><\/span><\/span><\/span><\/span><\/span><\/span><\/span><\/span><\/font><\/span><\/font><span style=\"COLOR: rgb(255,0,0); FONT-WEIGHT: bold\"><font size=\"2\"><span style=\"FONT-FAMILY: Verdana\"><span style=\"font-size: small;\"> <\/span><\/span><\/font><\/span><br \/>\n\t<font size=\"2\"><span style=\"FONT-FAMILY: Verdana\"><span style=\"font-size: small;\"><span style=\"font-size: small;\">Durch die lange Faser <span style=\"font-size: small;\"><span style=\"font-size: small;\">wird die Platte im auch bei einer Ri\u00dfbildung nicht einknicken bzw. du<span style=\"font-size: small;\">rchbrechen<\/span><\/span><\/span><\/span><\/span><\/span><\/font><span style=\"color: rgb(255, 0, 0);\"><font size=\"2\"><span style=\"FONT-FAMILY: Verdana\"><span style=\"font-size: small;\"><span style=\"color: rgb(0, 0, 0);\">.<\/span><\/span><\/span><\/font><\/span><span style=\"COLOR: rgb(255,0,0); FONT-WEIGHT: bold\"><font size=\"2\"><span style=\"FONT-FAMILY: Verdana\"><span style=\"font-size: small;\"> <\/span><\/span><\/font><\/span><br \/>\n\t<span style=\"COLOR: rgb(255,0,0); FONT-WEIGHT: bold\"><font size=\"2\"><span style=\"FONT-FAMILY: Verdana\"><span style=\"font-size: small;\"><span style=\"COLOR: rgb(255,0,0); FONT-WEIGHT: bold\"><font size=\"2\"><span style=\"FONT-FAMILY: Verdana\"><span style=\"font-size: small;\">Diese Platten haben dadurch, bei pfle<span style=\"font-size: small;\">glicher Behandlung, eine deutlich h\u00f6here Lebensdauer<span style=\"font-size: small;\">. Au\u00dferdem ist die Nachverbrennung der <span style=\"font-size: small;\">Rauchgase deutlich verbessert!<\/span><\/span><\/span><\/span><\/span><\/font><\/span><\/span><\/p>\n<p>\n\tFIRETEK <\/span><\/font><\/span><span style=\"COLOR: rgb(255,0,0)\"><font size=\"2\"><span style=\"FONT-FAMILY: Verdana\"><span style=\"COLOR: rgb(51,51,51)\"><span style=\"COLOR: rgb(51,153,102)\"><span style=\"FONT-WEIGHT: bold\">EAF-BOARD <\/span><\/span>Hochtemperatur-Faserplatten<br \/>\n\teignen sich f\u00fcr den Feuerseitigen Einsatz bis 1300 \u00b0C.<\/p>\n<p>\t<span style=\"FONT-STYLE: italic\">&nbsp;<\/span><br style=\"FONT-STYLE: italic\" \/><br \/>\n\t<span style=\"FONT-STYLE: italic\"><span style=\"font-size: medium;\">Die Platten lassen sich leicht mit Messer, Stichs\u00e4ge, S\u00e4ge bearbeiten<\/span><span style=\"font-size: small;\"><span style=\"font-size: small;\"><span style=\"font-size: medium;\">.<\/span><br \/>\n\t<span style=\"font-size: small;\"><span style=\"font-size: medium;\">Sie k\u00f6nnen diese auch problemlos bohren oder fr\u00e4sen.<br \/>\n\tDa die Faserplatten beim Einsatz etwas schrumpfen, sollten Sie beim Einpassen sehr eng zugeschnitten werden!<\/span><\/span><\/span><\/span><\/span><\/p>\n<p>\t<span style=\"FONT-WEIGHT: bold; TEXT-DECORATION: underline\">Abmessungen:<\/span><span style=\"FONT-WEIGHT: bold\"> <span style=\"font-size: small;\"><span style=\"font-size: small;\">400x250x25<\/span><\/span> mm<\/span><\/span><\/span><\/font><\/span><\/p>\n<p>FT-Rauchgasumlenkplatte aus Hochtemperaturfaser bis 1300 \u00b0C 400x250x25 mm<\/p>\n","protected":false},"excerpt":{"rendered":"<p>FIRETEK-Rauchgasumlenkungen eignen sich hervorragend in Kammin\u00f6fen, etc, als Rauchgasf\u00fchrung. Die Platten sind aus Hochtemperatur-Fasern im Vakuum&#8211;Verfahren hergestellt Durch die lange Faser wird die Platte im auch bei einer Ri\u00dfbildung nicht einknicken bzw. durchbrechen. Diese Platten haben dadurch, bei pfleglicher Behandlung, eine deutlich h\u00f6here Lebensdauer. Au\u00dferdem ist die Nachverbrennung der Rauchgase deutlich verbessert! FIRETEK EAF-BOARD Hochtemperatur-Faserplatten [&hellip;]<\/p>\n","protected":false},"featured_media":7323,"comment_status":"closed","ping_status":"open","template":"","meta":{"_acf_changed":false},"product_safety_overall":[],"product_brand":[],"product_cat":[1786,1797],"product_tag":[731,748,749],"class_list":{"0":"post-7322","1":"product","2":"type-product","3":"status-publish","4":"has-post-thumbnail","6":"product_cat-brennraumplatten","7":"product_cat-brennraumplatten-rauchgasumlenkplatten","8":"product_tag-hochtemperaturfaserplatten","9":"product_tag-rauchumlenkplatten","10":"product_tag-faserplatten","12":"first","13":"instock","14":"taxable","15":"shipping-taxable","16":"purchasable","17":"product-type-simple"},"acf":[],"_links":{"self":[{"href":"https:\/\/www.ras-feuerfest.de\/shop\/wp-json\/wp\/v2\/product\/7322","targetHints":{"allow":["GET"]}}],"collection":[{"href":"https:\/\/www.ras-feuerfest.de\/shop\/wp-json\/wp\/v2\/product"}],"about":[{"href":"https:\/\/www.ras-feuerfest.de\/shop\/wp-json\/wp\/v2\/types\/product"}],"replies":[{"embeddable":true,"href":"https:\/\/www.ras-feuerfest.de\/shop\/wp-json\/wp\/v2\/comments?post=7322"}],"wp:featuredmedia":[{"embeddable":true,"href":"https:\/\/www.ras-feuerfest.de\/shop\/wp-json\/wp\/v2\/media\/7323"}],"wp:attachment":[{"href":"https:\/\/www.ras-feuerfest.de\/shop\/wp-json\/wp\/v2\/media?parent=7322"}],"wp:term":[{"taxonomy":"product_safety_overall","embeddable":true,"href":"https:\/\/www.ras-feuerfest.de\/shop\/wp-json\/wp\/v2\/product_safety_overall?post=7322"},{"taxonomy":"product_brand","embeddable":true,"href":"https:\/\/www.ras-feuerfest.de\/shop\/wp-json\/wp\/v2\/product_brand?post=7322"},{"taxonomy":"product_cat","embeddable":true,"href":"https:\/\/www.ras-feuerfest.de\/shop\/wp-json\/wp\/v2\/product_cat?post=7322"},{"taxonomy":"product_tag","embeddable":true,"href":"https:\/\/www.ras-feuerfest.de\/shop\/wp-json\/wp\/v2\/product_tag?post=7322"}],"curies":[{"name":"wp","href":"https:\/\/api.w.org\/{rel}","templated":true}]}}