{"id":7344,"date":"2024-10-09T17:53:36","date_gmt":"2024-10-09T15:53:36","guid":{"rendered":"https:\/\/www.ras-feuerfest.de\/shop\/product\/rundbuerste-m10-innen-glatter-stahldraht-120-mm-haerterer-besatz\/"},"modified":"2024-10-10T13:43:02","modified_gmt":"2024-10-10T11:43:02","slug":"rundbuerste-m10-innen-glatter-stahldraht-120-mm-haerterer-besatz","status":"publish","type":"product","link":"https:\/\/www.ras-feuerfest.de\/shop\/produkt\/rundbuerste-m10-innen-glatter-stahldraht-120-mm-haerterer-besatz\/","title":{"rendered":"Rundb\u00fcrste M10 innen glatter Stahldraht,  120 mm h\u00e4rterer Besatz"},"content":{"rendered":"<p>\n\t<font color=\"#333333\" face=\"Verdana\" size=\"2\">Kesselreinigungsb\u00fcrste aus gla<\/font><font face=\"Verdana\">ttem, fe<\/font><font face=\"Verdana\">st<\/font><font face=\"Verdana\">eren<\/font> Stahldraht, Drehdraht und Muffe verzinkt<\/p>\n<p>\n\t<font color=\"#333333\" face=\"Verdana\" size=\"2\"><strong><u>Abmessungen:<\/u><\/strong>&nbsp; Durchmesser <\/font>120 mm, Besatzl\u00e4nge 100 mm, Gesaml\u00e4nge 160 mm<\/p>\n<p>Rundb\u00fcrste M10 innen glatter Stahldraht,  120 mm h\u00e4rterer Besatz<\/p>\n","protected":false},"excerpt":{"rendered":"<p>Kesselreinigungsb\u00fcrste aus glattem, festeren Stahldraht, Drehdraht und Muffe verzinkt Abmessungen:&nbsp; Durchmesser 120 mm, Besatzl\u00e4nge 100 mm, Gesaml\u00e4nge 160 mm Rundb\u00fcrste M10 innen glatter Stahldraht, 120 mm h\u00e4rterer Besatz<\/p>\n","protected":false},"featured_media":7752,"comment_status":"closed","ping_status":"open","template":"","meta":{"_acf_changed":false},"product_safety_overall":[],"product_brand":[],"product_cat":[1906,1913,1914,1916],"product_tag":[790],"class_list":{"0":"post-7344","1":"product","2":"type-product","3":"status-publish","4":"has-post-thumbnail","6":"product_cat-reinigungsbuersten","7":"product_cat-m10-innen-gewinde","8":"product_cat-reinigungsbuersten-m10-muffe-m10-muffe-stahldraht","9":"product_cat-reinigungsbuersten-m10-muffe-m10-muffe-stahldraht-rundbuerste","10":"product_tag-kesselreinigungsbuersten","12":"first","13":"instock","14":"taxable","15":"shipping-taxable","16":"purchasable","17":"product-type-simple"},"acf":[],"_links":{"self":[{"href":"https:\/\/www.ras-feuerfest.de\/shop\/wp-json\/wp\/v2\/product\/7344","targetHints":{"allow":["GET"]}}],"collection":[{"href":"https:\/\/www.ras-feuerfest.de\/shop\/wp-json\/wp\/v2\/product"}],"about":[{"href":"https:\/\/www.ras-feuerfest.de\/shop\/wp-json\/wp\/v2\/types\/product"}],"replies":[{"embeddable":true,"href":"https:\/\/www.ras-feuerfest.de\/shop\/wp-json\/wp\/v2\/comments?post=7344"}],"wp:featuredmedia":[{"embeddable":true,"href":"https:\/\/www.ras-feuerfest.de\/shop\/wp-json\/wp\/v2\/media\/7752"}],"wp:attachment":[{"href":"https:\/\/www.ras-feuerfest.de\/shop\/wp-json\/wp\/v2\/media?parent=7344"}],"wp:term":[{"taxonomy":"product_safety_overall","embeddable":true,"href":"https:\/\/www.ras-feuerfest.de\/shop\/wp-json\/wp\/v2\/product_safety_overall?post=7344"},{"taxonomy":"product_brand","embeddable":true,"href":"https:\/\/www.ras-feuerfest.de\/shop\/wp-json\/wp\/v2\/product_brand?post=7344"},{"taxonomy":"product_cat","embeddable":true,"href":"https:\/\/www.ras-feuerfest.de\/shop\/wp-json\/wp\/v2\/product_cat?post=7344"},{"taxonomy":"product_tag","embeddable":true,"href":"https:\/\/www.ras-feuerfest.de\/shop\/wp-json\/wp\/v2\/product_tag?post=7344"}],"curies":[{"name":"wp","href":"https:\/\/api.w.org\/{rel}","templated":true}]}}