{"id":7374,"date":"2024-10-09T17:53:46","date_gmt":"2024-10-09T15:53:46","guid":{"rendered":"https:\/\/www.ras-feuerfest.de\/shop\/product\/kaminrohr-buersten-flachstahdraht-m10-oese-d-200-mm\/"},"modified":"2024-10-10T13:43:26","modified_gmt":"2024-10-10T11:43:26","slug":"kaminrohr-buersten-flachstahdraht-m10-oese-d-200-mm","status":"publish","type":"product","link":"https:\/\/www.ras-feuerfest.de\/shop\/produkt\/kaminrohr-buersten-flachstahdraht-m10-oese-d-200-mm\/","title":{"rendered":"Kaminrohr B\u00fcrsten, Flachstahdraht  M10 + \u00d6se, D: 200 mm"},"content":{"rendered":"<p>\n\t<span style=\"font-size:14px;\">Kaminrohr B\u00fcrste mit Flachstahldraht. 4-lagig, mit \u00d6se<\/span><\/p>\n<p>\n\t<em><span style=\"font-size:14px;\">Abmess.:&nbsp; D200 mm, Besatz 45 mm, Gesamtl\u00e4nge 165 mm<\/span><\/em><\/p>\n<p>Kaminrohr B\u00fcrsten, Flachstahdraht  M10 + \u00d6se, D: 200 mm<\/p>\n","protected":false},"excerpt":{"rendered":"<p>Kaminrohr B\u00fcrste mit Flachstahldraht. 4-lagig, mit \u00d6se Abmess.:&nbsp; D200 mm, Besatz 45 mm, Gesamtl\u00e4nge 165 mm Kaminrohr B\u00fcrsten, Flachstahdraht M10 + \u00d6se, D: 200 mm<\/p>\n","protected":false},"featured_media":7761,"comment_status":"closed","ping_status":"open","template":"","meta":{"_acf_changed":false},"product_safety_overall":[],"product_brand":[],"product_cat":[1906,1937,1938],"product_tag":[790,791],"class_list":{"0":"post-7374","1":"product","2":"type-product","3":"status-publish","4":"has-post-thumbnail","6":"product_cat-reinigungsbuersten","7":"product_cat-reinigungsbuersten-rauchrohrbesen","8":"product_cat-reinigungsbuersten-rauchrohrbesen-mit-m12-gewinde-und-oese","9":"product_tag-kesselreinigungsbuersten","10":"product_tag-kaminbesen","12":"first","13":"instock","14":"taxable","15":"shipping-taxable","16":"purchasable","17":"product-type-simple"},"acf":[],"_links":{"self":[{"href":"https:\/\/www.ras-feuerfest.de\/shop\/wp-json\/wp\/v2\/product\/7374","targetHints":{"allow":["GET"]}}],"collection":[{"href":"https:\/\/www.ras-feuerfest.de\/shop\/wp-json\/wp\/v2\/product"}],"about":[{"href":"https:\/\/www.ras-feuerfest.de\/shop\/wp-json\/wp\/v2\/types\/product"}],"replies":[{"embeddable":true,"href":"https:\/\/www.ras-feuerfest.de\/shop\/wp-json\/wp\/v2\/comments?post=7374"}],"wp:featuredmedia":[{"embeddable":true,"href":"https:\/\/www.ras-feuerfest.de\/shop\/wp-json\/wp\/v2\/media\/7761"}],"wp:attachment":[{"href":"https:\/\/www.ras-feuerfest.de\/shop\/wp-json\/wp\/v2\/media?parent=7374"}],"wp:term":[{"taxonomy":"product_safety_overall","embeddable":true,"href":"https:\/\/www.ras-feuerfest.de\/shop\/wp-json\/wp\/v2\/product_safety_overall?post=7374"},{"taxonomy":"product_brand","embeddable":true,"href":"https:\/\/www.ras-feuerfest.de\/shop\/wp-json\/wp\/v2\/product_brand?post=7374"},{"taxonomy":"product_cat","embeddable":true,"href":"https:\/\/www.ras-feuerfest.de\/shop\/wp-json\/wp\/v2\/product_cat?post=7374"},{"taxonomy":"product_tag","embeddable":true,"href":"https:\/\/www.ras-feuerfest.de\/shop\/wp-json\/wp\/v2\/product_tag?post=7374"}],"curies":[{"name":"wp","href":"https:\/\/api.w.org\/{rel}","templated":true}]}}