{"id":7381,"date":"2024-10-09T17:53:46","date_gmt":"2024-10-09T15:53:46","guid":{"rendered":"https:\/\/www.ras-feuerfest.de\/shop\/product\/rundbuerste-m10-innen-nylon-d-55-mm-doppelraupe\/"},"modified":"2024-10-10T13:43:06","modified_gmt":"2024-10-10T11:43:06","slug":"rundbuerste-m10-innen-nylon-d-55-mm-doppelraupe","status":"publish","type":"product","link":"https:\/\/www.ras-feuerfest.de\/shop\/produkt\/rundbuerste-m10-innen-nylon-d-55-mm-doppelraupe\/","title":{"rendered":"Rundb\u00fcrste M10 innen Nylon D 55 mm Doppelraupe"},"content":{"rendered":"<p>\n\t<font color=\"#333333\" face=\"Verdana\" size=\"2\">Kesselreinigungsb\u00fcrste aus Nylon, Drehdraht und Muffe verzinkt<\/font><\/p>\n<p>\n\t<font color=\"#333333\" face=\"Verdana\" size=\"2\"><strong><u>Abmessungen:<\/u><\/strong>&nbsp; Durchmesser <\/font><font face=\"Verdana\">55<\/font> mm, Besatzl\u00e4nge 2&#215;40 mm, Gesaml\u00e4nge 180 mm<\/p>\n<p>Rundb\u00fcrste M10 innen Nylon D 55 mm Doppelraupe<\/p>\n","protected":false},"excerpt":{"rendered":"<p>Kesselreinigungsb\u00fcrste aus Nylon, Drehdraht und Muffe verzinkt Abmessungen:&nbsp; Durchmesser 55 mm, Besatzl\u00e4nge 2&#215;40 mm, Gesaml\u00e4nge 180 mm Rundb\u00fcrste M10 innen Nylon D 55 mm Doppelraupe<\/p>\n","protected":false},"featured_media":7764,"comment_status":"closed","ping_status":"open","template":"","meta":{"_acf_changed":false},"product_safety_overall":[],"product_brand":[],"product_cat":[1906,1913,1918,1920],"product_tag":[790],"class_list":{"0":"post-7381","1":"product","2":"type-product","3":"status-publish","4":"has-post-thumbnail","6":"product_cat-reinigungsbuersten","7":"product_cat-m10-innen-gewinde","8":"product_cat-reinigungsbuersten-m10-muffe-m10-muffe-nylon","9":"product_cat-reinigungsbuersten-m10-muffe-m10-muffe-nylon-rundbuerste","10":"product_tag-kesselreinigungsbuersten","12":"first","13":"instock","14":"taxable","15":"shipping-taxable","16":"purchasable","17":"product-type-simple"},"acf":[],"_links":{"self":[{"href":"https:\/\/www.ras-feuerfest.de\/shop\/wp-json\/wp\/v2\/product\/7381","targetHints":{"allow":["GET"]}}],"collection":[{"href":"https:\/\/www.ras-feuerfest.de\/shop\/wp-json\/wp\/v2\/product"}],"about":[{"href":"https:\/\/www.ras-feuerfest.de\/shop\/wp-json\/wp\/v2\/types\/product"}],"replies":[{"embeddable":true,"href":"https:\/\/www.ras-feuerfest.de\/shop\/wp-json\/wp\/v2\/comments?post=7381"}],"wp:featuredmedia":[{"embeddable":true,"href":"https:\/\/www.ras-feuerfest.de\/shop\/wp-json\/wp\/v2\/media\/7764"}],"wp:attachment":[{"href":"https:\/\/www.ras-feuerfest.de\/shop\/wp-json\/wp\/v2\/media?parent=7381"}],"wp:term":[{"taxonomy":"product_safety_overall","embeddable":true,"href":"https:\/\/www.ras-feuerfest.de\/shop\/wp-json\/wp\/v2\/product_safety_overall?post=7381"},{"taxonomy":"product_brand","embeddable":true,"href":"https:\/\/www.ras-feuerfest.de\/shop\/wp-json\/wp\/v2\/product_brand?post=7381"},{"taxonomy":"product_cat","embeddable":true,"href":"https:\/\/www.ras-feuerfest.de\/shop\/wp-json\/wp\/v2\/product_cat?post=7381"},{"taxonomy":"product_tag","embeddable":true,"href":"https:\/\/www.ras-feuerfest.de\/shop\/wp-json\/wp\/v2\/product_tag?post=7381"}],"curies":[{"name":"wp","href":"https:\/\/api.w.org\/{rel}","templated":true}]}}