{"id":7394,"date":"2024-10-09T17:53:46","date_gmt":"2024-10-09T15:53:46","guid":{"rendered":"https:\/\/www.ras-feuerfest.de\/shop\/product\/rechteckbuerste-m10-innen-nylon-20x30-mm\/"},"modified":"2024-10-10T13:43:04","modified_gmt":"2024-10-10T11:43:04","slug":"rechteckbuerste-m10-innen-nylon-20x30-mm","status":"publish","type":"product","link":"https:\/\/www.ras-feuerfest.de\/shop\/produkt\/rechteckbuerste-m10-innen-nylon-20x30-mm\/","title":{"rendered":"Rechteckb\u00fcrste M10 innen Nylon  20&#215;30 mm"},"content":{"rendered":"<p>\n\t<font color=\"#333333\" face=\"Verdana\" size=\"2\">Kesselreinigungsb\u00fcrste aus Nylon, Drehdraht und Muffe verzinkt<\/font><\/p>\n<p>\n\t<font color=\"#333333\" face=\"Verdana\" size=\"2\"><strong><u>Abmessungen:<\/u><\/strong>&nbsp; 20&#215;30 mm, Besatzl\u00e4nge 80 mm, Gesaml\u00e4nge 130 mm<\/font><\/p>\n<p>Rechteckb\u00fcrste M10 innen Nylon  20&#215;30 mm<\/p>\n","protected":false},"excerpt":{"rendered":"<p>Kesselreinigungsb\u00fcrste aus Nylon, Drehdraht und Muffe verzinkt Abmessungen:&nbsp; 20&#215;30 mm, Besatzl\u00e4nge 80 mm, Gesaml\u00e4nge 130 mm Rechteckb\u00fcrste M10 innen Nylon 20&#215;30 mm<\/p>\n","protected":false},"featured_media":0,"comment_status":"closed","ping_status":"open","template":"","meta":{"_acf_changed":false},"product_safety_overall":[],"product_brand":[],"product_cat":[1906,1913,1918,1919],"product_tag":[790],"class_list":{"0":"post-7394","1":"product","2":"type-product","3":"status-publish","5":"product_cat-reinigungsbuersten","6":"product_cat-m10-innen-gewinde","7":"product_cat-reinigungsbuersten-m10-muffe-m10-muffe-nylon","8":"product_cat-reinigungsbuersten-m10-muffe-m10-muffe-nylon-rechteckbuerste","9":"product_tag-kesselreinigungsbuersten","11":"first","12":"instock","13":"taxable","14":"shipping-taxable","15":"purchasable","16":"product-type-simple"},"acf":[],"_links":{"self":[{"href":"https:\/\/www.ras-feuerfest.de\/shop\/wp-json\/wp\/v2\/product\/7394","targetHints":{"allow":["GET"]}}],"collection":[{"href":"https:\/\/www.ras-feuerfest.de\/shop\/wp-json\/wp\/v2\/product"}],"about":[{"href":"https:\/\/www.ras-feuerfest.de\/shop\/wp-json\/wp\/v2\/types\/product"}],"replies":[{"embeddable":true,"href":"https:\/\/www.ras-feuerfest.de\/shop\/wp-json\/wp\/v2\/comments?post=7394"}],"wp:attachment":[{"href":"https:\/\/www.ras-feuerfest.de\/shop\/wp-json\/wp\/v2\/media?parent=7394"}],"wp:term":[{"taxonomy":"product_safety_overall","embeddable":true,"href":"https:\/\/www.ras-feuerfest.de\/shop\/wp-json\/wp\/v2\/product_safety_overall?post=7394"},{"taxonomy":"product_brand","embeddable":true,"href":"https:\/\/www.ras-feuerfest.de\/shop\/wp-json\/wp\/v2\/product_brand?post=7394"},{"taxonomy":"product_cat","embeddable":true,"href":"https:\/\/www.ras-feuerfest.de\/shop\/wp-json\/wp\/v2\/product_cat?post=7394"},{"taxonomy":"product_tag","embeddable":true,"href":"https:\/\/www.ras-feuerfest.de\/shop\/wp-json\/wp\/v2\/product_tag?post=7394"}],"curies":[{"name":"wp","href":"https:\/\/api.w.org\/{rel}","templated":true}]}}