{"id":7400,"date":"2024-10-09T17:53:59","date_gmt":"2024-10-09T15:53:59","guid":{"rendered":"https:\/\/www.ras-feuerfest.de\/shop\/product\/rueckwandbuerste-m10-innen-nylon-50-mm\/"},"modified":"2024-10-09T17:53:59","modified_gmt":"2024-10-09T15:53:59","slug":"rueckwandbuerste-m10-innen-nylon-50-mm","status":"publish","type":"product","link":"https:\/\/www.ras-feuerfest.de\/shop\/produkt\/rueckwandbuerste-m10-innen-nylon-50-mm\/","title":{"rendered":"R\u00fcckwandb\u00fcrste M10 innen Nylon 50 mm"},"content":{"rendered":"<p><font color=\"#333333\" face=\"Verdana\" size=\"2\">Kesselreinigungsb\u00fcrste Segmentf\u00f6rmig&nbsp; aus Nylon, Drehdraht und Muffe verzinkt<br \/>\nSeiten- und R\u00fcckwandb\u00fcrste.<\/font><\/p>\n<p><font color=\"#333333\" face=\"Verdana\" size=\"2\"><strong><u>Abmessungen:<\/u><\/strong>&nbsp; Durchmesser 50 mm, Besatzl\u00e4nge 100 mm, Gesaml\u00e4nge 120 mm<\/font><\/p>\n<p>R\u00fcckwandb\u00fcrste M10 innen Nylon 50 mm<\/p>\n","protected":false},"excerpt":{"rendered":"<p>Kesselreinigungsb\u00fcrste Segmentf\u00f6rmig&nbsp; aus Nylon, Drehdraht und Muffe verzinkt Seiten- und R\u00fcckwandb\u00fcrste. Abmessungen:&nbsp; Durchmesser 50 mm, Besatzl\u00e4nge 100 mm, Gesaml\u00e4nge 120 mm R\u00fcckwandb\u00fcrste M10 innen Nylon 50 mm<\/p>\n","protected":false},"featured_media":7770,"comment_status":"closed","ping_status":"open","template":"","meta":{"_acf_changed":false},"product_safety_overall":[],"product_brand":[],"product_cat":[230],"product_tag":[790],"class_list":{"0":"post-7400","1":"product","2":"type-product","3":"status-publish","4":"has-post-thumbnail","6":"product_cat-unkategorisiert","7":"product_tag-kesselreinigungsbuersten","9":"first","10":"instock","11":"taxable","12":"shipping-taxable","13":"purchasable","14":"product-type-simple"},"acf":[],"_links":{"self":[{"href":"https:\/\/www.ras-feuerfest.de\/shop\/wp-json\/wp\/v2\/product\/7400","targetHints":{"allow":["GET"]}}],"collection":[{"href":"https:\/\/www.ras-feuerfest.de\/shop\/wp-json\/wp\/v2\/product"}],"about":[{"href":"https:\/\/www.ras-feuerfest.de\/shop\/wp-json\/wp\/v2\/types\/product"}],"replies":[{"embeddable":true,"href":"https:\/\/www.ras-feuerfest.de\/shop\/wp-json\/wp\/v2\/comments?post=7400"}],"wp:featuredmedia":[{"embeddable":true,"href":"https:\/\/www.ras-feuerfest.de\/shop\/wp-json\/wp\/v2\/media\/7770"}],"wp:attachment":[{"href":"https:\/\/www.ras-feuerfest.de\/shop\/wp-json\/wp\/v2\/media?parent=7400"}],"wp:term":[{"taxonomy":"product_safety_overall","embeddable":true,"href":"https:\/\/www.ras-feuerfest.de\/shop\/wp-json\/wp\/v2\/product_safety_overall?post=7400"},{"taxonomy":"product_brand","embeddable":true,"href":"https:\/\/www.ras-feuerfest.de\/shop\/wp-json\/wp\/v2\/product_brand?post=7400"},{"taxonomy":"product_cat","embeddable":true,"href":"https:\/\/www.ras-feuerfest.de\/shop\/wp-json\/wp\/v2\/product_cat?post=7400"},{"taxonomy":"product_tag","embeddable":true,"href":"https:\/\/www.ras-feuerfest.de\/shop\/wp-json\/wp\/v2\/product_tag?post=7400"}],"curies":[{"name":"wp","href":"https:\/\/api.w.org\/{rel}","templated":true}]}}