{"id":7469,"date":"2024-10-09T17:54:25","date_gmt":"2024-10-09T15:54:25","guid":{"rendered":"https:\/\/www.ras-feuerfest.de\/shop\/product\/rauchrohrbesen-mit-gedrehtem-stiel-stahldrahtbesatz-d-250-mm-laenge-3000-mm\/"},"modified":"2024-10-10T13:43:30","modified_gmt":"2024-10-10T11:43:30","slug":"rauchrohrbesen-mit-gedrehtem-stiel-stahldrahtbesatz-d-250-mm-laenge-3000-mm","status":"publish","type":"product","link":"https:\/\/www.ras-feuerfest.de\/shop\/produkt\/rauchrohrbesen-mit-gedrehtem-stiel-stahldrahtbesatz-d-250-mm-laenge-3000-mm\/","title":{"rendered":"Rauchrohrbesen mit gedrehtem Stiel, Stahldrahtbesatz, D: 250 mm\/L\u00e4nge 3000 mm"},"content":{"rendered":"<p>\n\t<font color=\"#333333\" face=\"Verdana\" size=\"2\">Rauchrohrb\u00fcrste mit gewelltem Stahldrahtbesatz, gedrehter verzinkter Stiel, flexibel<\/p>\n<p>\t<span style=\"FONT-WEIGHT: bold; TEXT-DECORATION: underline\">Abmessungen:<\/span> Durchmesser <\/font><font face=\"Verdana\">25<\/font>0 mm, Besatzl\u00e4nge&nbsp;110 mm,<br \/>\n\tGesamtl\u00e4nge&nbsp; 3000 mm<\/p>\n<p>Rauchrohrbesen mit gedrehtem Stiel, Stahldrahtbesatz, D: 250 mm\/L\u00e4nge 3000 mm<\/p>\n","protected":false},"excerpt":{"rendered":"<p>Rauchrohrb\u00fcrste mit gewelltem Stahldrahtbesatz, gedrehter verzinkter Stiel, flexibel Abmessungen: Durchmesser 250 mm, Besatzl\u00e4nge&nbsp;110 mm, Gesamtl\u00e4nge&nbsp; 3000 mm Rauchrohrbesen mit gedrehtem Stiel, Stahldrahtbesatz, D: 250 mm\/L\u00e4nge 3000 mm<\/p>\n","protected":false},"featured_media":7792,"comment_status":"closed","ping_status":"open","template":"","meta":{"_acf_changed":false},"product_safety_overall":[],"product_brand":[],"product_cat":[1906,1937,1939,1941],"product_tag":[790,791,794],"class_list":{"0":"post-7469","1":"product","2":"type-product","3":"status-publish","4":"has-post-thumbnail","6":"product_cat-reinigungsbuersten","7":"product_cat-reinigungsbuersten-rauchrohrbesen","8":"product_cat-reinigungsbuersten-rauchrohrbesen-mit-stiel","9":"product_cat-reinigungsbuersten-rauchrohrbesen-mit-stiel-laenge-3-meter","10":"product_tag-kesselreinigungsbuersten","11":"product_tag-kaminbesen","12":"product_tag-rauchrohrbesen","14":"first","15":"instock","16":"taxable","17":"shipping-taxable","18":"purchasable","19":"product-type-simple"},"acf":[],"_links":{"self":[{"href":"https:\/\/www.ras-feuerfest.de\/shop\/wp-json\/wp\/v2\/product\/7469","targetHints":{"allow":["GET"]}}],"collection":[{"href":"https:\/\/www.ras-feuerfest.de\/shop\/wp-json\/wp\/v2\/product"}],"about":[{"href":"https:\/\/www.ras-feuerfest.de\/shop\/wp-json\/wp\/v2\/types\/product"}],"replies":[{"embeddable":true,"href":"https:\/\/www.ras-feuerfest.de\/shop\/wp-json\/wp\/v2\/comments?post=7469"}],"wp:featuredmedia":[{"embeddable":true,"href":"https:\/\/www.ras-feuerfest.de\/shop\/wp-json\/wp\/v2\/media\/7792"}],"wp:attachment":[{"href":"https:\/\/www.ras-feuerfest.de\/shop\/wp-json\/wp\/v2\/media?parent=7469"}],"wp:term":[{"taxonomy":"product_safety_overall","embeddable":true,"href":"https:\/\/www.ras-feuerfest.de\/shop\/wp-json\/wp\/v2\/product_safety_overall?post=7469"},{"taxonomy":"product_brand","embeddable":true,"href":"https:\/\/www.ras-feuerfest.de\/shop\/wp-json\/wp\/v2\/product_brand?post=7469"},{"taxonomy":"product_cat","embeddable":true,"href":"https:\/\/www.ras-feuerfest.de\/shop\/wp-json\/wp\/v2\/product_cat?post=7469"},{"taxonomy":"product_tag","embeddable":true,"href":"https:\/\/www.ras-feuerfest.de\/shop\/wp-json\/wp\/v2\/product_tag?post=7469"}],"curies":[{"name":"wp","href":"https:\/\/api.w.org\/{rel}","templated":true}]}}