{"id":7485,"date":"2024-10-09T17:54:25","date_gmt":"2024-10-09T15:54:25","guid":{"rendered":"https:\/\/www.ras-feuerfest.de\/shop\/product\/rundbuerste-mit-weichem-nylon-besatz-d-25-mm-laenge-600-mm-mit-glattem-angepressten-stiel\/"},"modified":"2024-10-10T13:43:24","modified_gmt":"2024-10-10T11:43:24","slug":"rundbuerste-mit-weichem-nylon-besatz-d-25-mm-laenge-600-mm-mit-glattem-angepressten-stiel","status":"publish","type":"product","link":"https:\/\/www.ras-feuerfest.de\/shop\/produkt\/rundbuerste-mit-weichem-nylon-besatz-d-25-mm-laenge-600-mm-mit-glattem-angepressten-stiel\/","title":{"rendered":"Rundb\u00fcrste mit weichem NYLON Besatz D: 25 mm \/ L\u00e4nge 600 mm, mit glattem, angepre\u00dften Stiel"},"content":{"rendered":"<p>\n\t<font color=\"#333333\" face=\"Verdana\" size=\"2\">Reinigungsstielb\u00fcrste mit weichem Nylonbesatz, mit <\/font><font face=\"Verdana\">angepre\u00dften, glattem, <\/font>verzinkter Stiel,<\/p>\n<p>\t<span style=\"font-weight: bold; text-decoration: underline;\">Abmessungen:<\/span> Durchmesser <font face=\"Verdana\">25<\/font> mm, Besatzl\u00e4nge 100 mm, Gesamtl\u00e4nge <font face=\"Verdana\">60<\/font>0 mm<\/p>\n<p>Rundb\u00fcrste mit weichem NYLON Besatz D: 25 mm \/ L\u00e4nge 600 mm, mit glattem, angepre\u00dften Stiel<\/p>\n","protected":false},"excerpt":{"rendered":"<p>Reinigungsstielb\u00fcrste mit weichem Nylonbesatz, mit angepre\u00dften, glattem, verzinkter Stiel, Abmessungen: Durchmesser 25 mm, Besatzl\u00e4nge 100 mm, Gesamtl\u00e4nge 600 mm Rundb\u00fcrste mit weichem NYLON Besatz D: 25 mm \/ L\u00e4nge 600 mm, mit glattem, angepre\u00dften Stiel<\/p>\n","protected":false},"featured_media":7797,"comment_status":"closed","ping_status":"open","template":"","meta":{"_acf_changed":false},"product_safety_overall":[],"product_brand":[],"product_cat":[1906,1923,1933,1935],"product_tag":[790,795],"class_list":{"0":"post-7485","1":"product","2":"type-product","3":"status-publish","4":"has-post-thumbnail","6":"product_cat-reinigungsbuersten","7":"product_cat-reinigungsbuersten-stielbuersten","8":"product_cat-reinigungsbuersten-stielbuersten-thermbuersten-mit-stiel","9":"product_cat-reinigungsbuersten-stielbuersten-thermbuersten-mit-stiel-rundbuerste","10":"product_tag-kesselreinigungsbuersten","11":"product_tag-thermenbuersten","13":"first","14":"instock","15":"taxable","16":"shipping-taxable","17":"purchasable","18":"product-type-simple"},"acf":[],"_links":{"self":[{"href":"https:\/\/www.ras-feuerfest.de\/shop\/wp-json\/wp\/v2\/product\/7485","targetHints":{"allow":["GET"]}}],"collection":[{"href":"https:\/\/www.ras-feuerfest.de\/shop\/wp-json\/wp\/v2\/product"}],"about":[{"href":"https:\/\/www.ras-feuerfest.de\/shop\/wp-json\/wp\/v2\/types\/product"}],"replies":[{"embeddable":true,"href":"https:\/\/www.ras-feuerfest.de\/shop\/wp-json\/wp\/v2\/comments?post=7485"}],"wp:featuredmedia":[{"embeddable":true,"href":"https:\/\/www.ras-feuerfest.de\/shop\/wp-json\/wp\/v2\/media\/7797"}],"wp:attachment":[{"href":"https:\/\/www.ras-feuerfest.de\/shop\/wp-json\/wp\/v2\/media?parent=7485"}],"wp:term":[{"taxonomy":"product_safety_overall","embeddable":true,"href":"https:\/\/www.ras-feuerfest.de\/shop\/wp-json\/wp\/v2\/product_safety_overall?post=7485"},{"taxonomy":"product_brand","embeddable":true,"href":"https:\/\/www.ras-feuerfest.de\/shop\/wp-json\/wp\/v2\/product_brand?post=7485"},{"taxonomy":"product_cat","embeddable":true,"href":"https:\/\/www.ras-feuerfest.de\/shop\/wp-json\/wp\/v2\/product_cat?post=7485"},{"taxonomy":"product_tag","embeddable":true,"href":"https:\/\/www.ras-feuerfest.de\/shop\/wp-json\/wp\/v2\/product_tag?post=7485"}],"curies":[{"name":"wp","href":"https:\/\/api.w.org\/{rel}","templated":true}]}}