{"id":7490,"date":"2024-10-09T17:54:35","date_gmt":"2024-10-09T15:54:35","guid":{"rendered":"https:\/\/www.ras-feuerfest.de\/shop\/product\/rundbuerste-mit-nylon-besatz-d-38-mm-laenge-1000-mm-mit-gedrehtem-stiel-flexibel\/"},"modified":"2024-10-10T13:43:20","modified_gmt":"2024-10-10T11:43:20","slug":"rundbuerste-mit-nylon-besatz-d-38-mm-laenge-1000-mm-mit-gedrehtem-stiel-flexibel","status":"publish","type":"product","link":"https:\/\/www.ras-feuerfest.de\/shop\/produkt\/rundbuerste-mit-nylon-besatz-d-38-mm-laenge-1000-mm-mit-gedrehtem-stiel-flexibel\/","title":{"rendered":"Rundb\u00fcrste mit NYLON Besatz D: 38 mm \/ L\u00e4nge 1000 mm mit gedrehtem Stiel, flexibel"},"content":{"rendered":"<p>\n\t<font color=\"#333333\" face=\"Verdana\" size=\"2\">Reinigungsstielb\u00fcrste mit<\/font><font face=\"Verdana\"> <\/font>Nylonbesatz, gedrehter verzinkter Stiel, flexibel<\/p>\n<p>\t<span style=\"font-weight: bold; text-decoration: underline;\">Abmessungen:<\/span> Durchmesser 38 mm, Besatzl\u00e4nge 100 mm, Gesamtl\u00e4nge 1000 mm<\/p>\n<p>Rundb\u00fcrste mit NYLON Besatz D: 38 mm \/ L\u00e4nge 1000 mm mit gedrehtem Stiel, flexibel<\/p>\n","protected":false},"excerpt":{"rendered":"<p>Reinigungsstielb\u00fcrste mit Nylonbesatz, gedrehter verzinkter Stiel, flexibel Abmessungen: Durchmesser 38 mm, Besatzl\u00e4nge 100 mm, Gesamtl\u00e4nge 1000 mm Rundb\u00fcrste mit NYLON Besatz D: 38 mm \/ L\u00e4nge 1000 mm mit gedrehtem Stiel, flexibel<\/p>\n","protected":false},"featured_media":0,"comment_status":"closed","ping_status":"open","template":"","meta":{"_acf_changed":false},"product_safety_overall":[],"product_brand":[],"product_cat":[1906,1923,1929,1932],"product_tag":[790,796],"class_list":{"0":"post-7490","1":"product","2":"type-product","3":"status-publish","5":"product_cat-reinigungsbuersten","6":"product_cat-reinigungsbuersten-stielbuersten","7":"product_cat-reinigungsbuersten-stielbuersten-nylonbuersten-mit-stiel","8":"product_cat-reinigungsbuersten-stielbuersten-nylonbuersten-mit-stiel-rundbuerste","9":"product_tag-kesselreinigungsbuersten","10":"product_tag-nylonbuersten","12":"first","13":"instock","14":"taxable","15":"shipping-taxable","16":"purchasable","17":"product-type-simple"},"acf":[],"_links":{"self":[{"href":"https:\/\/www.ras-feuerfest.de\/shop\/wp-json\/wp\/v2\/product\/7490","targetHints":{"allow":["GET"]}}],"collection":[{"href":"https:\/\/www.ras-feuerfest.de\/shop\/wp-json\/wp\/v2\/product"}],"about":[{"href":"https:\/\/www.ras-feuerfest.de\/shop\/wp-json\/wp\/v2\/types\/product"}],"replies":[{"embeddable":true,"href":"https:\/\/www.ras-feuerfest.de\/shop\/wp-json\/wp\/v2\/comments?post=7490"}],"wp:attachment":[{"href":"https:\/\/www.ras-feuerfest.de\/shop\/wp-json\/wp\/v2\/media?parent=7490"}],"wp:term":[{"taxonomy":"product_safety_overall","embeddable":true,"href":"https:\/\/www.ras-feuerfest.de\/shop\/wp-json\/wp\/v2\/product_safety_overall?post=7490"},{"taxonomy":"product_brand","embeddable":true,"href":"https:\/\/www.ras-feuerfest.de\/shop\/wp-json\/wp\/v2\/product_brand?post=7490"},{"taxonomy":"product_cat","embeddable":true,"href":"https:\/\/www.ras-feuerfest.de\/shop\/wp-json\/wp\/v2\/product_cat?post=7490"},{"taxonomy":"product_tag","embeddable":true,"href":"https:\/\/www.ras-feuerfest.de\/shop\/wp-json\/wp\/v2\/product_tag?post=7490"}],"curies":[{"name":"wp","href":"https:\/\/api.w.org\/{rel}","templated":true}]}}