{"id":7493,"date":"2024-10-09T17:54:35","date_gmt":"2024-10-09T15:54:35","guid":{"rendered":"https:\/\/www.ras-feuerfest.de\/shop\/product\/rundbuerste-mit-nylon-besatz-d-80-mm-laenge-1200-mm-mit-sehr-flexiblen-gedrehtem-stiel-flexibel\/"},"modified":"2024-10-10T13:43:20","modified_gmt":"2024-10-10T11:43:20","slug":"rundbuerste-mit-nylon-besatz-d-80-mm-laenge-1200-mm-mit-sehr-flexiblen-gedrehtem-stiel-flexibel","status":"publish","type":"product","link":"https:\/\/www.ras-feuerfest.de\/shop\/produkt\/rundbuerste-mit-nylon-besatz-d-80-mm-laenge-1200-mm-mit-sehr-flexiblen-gedrehtem-stiel-flexibel\/","title":{"rendered":"Rundb\u00fcrste mit NYLON Besatz D: 80 mm \/ L\u00e4nge 1200 mm mit sehr flexiblen, gedrehtem Stiel, flexibel"},"content":{"rendered":"<p>\n\t<font color=\"#333333\" face=\"Verdana\" size=\"2\">Reinigungsstielb\u00fcrste mit<\/font><font face=\"Verdana\"> <\/font>Nylonbesatz, gedrehter verzinkter Stiel, sehr flexibel<\/p>\n<p>\t<span style=\"font-weight: bold; text-decoration: underline;\">Abmessungen:<\/span> Durchmesser 80 mm, Besatzl\u00e4nge 100 mm, Gesamtl\u00e4nge 1200 mm<\/p>\n<p>Rundb\u00fcrste mit NYLON Besatz D: 80 mm \/ L\u00e4nge 1200 mm mit sehr flexiblen, gedrehtem Stiel, flexibel<\/p>\n","protected":false},"excerpt":{"rendered":"<p>Reinigungsstielb\u00fcrste mit Nylonbesatz, gedrehter verzinkter Stiel, sehr flexibel Abmessungen: Durchmesser 80 mm, Besatzl\u00e4nge 100 mm, Gesamtl\u00e4nge 1200 mm Rundb\u00fcrste mit NYLON Besatz D: 80 mm \/ L\u00e4nge 1200 mm mit sehr flexiblen, gedrehtem Stiel, flexibel<\/p>\n","protected":false},"featured_media":7799,"comment_status":"closed","ping_status":"open","template":"","meta":{"_acf_changed":false},"product_safety_overall":[],"product_brand":[],"product_cat":[1906,1923,1929,1932],"product_tag":[790,796],"class_list":{"0":"post-7493","1":"product","2":"type-product","3":"status-publish","4":"has-post-thumbnail","6":"product_cat-reinigungsbuersten","7":"product_cat-reinigungsbuersten-stielbuersten","8":"product_cat-reinigungsbuersten-stielbuersten-nylonbuersten-mit-stiel","9":"product_cat-reinigungsbuersten-stielbuersten-nylonbuersten-mit-stiel-rundbuerste","10":"product_tag-kesselreinigungsbuersten","11":"product_tag-nylonbuersten","13":"first","14":"instock","15":"taxable","16":"shipping-taxable","17":"purchasable","18":"product-type-simple"},"acf":[],"_links":{"self":[{"href":"https:\/\/www.ras-feuerfest.de\/shop\/wp-json\/wp\/v2\/product\/7493","targetHints":{"allow":["GET"]}}],"collection":[{"href":"https:\/\/www.ras-feuerfest.de\/shop\/wp-json\/wp\/v2\/product"}],"about":[{"href":"https:\/\/www.ras-feuerfest.de\/shop\/wp-json\/wp\/v2\/types\/product"}],"replies":[{"embeddable":true,"href":"https:\/\/www.ras-feuerfest.de\/shop\/wp-json\/wp\/v2\/comments?post=7493"}],"wp:featuredmedia":[{"embeddable":true,"href":"https:\/\/www.ras-feuerfest.de\/shop\/wp-json\/wp\/v2\/media\/7799"}],"wp:attachment":[{"href":"https:\/\/www.ras-feuerfest.de\/shop\/wp-json\/wp\/v2\/media?parent=7493"}],"wp:term":[{"taxonomy":"product_safety_overall","embeddable":true,"href":"https:\/\/www.ras-feuerfest.de\/shop\/wp-json\/wp\/v2\/product_safety_overall?post=7493"},{"taxonomy":"product_brand","embeddable":true,"href":"https:\/\/www.ras-feuerfest.de\/shop\/wp-json\/wp\/v2\/product_brand?post=7493"},{"taxonomy":"product_cat","embeddable":true,"href":"https:\/\/www.ras-feuerfest.de\/shop\/wp-json\/wp\/v2\/product_cat?post=7493"},{"taxonomy":"product_tag","embeddable":true,"href":"https:\/\/www.ras-feuerfest.de\/shop\/wp-json\/wp\/v2\/product_tag?post=7493"}],"curies":[{"name":"wp","href":"https:\/\/api.w.org\/{rel}","templated":true}]}}