{"id":7515,"date":"2024-10-09T17:54:35","date_gmt":"2024-10-09T15:54:35","guid":{"rendered":"https:\/\/www.ras-feuerfest.de\/shop\/product\/rechteckbuerste-mit-nylon-besatz-15x50-laenge-550-mm-gedrehter-stiel\/"},"modified":"2024-10-10T13:43:16","modified_gmt":"2024-10-10T11:43:16","slug":"rechteckbuerste-mit-nylon-besatz-15x50-laenge-550-mm-gedrehter-stiel","status":"publish","type":"product","link":"https:\/\/www.ras-feuerfest.de\/shop\/produkt\/rechteckbuerste-mit-nylon-besatz-15x50-laenge-550-mm-gedrehter-stiel\/","title":{"rendered":"Rechteckb\u00fcrste mit NYLON Besatz, 15&#215;50 \/ L\u00e4nge 550 mm, gedrehter Stiel"},"content":{"rendered":"<p>\n\t<font color=\"#333333\" face=\"Verdana\" size=\"2\">Reinigungsstielb\u00fcrste mit Nylonbesatz, festerer, gedrehter verzinkter Stiel, flexibel<\/p>\n<p>\t<span style=\"font-weight: bold; text-decoration: underline;\">Abmessungen:<\/span>&nbsp; 15x50mm, Besatzl\u00e4nge 100 mm, Gesamtl\u00e4nge 550 mm<\/font><\/p>\n<p>Rechteckb\u00fcrste mit NYLON Besatz, 15&#215;50 \/ L\u00e4nge 550 mm, gedrehter Stiel<\/p>\n","protected":false},"excerpt":{"rendered":"<p>Reinigungsstielb\u00fcrste mit Nylonbesatz, festerer, gedrehter verzinkter Stiel, flexibel Abmessungen:&nbsp; 15x50mm, Besatzl\u00e4nge 100 mm, Gesamtl\u00e4nge 550 mm Rechteckb\u00fcrste mit NYLON Besatz, 15&#215;50 \/ L\u00e4nge 550 mm, gedrehter Stiel<\/p>\n","protected":false},"featured_media":7806,"comment_status":"closed","ping_status":"open","template":"","meta":{"_acf_changed":false},"product_safety_overall":[],"product_brand":[],"product_cat":[1906,1923,1929,1930],"product_tag":[790],"class_list":{"0":"post-7515","1":"product","2":"type-product","3":"status-publish","4":"has-post-thumbnail","6":"product_cat-reinigungsbuersten","7":"product_cat-reinigungsbuersten-stielbuersten","8":"product_cat-reinigungsbuersten-stielbuersten-nylonbuersten-mit-stiel","9":"product_cat-reinigungsbuersten-stielbuersten-nylonbuersten-mit-stiel-rechteckbuerste","10":"product_tag-kesselreinigungsbuersten","12":"first","13":"instock","14":"taxable","15":"shipping-taxable","16":"purchasable","17":"product-type-simple"},"acf":[],"_links":{"self":[{"href":"https:\/\/www.ras-feuerfest.de\/shop\/wp-json\/wp\/v2\/product\/7515","targetHints":{"allow":["GET"]}}],"collection":[{"href":"https:\/\/www.ras-feuerfest.de\/shop\/wp-json\/wp\/v2\/product"}],"about":[{"href":"https:\/\/www.ras-feuerfest.de\/shop\/wp-json\/wp\/v2\/types\/product"}],"replies":[{"embeddable":true,"href":"https:\/\/www.ras-feuerfest.de\/shop\/wp-json\/wp\/v2\/comments?post=7515"}],"wp:featuredmedia":[{"embeddable":true,"href":"https:\/\/www.ras-feuerfest.de\/shop\/wp-json\/wp\/v2\/media\/7806"}],"wp:attachment":[{"href":"https:\/\/www.ras-feuerfest.de\/shop\/wp-json\/wp\/v2\/media?parent=7515"}],"wp:term":[{"taxonomy":"product_safety_overall","embeddable":true,"href":"https:\/\/www.ras-feuerfest.de\/shop\/wp-json\/wp\/v2\/product_safety_overall?post=7515"},{"taxonomy":"product_brand","embeddable":true,"href":"https:\/\/www.ras-feuerfest.de\/shop\/wp-json\/wp\/v2\/product_brand?post=7515"},{"taxonomy":"product_cat","embeddable":true,"href":"https:\/\/www.ras-feuerfest.de\/shop\/wp-json\/wp\/v2\/product_cat?post=7515"},{"taxonomy":"product_tag","embeddable":true,"href":"https:\/\/www.ras-feuerfest.de\/shop\/wp-json\/wp\/v2\/product_tag?post=7515"}],"curies":[{"name":"wp","href":"https:\/\/api.w.org\/{rel}","templated":true}]}}