{"id":7517,"date":"2024-10-09T17:54:54","date_gmt":"2024-10-09T15:54:54","guid":{"rendered":"https:\/\/www.ras-feuerfest.de\/shop\/product\/rechteckbuerste-mit-nylon-besatz-30x40-laenge-1000-mm-gedrehter-stiel-mit-schutzkappe-flexibel\/"},"modified":"2024-10-10T13:43:17","modified_gmt":"2024-10-10T11:43:17","slug":"rechteckbuerste-mit-nylon-besatz-30x40-laenge-1000-mm-gedrehter-stiel-mit-schutzkappe-flexibel","status":"publish","type":"product","link":"https:\/\/www.ras-feuerfest.de\/shop\/produkt\/rechteckbuerste-mit-nylon-besatz-30x40-laenge-1000-mm-gedrehter-stiel-mit-schutzkappe-flexibel\/","title":{"rendered":"Rechteckb\u00fcrste mit NYLON Besatz, 30&#215;40 \/ L\u00e4nge 1000 mm, gedrehter Stiel mit Schutzkappe,, flexibel"},"content":{"rendered":"<p>\n\t<font color=\"#333333\" face=\"Verdana\" size=\"2\">Reinigungsstielb\u00fcrste mit Nylonbesatz, fester<\/font><font face=\"Verdana\">,<\/font> gedrehter verzinkter Stie<font face=\"Verdana\">l mit Schutzkappe<\/font>, flexibel<\/p>\n<p>\t<span style=\"font-weight: bold; text-decoration: underline;\">Abmessungen:<\/span>&nbsp; 30x40mm, Besatzl\u00e4nge 100 mm, Gesamtl\u00e4nge 1000 mm<\/p>\n<p>Rechteckb\u00fcrste mit NYLON Besatz, 30&#215;40 \/ L\u00e4nge 1000 mm, gedrehter Stiel mit Schutzkappe,, flexibel<\/p>\n","protected":false},"excerpt":{"rendered":"<p>Reinigungsstielb\u00fcrste mit Nylonbesatz, fester, gedrehter verzinkter Stiel mit Schutzkappe, flexibel Abmessungen:&nbsp; 30x40mm, Besatzl\u00e4nge 100 mm, Gesamtl\u00e4nge 1000 mm Rechteckb\u00fcrste mit NYLON Besatz, 30&#215;40 \/ L\u00e4nge 1000 mm, gedrehter Stiel mit Schutzkappe,, flexibel<\/p>\n","protected":false},"featured_media":0,"comment_status":"closed","ping_status":"open","template":"","meta":{"_acf_changed":false},"product_safety_overall":[],"product_brand":[],"product_cat":[1906,1923,1929,1930],"product_tag":[790],"class_list":{"0":"post-7517","1":"product","2":"type-product","3":"status-publish","5":"product_cat-reinigungsbuersten","6":"product_cat-reinigungsbuersten-stielbuersten","7":"product_cat-reinigungsbuersten-stielbuersten-nylonbuersten-mit-stiel","8":"product_cat-reinigungsbuersten-stielbuersten-nylonbuersten-mit-stiel-rechteckbuerste","9":"product_tag-kesselreinigungsbuersten","11":"first","12":"instock","13":"taxable","14":"shipping-taxable","15":"purchasable","16":"product-type-simple"},"acf":[],"_links":{"self":[{"href":"https:\/\/www.ras-feuerfest.de\/shop\/wp-json\/wp\/v2\/product\/7517","targetHints":{"allow":["GET"]}}],"collection":[{"href":"https:\/\/www.ras-feuerfest.de\/shop\/wp-json\/wp\/v2\/product"}],"about":[{"href":"https:\/\/www.ras-feuerfest.de\/shop\/wp-json\/wp\/v2\/types\/product"}],"replies":[{"embeddable":true,"href":"https:\/\/www.ras-feuerfest.de\/shop\/wp-json\/wp\/v2\/comments?post=7517"}],"wp:attachment":[{"href":"https:\/\/www.ras-feuerfest.de\/shop\/wp-json\/wp\/v2\/media?parent=7517"}],"wp:term":[{"taxonomy":"product_safety_overall","embeddable":true,"href":"https:\/\/www.ras-feuerfest.de\/shop\/wp-json\/wp\/v2\/product_safety_overall?post=7517"},{"taxonomy":"product_brand","embeddable":true,"href":"https:\/\/www.ras-feuerfest.de\/shop\/wp-json\/wp\/v2\/product_brand?post=7517"},{"taxonomy":"product_cat","embeddable":true,"href":"https:\/\/www.ras-feuerfest.de\/shop\/wp-json\/wp\/v2\/product_cat?post=7517"},{"taxonomy":"product_tag","embeddable":true,"href":"https:\/\/www.ras-feuerfest.de\/shop\/wp-json\/wp\/v2\/product_tag?post=7517"}],"curies":[{"name":"wp","href":"https:\/\/api.w.org\/{rel}","templated":true}]}}