{"id":7520,"date":"2024-10-09T17:54:54","date_gmt":"2024-10-09T15:54:54","guid":{"rendered":"https:\/\/www.ras-feuerfest.de\/shop\/product\/rueck-und-seitenwandbuerste-mit-gedrehtem-stiel-besatz-stahldarht-d-20-mm-110x90mm-laenge-1000-mm\/"},"modified":"2024-10-10T13:43:19","modified_gmt":"2024-10-10T11:43:19","slug":"rueck-und-seitenwandbuerste-mit-gedrehtem-stiel-besatz-stahldarht-d-20-mm-110x90mm-laenge-1000-mm","status":"publish","type":"product","link":"https:\/\/www.ras-feuerfest.de\/shop\/produkt\/rueck-und-seitenwandbuerste-mit-gedrehtem-stiel-besatz-stahldarht-d-20-mm-110x90mm-laenge-1000-mm\/","title":{"rendered":"R\u00fcck- und Seitenwandb\u00fcrste mit gedrehtem Stiel, Besatz: Stahldarht, D: 20 mm\/ 110x90mm\/L\u00e4nge 1000 mm"},"content":{"rendered":"<p>\n\t<font color=\"#333333\" face=\"Verdana\" size=\"2\">Reinigungsstielb\u00fcrste mit Nylo<\/font><font face=\"Verdana\">n<\/font>besatz und angepre\u00dftem B\u00fcrstenkopf, gedrehter verzinkter Stiel,<br \/>\n\tflexibel f\u00fcr die Reinigung der Kesselseiten- und R\u00fcckw\u00e4nde, Z\u00fcge usw.<\/p>\n<p>\t<span style=\"font-weight: bold; text-decoration: underline;\">Abmessungen:<\/span>&nbsp;&nbsp;&nbsp; <font face=\"Verdana\">20<\/font>x110x90 mm,&nbsp; Gesamtl\u00e4nge&nbsp; 1000 mm<\/p>\n<p>R\u00fcck- und Seitenwandb\u00fcrste mit gedrehtem Stiel, Besatz: Stahldarht, D: 20 mm\/ 110x90mm\/L\u00e4nge 1000 mm<\/p>\n","protected":false},"excerpt":{"rendered":"<p>Reinigungsstielb\u00fcrste mit Nylonbesatz und angepre\u00dftem B\u00fcrstenkopf, gedrehter verzinkter Stiel, flexibel f\u00fcr die Reinigung der Kesselseiten- und R\u00fcckw\u00e4nde, Z\u00fcge usw. Abmessungen:&nbsp;&nbsp;&nbsp; 20x110x90 mm,&nbsp; Gesamtl\u00e4nge&nbsp; 1000 mm R\u00fcck- und Seitenwandb\u00fcrste mit gedrehtem Stiel, Besatz: Stahldarht, D: 20 mm\/ 110x90mm\/L\u00e4nge 1000 mm<\/p>\n","protected":false},"featured_media":7807,"comment_status":"closed","ping_status":"open","template":"","meta":{"_acf_changed":false},"product_safety_overall":[],"product_brand":[],"product_cat":[1906,1923,1929,1931],"product_tag":[790],"class_list":{"0":"post-7520","1":"product","2":"type-product","3":"status-publish","4":"has-post-thumbnail","6":"product_cat-reinigungsbuersten","7":"product_cat-reinigungsbuersten-stielbuersten","8":"product_cat-reinigungsbuersten-stielbuersten-nylonbuersten-mit-stiel","9":"product_cat-reinigungsbuersten-stielbuersten-nylonbuersten-mit-stiel-rueckwandbuersten","10":"product_tag-kesselreinigungsbuersten","12":"first","13":"instock","14":"taxable","15":"shipping-taxable","16":"purchasable","17":"product-type-simple"},"acf":[],"_links":{"self":[{"href":"https:\/\/www.ras-feuerfest.de\/shop\/wp-json\/wp\/v2\/product\/7520","targetHints":{"allow":["GET"]}}],"collection":[{"href":"https:\/\/www.ras-feuerfest.de\/shop\/wp-json\/wp\/v2\/product"}],"about":[{"href":"https:\/\/www.ras-feuerfest.de\/shop\/wp-json\/wp\/v2\/types\/product"}],"replies":[{"embeddable":true,"href":"https:\/\/www.ras-feuerfest.de\/shop\/wp-json\/wp\/v2\/comments?post=7520"}],"wp:featuredmedia":[{"embeddable":true,"href":"https:\/\/www.ras-feuerfest.de\/shop\/wp-json\/wp\/v2\/media\/7807"}],"wp:attachment":[{"href":"https:\/\/www.ras-feuerfest.de\/shop\/wp-json\/wp\/v2\/media?parent=7520"}],"wp:term":[{"taxonomy":"product_safety_overall","embeddable":true,"href":"https:\/\/www.ras-feuerfest.de\/shop\/wp-json\/wp\/v2\/product_safety_overall?post=7520"},{"taxonomy":"product_brand","embeddable":true,"href":"https:\/\/www.ras-feuerfest.de\/shop\/wp-json\/wp\/v2\/product_brand?post=7520"},{"taxonomy":"product_cat","embeddable":true,"href":"https:\/\/www.ras-feuerfest.de\/shop\/wp-json\/wp\/v2\/product_cat?post=7520"},{"taxonomy":"product_tag","embeddable":true,"href":"https:\/\/www.ras-feuerfest.de\/shop\/wp-json\/wp\/v2\/product_tag?post=7520"}],"curies":[{"name":"wp","href":"https:\/\/api.w.org\/{rel}","templated":true}]}}