{"id":7528,"date":"2024-10-09T17:54:54","date_gmt":"2024-10-09T15:54:54","guid":{"rendered":"https:\/\/www.ras-feuerfest.de\/shop\/product\/rechteckbuerste-mit-festerem-nylon-besatz-50x100-laenge-800-mm-gedrehter-flexibler-stiel\/"},"modified":"2024-10-10T13:43:18","modified_gmt":"2024-10-10T11:43:18","slug":"rechteckbuerste-mit-festerem-nylon-besatz-50x100-laenge-800-mm-gedrehter-flexibler-stiel","status":"publish","type":"product","link":"https:\/\/www.ras-feuerfest.de\/shop\/produkt\/rechteckbuerste-mit-festerem-nylon-besatz-50x100-laenge-800-mm-gedrehter-flexibler-stiel\/","title":{"rendered":"Rechteckb\u00fcrste mit festerem NYLON Besatz, 50&#215;100 \/ L\u00e4nge 800 mm, gedrehter, flexibler Stiel"},"content":{"rendered":"<p>\n\t<font color=\"#333333\" face=\"Verdana\" size=\"2\">Reinigungsstielb\u00fcrste mit fest<\/font><font face=\"Verdana\">ere<\/font><font face=\"Verdana\">m <\/font>Nylonbesatz, gedrehter verzinkter Stiel, flexibel<\/p>\n<p>\t<span style=\"font-weight: bold; text-decoration: underline;\">Abmessungen:<\/span>&nbsp; 50y100 mm, Besatzl\u00e4nge 100 mm, Gesamtl\u00e4nge 800 mm<\/p>\n<p>Rechteckb\u00fcrste mit festerem NYLON Besatz, 50&#215;100 \/ L\u00e4nge 800 mm, gedrehter, flexibler Stiel<\/p>\n","protected":false},"excerpt":{"rendered":"<p>Reinigungsstielb\u00fcrste mit festerem Nylonbesatz, gedrehter verzinkter Stiel, flexibel Abmessungen:&nbsp; 50y100 mm, Besatzl\u00e4nge 100 mm, Gesamtl\u00e4nge 800 mm Rechteckb\u00fcrste mit festerem NYLON Besatz, 50&#215;100 \/ L\u00e4nge 800 mm, gedrehter, flexibler Stiel<\/p>\n","protected":false},"featured_media":0,"comment_status":"closed","ping_status":"open","template":"","meta":{"_acf_changed":false},"product_safety_overall":[],"product_brand":[],"product_cat":[1906,1923,1929,1930],"product_tag":[790],"class_list":{"0":"post-7528","1":"product","2":"type-product","3":"status-publish","5":"product_cat-reinigungsbuersten","6":"product_cat-reinigungsbuersten-stielbuersten","7":"product_cat-reinigungsbuersten-stielbuersten-nylonbuersten-mit-stiel","8":"product_cat-reinigungsbuersten-stielbuersten-nylonbuersten-mit-stiel-rechteckbuerste","9":"product_tag-kesselreinigungsbuersten","11":"first","12":"instock","13":"taxable","14":"shipping-taxable","15":"purchasable","16":"product-type-simple"},"acf":[],"_links":{"self":[{"href":"https:\/\/www.ras-feuerfest.de\/shop\/wp-json\/wp\/v2\/product\/7528","targetHints":{"allow":["GET"]}}],"collection":[{"href":"https:\/\/www.ras-feuerfest.de\/shop\/wp-json\/wp\/v2\/product"}],"about":[{"href":"https:\/\/www.ras-feuerfest.de\/shop\/wp-json\/wp\/v2\/types\/product"}],"replies":[{"embeddable":true,"href":"https:\/\/www.ras-feuerfest.de\/shop\/wp-json\/wp\/v2\/comments?post=7528"}],"wp:attachment":[{"href":"https:\/\/www.ras-feuerfest.de\/shop\/wp-json\/wp\/v2\/media?parent=7528"}],"wp:term":[{"taxonomy":"product_safety_overall","embeddable":true,"href":"https:\/\/www.ras-feuerfest.de\/shop\/wp-json\/wp\/v2\/product_safety_overall?post=7528"},{"taxonomy":"product_brand","embeddable":true,"href":"https:\/\/www.ras-feuerfest.de\/shop\/wp-json\/wp\/v2\/product_brand?post=7528"},{"taxonomy":"product_cat","embeddable":true,"href":"https:\/\/www.ras-feuerfest.de\/shop\/wp-json\/wp\/v2\/product_cat?post=7528"},{"taxonomy":"product_tag","embeddable":true,"href":"https:\/\/www.ras-feuerfest.de\/shop\/wp-json\/wp\/v2\/product_tag?post=7528"}],"curies":[{"name":"wp","href":"https:\/\/api.w.org\/{rel}","templated":true}]}}