{"id":7541,"date":"2024-10-09T17:54:54","date_gmt":"2024-10-09T15:54:54","guid":{"rendered":"https:\/\/www.ras-feuerfest.de\/shop\/product\/handfeger-aus-arenga\/"},"modified":"2024-10-10T13:42:52","modified_gmt":"2024-10-10T11:42:52","slug":"handfeger-aus-arenga","status":"publish","type":"product","link":"https:\/\/www.ras-feuerfest.de\/shop\/produkt\/handfeger-aus-arenga\/","title":{"rendered":"Handfeger aus Arenga"},"content":{"rendered":"<p>\n\t<font color=\"#333333\" face=\"Verdana\" size=\"2\">Handfeger mit einem dichten Arengabesatz.<br \/>\n\tDer Holzschaft&nbsp;hat eine Gesamtl\u00e4nge <\/font><\/p>\n<p>\n\t<font color=\"#333333\" face=\"Verdana\" size=\"2\">Arenga besetzte Handfeger eignen sich f\u00fcr <\/font><font face=\"Verdana\">t<\/font>rockne und feuchte Anwendungen<\/p>\n<p>\n\t<br \/>\n\t<font color=\"#333333\" face=\"Verdana\" size=\"2\">von&nbsp;290 mm<br \/>\n\tBesatzl\u00e4nge 160 mm<br \/>\n\tBesatzh\u00f6he 75 mm<\/font><\/p>\n<p>Handfeger aus Arenga<\/p>\n","protected":false},"excerpt":{"rendered":"<p>Handfeger mit einem dichten Arengabesatz. Der Holzschaft&nbsp;hat eine Gesamtl\u00e4nge Arenga besetzte Handfeger eignen sich f\u00fcr trockne und feuchte Anwendungen von&nbsp;290 mm Besatzl\u00e4nge 160 mm Besatzh\u00f6he 75 mm Handfeger aus Arenga<\/p>\n","protected":false},"featured_media":7814,"comment_status":"closed","ping_status":"open","template":"","meta":{"_acf_changed":false},"product_safety_overall":[],"product_brand":[],"product_cat":[1906,1907,1909],"product_tag":[799],"class_list":{"0":"post-7541","1":"product","2":"type-product","3":"status-publish","4":"has-post-thumbnail","6":"product_cat-reinigungsbuersten","7":"product_cat-reinigungsbuersten-handbuersten-handfeger-pinsel","8":"product_cat-reinigungsbuersten-handbuersten-handfeger-pinsel-handfeger","9":"product_tag-handfeger","11":"first","12":"instock","13":"taxable","14":"shipping-taxable","15":"purchasable","16":"product-type-simple"},"acf":[],"_links":{"self":[{"href":"https:\/\/www.ras-feuerfest.de\/shop\/wp-json\/wp\/v2\/product\/7541","targetHints":{"allow":["GET"]}}],"collection":[{"href":"https:\/\/www.ras-feuerfest.de\/shop\/wp-json\/wp\/v2\/product"}],"about":[{"href":"https:\/\/www.ras-feuerfest.de\/shop\/wp-json\/wp\/v2\/types\/product"}],"replies":[{"embeddable":true,"href":"https:\/\/www.ras-feuerfest.de\/shop\/wp-json\/wp\/v2\/comments?post=7541"}],"wp:featuredmedia":[{"embeddable":true,"href":"https:\/\/www.ras-feuerfest.de\/shop\/wp-json\/wp\/v2\/media\/7814"}],"wp:attachment":[{"href":"https:\/\/www.ras-feuerfest.de\/shop\/wp-json\/wp\/v2\/media?parent=7541"}],"wp:term":[{"taxonomy":"product_safety_overall","embeddable":true,"href":"https:\/\/www.ras-feuerfest.de\/shop\/wp-json\/wp\/v2\/product_safety_overall?post=7541"},{"taxonomy":"product_brand","embeddable":true,"href":"https:\/\/www.ras-feuerfest.de\/shop\/wp-json\/wp\/v2\/product_brand?post=7541"},{"taxonomy":"product_cat","embeddable":true,"href":"https:\/\/www.ras-feuerfest.de\/shop\/wp-json\/wp\/v2\/product_cat?post=7541"},{"taxonomy":"product_tag","embeddable":true,"href":"https:\/\/www.ras-feuerfest.de\/shop\/wp-json\/wp\/v2\/product_tag?post=7541"}],"curies":[{"name":"wp","href":"https:\/\/api.w.org\/{rel}","templated":true}]}}