{"id":7548,"date":"2024-10-09T17:55:06","date_gmt":"2024-10-09T15:55:06","guid":{"rendered":"https:\/\/www.ras-feuerfest.de\/shop\/product\/handbuerste-messing-gewellt-3-reihig\/"},"modified":"2024-10-10T13:42:52","modified_gmt":"2024-10-10T11:42:52","slug":"handbuerste-messing-gewellt-3-reihig","status":"publish","type":"product","link":"https:\/\/www.ras-feuerfest.de\/shop\/produkt\/handbuerste-messing-gewellt-3-reihig\/","title":{"rendered":"Handb\u00fcrste Messing gewellt 3-reihig"},"content":{"rendered":"<p>\n\t<font color=\"#333333\" face=\"Verdana\" size=\"2\">Handb\u00fcrste mit Messinglbesatz gewellt.<br \/>\n\tDer Holzschaft&nbsp;hat eine Gesamtl\u00e4nge<br \/>\n\tvon&nbsp;290 mm<br \/>\n\tBesatzl\u00e4nge 130 mm<br \/>\n\tBesatzh\u00f6he 25 mm<\/font><\/p>\n<p>Handb\u00fcrste Messing gewellt 3-reihig<\/p>\n","protected":false},"excerpt":{"rendered":"<p>Handb\u00fcrste mit Messinglbesatz gewellt. Der Holzschaft&nbsp;hat eine Gesamtl\u00e4nge von&nbsp;290 mm Besatzl\u00e4nge 130 mm Besatzh\u00f6he 25 mm Handb\u00fcrste Messing gewellt 3-reihig<\/p>\n","protected":false},"featured_media":7817,"comment_status":"closed","ping_status":"open","template":"","meta":{"_acf_changed":false},"product_safety_overall":[],"product_brand":[],"product_cat":[1906,1907,1908],"product_tag":[800],"class_list":{"0":"post-7548","1":"product","2":"type-product","3":"status-publish","4":"has-post-thumbnail","6":"product_cat-reinigungsbuersten","7":"product_cat-reinigungsbuersten-handbuersten-handfeger-pinsel","8":"product_cat-reinigungsbuersten-handbuersten-handfeger-pinsel-handbuersten","9":"product_tag-handbuersten","11":"first","12":"instock","13":"taxable","14":"shipping-taxable","15":"purchasable","16":"product-type-simple"},"acf":[],"_links":{"self":[{"href":"https:\/\/www.ras-feuerfest.de\/shop\/wp-json\/wp\/v2\/product\/7548","targetHints":{"allow":["GET"]}}],"collection":[{"href":"https:\/\/www.ras-feuerfest.de\/shop\/wp-json\/wp\/v2\/product"}],"about":[{"href":"https:\/\/www.ras-feuerfest.de\/shop\/wp-json\/wp\/v2\/types\/product"}],"replies":[{"embeddable":true,"href":"https:\/\/www.ras-feuerfest.de\/shop\/wp-json\/wp\/v2\/comments?post=7548"}],"wp:featuredmedia":[{"embeddable":true,"href":"https:\/\/www.ras-feuerfest.de\/shop\/wp-json\/wp\/v2\/media\/7817"}],"wp:attachment":[{"href":"https:\/\/www.ras-feuerfest.de\/shop\/wp-json\/wp\/v2\/media?parent=7548"}],"wp:term":[{"taxonomy":"product_safety_overall","embeddable":true,"href":"https:\/\/www.ras-feuerfest.de\/shop\/wp-json\/wp\/v2\/product_safety_overall?post=7548"},{"taxonomy":"product_brand","embeddable":true,"href":"https:\/\/www.ras-feuerfest.de\/shop\/wp-json\/wp\/v2\/product_brand?post=7548"},{"taxonomy":"product_cat","embeddable":true,"href":"https:\/\/www.ras-feuerfest.de\/shop\/wp-json\/wp\/v2\/product_cat?post=7548"},{"taxonomy":"product_tag","embeddable":true,"href":"https:\/\/www.ras-feuerfest.de\/shop\/wp-json\/wp\/v2\/product_tag?post=7548"}],"curies":[{"name":"wp","href":"https:\/\/api.w.org\/{rel}","templated":true}]}}