{"id":7562,"date":"2024-10-09T17:55:06","date_gmt":"2024-10-09T15:55:06","guid":{"rendered":"https:\/\/www.ras-feuerfest.de\/shop\/product\/chemotechnik-lecksucher-c101-spruehpumpflasche-500-ml\/"},"modified":"2024-10-10T13:41:10","modified_gmt":"2024-10-10T11:41:10","slug":"chemotechnik-lecksucher-c101-spruehpumpflasche-500-ml","status":"publish","type":"product","link":"https:\/\/www.ras-feuerfest.de\/shop\/produkt\/chemotechnik-lecksucher-c101-spruehpumpflasche-500-ml\/","title":{"rendered":"CHEMOTECHNIK Lecksucher C101  Spr\u00fchpumpflasche 500 ml"},"content":{"rendered":"<p>\n\t<strong><span style=\"font-size:14px;\"><span style=\"color:#f80b0b;\">Chemo C101<\/span><em> Lecksucher<\/em><\/span><\/strong> f\u00fcr Gas, Druckluft, K\u00e4lteanlagen, Kompressionsanlagen, etc.<br \/>\n\tzum Auffinden von Lecks bzw. undichter Rohrleitungen, Ger\u00e4te. etc.<\/p>\n<p>\n\t<u>Inhalt: 500 ml Spr\u00fchpumpflasche<\/u><\/p>\n<p>CHEMOTECHNIK Lecksucher C101  Spr\u00fchpumpflasche 500 ml<\/p>\n","protected":false},"excerpt":{"rendered":"<p>Chemo C101 Lecksucher f\u00fcr Gas, Druckluft, K\u00e4lteanlagen, Kompressionsanlagen, etc. zum Auffinden von Lecks bzw. undichter Rohrleitungen, Ger\u00e4te. etc. Inhalt: 500 ml Spr\u00fchpumpflasche CHEMOTECHNIK Lecksucher C101 Spr\u00fchpumpflasche 500 ml<\/p>\n","protected":false},"featured_media":7824,"comment_status":"closed","ping_status":"open","template":"","meta":{"_acf_changed":false},"product_safety_overall":[],"product_brand":[],"product_cat":[1798,1804],"product_tag":[803],"class_list":{"0":"post-7562","1":"product","2":"type-product","3":"status-publish","4":"has-post-thumbnail","6":"product_cat-chemotechnik","7":"product_cat-chemotechnik-lecksucher","8":"product_tag-lecksucher","10":"first","11":"instock","12":"taxable","13":"shipping-taxable","14":"purchasable","15":"product-type-simple"},"acf":[],"_links":{"self":[{"href":"https:\/\/www.ras-feuerfest.de\/shop\/wp-json\/wp\/v2\/product\/7562","targetHints":{"allow":["GET"]}}],"collection":[{"href":"https:\/\/www.ras-feuerfest.de\/shop\/wp-json\/wp\/v2\/product"}],"about":[{"href":"https:\/\/www.ras-feuerfest.de\/shop\/wp-json\/wp\/v2\/types\/product"}],"replies":[{"embeddable":true,"href":"https:\/\/www.ras-feuerfest.de\/shop\/wp-json\/wp\/v2\/comments?post=7562"}],"wp:featuredmedia":[{"embeddable":true,"href":"https:\/\/www.ras-feuerfest.de\/shop\/wp-json\/wp\/v2\/media\/7824"}],"wp:attachment":[{"href":"https:\/\/www.ras-feuerfest.de\/shop\/wp-json\/wp\/v2\/media?parent=7562"}],"wp:term":[{"taxonomy":"product_safety_overall","embeddable":true,"href":"https:\/\/www.ras-feuerfest.de\/shop\/wp-json\/wp\/v2\/product_safety_overall?post=7562"},{"taxonomy":"product_brand","embeddable":true,"href":"https:\/\/www.ras-feuerfest.de\/shop\/wp-json\/wp\/v2\/product_brand?post=7562"},{"taxonomy":"product_cat","embeddable":true,"href":"https:\/\/www.ras-feuerfest.de\/shop\/wp-json\/wp\/v2\/product_cat?post=7562"},{"taxonomy":"product_tag","embeddable":true,"href":"https:\/\/www.ras-feuerfest.de\/shop\/wp-json\/wp\/v2\/product_tag?post=7562"}],"curies":[{"name":"wp","href":"https:\/\/api.w.org\/{rel}","templated":true}]}}