{"id":7566,"date":"2024-10-09T17:55:06","date_gmt":"2024-10-09T15:55:06","guid":{"rendered":"https:\/\/www.ras-feuerfest.de\/shop\/product\/chemotechnik-holzteer-und-glanzrussreiniger-301-500-ml-spruehpumpflasche\/"},"modified":"2024-10-10T13:41:08","modified_gmt":"2024-10-10T11:41:08","slug":"chemotechnik-holzteer-und-glanzrussreiniger-301-500-ml-spruehpumpflasche","status":"publish","type":"product","link":"https:\/\/www.ras-feuerfest.de\/shop\/produkt\/chemotechnik-holzteer-und-glanzrussreiniger-301-500-ml-spruehpumpflasche\/","title":{"rendered":"CHEMOTECHNIK Holzteer und Glanzru\u00dfreiniger 301   500 ml Spr\u00fchpumpflasche"},"content":{"rendered":"<p><font color=\"#333333\" face=\"Verdana\" size=\"2\"><span style=\"color:#f80707;\"><strong><font size=\"4\">CHEMO C 301 <\/font><\/strong><\/span>F\u00fcr die Beseitigung von Holzteer und Glanzru\u00df in \u00d6l- und Feststoff- <\/font><br \/>\n<font color=\"#333333\" face=\"Verdana\" size=\"2\">kesseln, <\/font><font color=\"#333333\" face=\"Verdana\" size=\"2\">sowie zur Beseitigung von Rauchteer z.B. in R\u00e4ucherkammern.<br \/>\n&nbsp;<br \/>\n<u>Anwendungshinweise:<\/u><br \/>\nDie zu reinigende Anlage auf ca. 50 \u00b0C abk\u00fchlen lassen. (chemo C301 wirkt auch bei kalter Anwendung).<\/font><font color=\"#333333\" face=\"Verdana\" size=\"2\">chemo C301 unverd\u00fcnnt mit einer alkalibest\u00e4ndigen Druckspritzpumpe auf die teerigen Ablagerungen mehrmals spritzen, bis diese weich werden. Nach&nbsp; ca. 5 Minuten Einwirkzeit den <\/font><font color=\"#333333\" face=\"Verdana\" size=\"2\">Kessel hochheizen und dabei mit einer L\u00f6sung von chemo C301 und Wasser 1:1 nachspritzen.<br \/>\nDann den Kessel weiter hochheizen, um ein v\u00f6lliges Austrocknen zu gew\u00e4hrleisten.<br \/>\nNicht abgel\u00f6ste R\u00fcckst\u00e4nde lassen sich mit chemo C301 leicht mechanisch entfernen.<br \/>\nAbgel\u00f6ste, unbrennbare R\u00fcckst\u00e4nde k\u00f6nnen bei \u00f6lbefeuerten Heizkesseln mechanisch oder durch Saugger\u00e4te entfernt werden. <\/font><font color=\"#333333\" face=\"Verdana\" size=\"2\">Bei feststoffbeheizten Anlagen verbrennen die R\u00fcckst\u00e4nde zum Teil <\/font><br \/>\n<font color=\"#333333\" face=\"Verdana\" size=\"2\">bzw. werden sp\u00e4ter mit der Asche entfernt.<\/font><\/p>\n<p><font color=\"#333333\" face=\"Verdana\" size=\"2\"><u>Vorsichtsvermerke:<\/u> \u00c4tzend!&nbsp;<\/font><br \/>\n<font color=\"#333333\" face=\"Verdana\" size=\"2\">&nbsp;&nbsp;&nbsp;&nbsp;&nbsp;&nbsp;&nbsp;&nbsp;&nbsp;&nbsp;&nbsp;&nbsp;&nbsp;&nbsp;&nbsp;&nbsp;&nbsp;&nbsp;&nbsp;&nbsp;&nbsp;&nbsp;&nbsp;&nbsp;&nbsp;&nbsp;Enth\u00e4lt \u00c4tznatron&nbsp;&nbsp;&nbsp;&nbsp;&nbsp;<\/font><\/p>\n<p><font size=\"2\"><strong>Inhalt: Karton<\/strong><\/font> mit 500 ml PE-Flasche + seperatem Spr\u00fchkopf<\/p>\n<p>CHEMOTECHNIK Holzteer und Glanzru\u00dfreiniger 301   500 ml Spr\u00fchpumpflasche<\/p>\n","protected":false},"excerpt":{"rendered":"<p>CHEMO C 301 F\u00fcr die Beseitigung von Holzteer und Glanzru\u00df in \u00d6l- und Feststoff- kesseln, sowie zur Beseitigung von Rauchteer z.B. in R\u00e4ucherkammern. &nbsp; Anwendungshinweise: Die zu reinigende Anlage auf ca. 50 \u00b0C abk\u00fchlen lassen. (chemo C301 wirkt auch bei kalter Anwendung).chemo C301 unverd\u00fcnnt mit einer alkalibest\u00e4ndigen Druckspritzpumpe auf die teerigen Ablagerungen mehrmals spritzen, bis [&hellip;]<\/p>\n","protected":false},"featured_media":7826,"comment_status":"closed","ping_status":"open","template":"","meta":{"_acf_changed":false},"product_safety_overall":[],"product_brand":[],"product_cat":[1798,1801],"product_tag":[804,805],"class_list":{"0":"post-7566","1":"product","2":"type-product","3":"status-publish","4":"has-post-thumbnail","6":"product_cat-chemotechnik","7":"product_cat-chemotechnik-holzteer-und-glanzrussreiniger","8":"product_tag-holzteerreiniger","9":"product_tag-glanzrussreiniger","11":"first","12":"instock","13":"taxable","14":"shipping-taxable","15":"purchasable","16":"product-type-simple"},"acf":[],"_links":{"self":[{"href":"https:\/\/www.ras-feuerfest.de\/shop\/wp-json\/wp\/v2\/product\/7566","targetHints":{"allow":["GET"]}}],"collection":[{"href":"https:\/\/www.ras-feuerfest.de\/shop\/wp-json\/wp\/v2\/product"}],"about":[{"href":"https:\/\/www.ras-feuerfest.de\/shop\/wp-json\/wp\/v2\/types\/product"}],"replies":[{"embeddable":true,"href":"https:\/\/www.ras-feuerfest.de\/shop\/wp-json\/wp\/v2\/comments?post=7566"}],"wp:featuredmedia":[{"embeddable":true,"href":"https:\/\/www.ras-feuerfest.de\/shop\/wp-json\/wp\/v2\/media\/7826"}],"wp:attachment":[{"href":"https:\/\/www.ras-feuerfest.de\/shop\/wp-json\/wp\/v2\/media?parent=7566"}],"wp:term":[{"taxonomy":"product_safety_overall","embeddable":true,"href":"https:\/\/www.ras-feuerfest.de\/shop\/wp-json\/wp\/v2\/product_safety_overall?post=7566"},{"taxonomy":"product_brand","embeddable":true,"href":"https:\/\/www.ras-feuerfest.de\/shop\/wp-json\/wp\/v2\/product_brand?post=7566"},{"taxonomy":"product_cat","embeddable":true,"href":"https:\/\/www.ras-feuerfest.de\/shop\/wp-json\/wp\/v2\/product_cat?post=7566"},{"taxonomy":"product_tag","embeddable":true,"href":"https:\/\/www.ras-feuerfest.de\/shop\/wp-json\/wp\/v2\/product_tag?post=7566"}],"curies":[{"name":"wp","href":"https:\/\/api.w.org\/{rel}","templated":true}]}}