{"id":7571,"date":"2024-10-09T17:55:06","date_gmt":"2024-10-09T15:55:06","guid":{"rendered":"https:\/\/www.ras-feuerfest.de\/shop\/product\/chemotechnik-reinigungsloesung-fuer-oelheizkessel-c4110-5-ltr-spruehpumpkanne\/"},"modified":"2024-10-10T13:41:08","modified_gmt":"2024-10-10T11:41:08","slug":"chemotechnik-reinigungsloesung-fuer-oelheizkessel-c4110-5-ltr-spruehpumpkanne","status":"publish","type":"product","link":"https:\/\/www.ras-feuerfest.de\/shop\/produkt\/chemotechnik-reinigungsloesung-fuer-oelheizkessel-c4110-5-ltr-spruehpumpkanne\/","title":{"rendered":"CHEMOTECHNIK Reinigungsl\u00f6sung f\u00fcr \u00d6lheizkessel C4110 5 Ltr. Spr\u00fchpumpkanne"},"content":{"rendered":"<p>\n\t<font color=\"#333333\" face=\"Verdana\" size=\"2\"><\/font><font color=\"#ff6600\" face=\"Verdana\" size=\"4\"><span style=\"color:#fa0d0d;\"><strong>CHEMO C4110 <\/strong><\/span><\/font><font color=\"#333333\" size=\"2\">ist eine <\/font><font color=\"#333333\" face=\"Verdana\" size=\"2\">Reinigungsl\u00f6sung f\u00fcr die rauchgasseitige Reinigung&nbsp; \u00f6lbefeuerter Heizungsanlagen. C4110 entfernt Sulfat- und Ru\u00dfablagerungen.<\/font><br \/>\n\t<font color=\"#333333\" face=\"Verdana\" size=\"2\">Sie erhalten zu der 5 Ltr. Kanne einen Schlauch mit einem passenden Anschlu\u00dfst\u00fcck f\u00fcr die Kanne.<\/font><br \/>\n\t<font face=\"Verdana\"><\/font><font size=\"2\"><\/font><font color=\"#333333\"><\/font><font color=\"#333333\" face=\"Verdana\" size=\"2\">Am anderen Ende&nbsp;vom &nbsp;Schlauch befindet sich ein Spr\u00fchkopf der mittels D\u00fcse von Strahl auf Spr\u00fchen verstellt werden kann.<br \/>\n\t<strong><font color=\"#ff6600\">Also ohne umf\u00fcllen direkt in den Kessel spritzen&#8230;&#8230;&#8230;einfacher geht es kaum!<\/font><\/strong><\/font><\/p>\n<p>\n\t<font color=\"#333333\" face=\"Verdana\" size=\"2\"><\/font><font color=\"#333333\" face=\"Verdana\" size=\"2\">~ leichte saubere Handhabung.<br \/>\n\t~ energiesparend.<br \/>\n\t~ umweltfreundlich<br \/>\n\t~ ohne Treibgas.<\/font><\/p>\n<p>\n\t<font color=\"#333333\" face=\"Verdana\" size=\"2\"><\/font><font color=\"#333333\" face=\"Verdana\" size=\"2\">Anwendungshinweise:<br \/>\n\tAuf die Kanne den beiligenden Verschluss schrauben und den Schlauch bis auf den Boden der Kanne schieben.<br \/>\n\tDen Brenner abschalten und die Heizfl\u00e4chen mit der Reinigungsl\u00f6sung s\u00e4ttigend benetzen.<br \/>\n\tNach einer Einwirkzeit von 5-10 Minuten den Brenner einschalten und die Anlage hochheizen, wobei sich die Bel\u00e4ge l\u00f6sen.<br \/>\n\tBei starker Verschmutzung kann bei eingeschaltetem Brenner&nbsp; nachgespritzt werden. Die Anlage nach dem letzten Spr\u00fchvorgang gut trocken-heizen. Unbrennbare R\u00fcckst\u00e4nde k\u00f6nnen mittels Handfeger oder Staubsauger, etc. vom&nbsp; Kesselboden aufgenommen werden.<\/font><br \/>\n\t<font color=\"#333333\" face=\"Verdana\" size=\"2\"><\/font><font color=\"#333333\" face=\"Verdana\" size=\"2\">250 ml reichen in der Regel f\u00fcr einen 30 KW Heizkessel aus.<\/font><\/p>\n<p>\n\t<font color=\"#333333\" face=\"Verdana\" size=\"2\"><\/font><font color=\"#333333\" face=\"Verdana\" size=\"2\"><strong>Inhalt:&nbsp; 5 Ltr. Kanne + 2 Meter Spr\u00fchschlauch mit Spr\u00fchkopf<\/strong> <\/font><br \/>\n\t&nbsp;<\/p>\n<p>CHEMOTECHNIK Reinigungsl\u00f6sung f\u00fcr \u00d6lheizkessel C4110 5 Ltr. Spr\u00fchpumpkanne<\/p>\n","protected":false},"excerpt":{"rendered":"<p>CHEMO C4110 ist eine Reinigungsl\u00f6sung f\u00fcr die rauchgasseitige Reinigung&nbsp; \u00f6lbefeuerter Heizungsanlagen. C4110 entfernt Sulfat- und Ru\u00dfablagerungen. Sie erhalten zu der 5 Ltr. Kanne einen Schlauch mit einem passenden Anschlu\u00dfst\u00fcck f\u00fcr die Kanne. Am anderen Ende&nbsp;vom &nbsp;Schlauch befindet sich ein Spr\u00fchkopf der mittels D\u00fcse von Strahl auf Spr\u00fchen verstellt werden kann. Also ohne umf\u00fcllen direkt in [&hellip;]<\/p>\n","protected":false},"featured_media":7828,"comment_status":"closed","ping_status":"open","template":"","meta":{"_acf_changed":false},"product_safety_overall":[],"product_brand":[],"product_cat":[1798,1802],"product_tag":[806],"class_list":{"0":"post-7571","1":"product","2":"type-product","3":"status-publish","4":"has-post-thumbnail","6":"product_cat-chemotechnik","7":"product_cat-chemotechnik-kesselreiniger","8":"product_tag-kesselreiniger-fuer-oelheizkessel","10":"first","11":"instock","12":"taxable","13":"shipping-taxable","14":"purchasable","15":"product-type-simple"},"acf":[],"_links":{"self":[{"href":"https:\/\/www.ras-feuerfest.de\/shop\/wp-json\/wp\/v2\/product\/7571","targetHints":{"allow":["GET"]}}],"collection":[{"href":"https:\/\/www.ras-feuerfest.de\/shop\/wp-json\/wp\/v2\/product"}],"about":[{"href":"https:\/\/www.ras-feuerfest.de\/shop\/wp-json\/wp\/v2\/types\/product"}],"replies":[{"embeddable":true,"href":"https:\/\/www.ras-feuerfest.de\/shop\/wp-json\/wp\/v2\/comments?post=7571"}],"wp:featuredmedia":[{"embeddable":true,"href":"https:\/\/www.ras-feuerfest.de\/shop\/wp-json\/wp\/v2\/media\/7828"}],"wp:attachment":[{"href":"https:\/\/www.ras-feuerfest.de\/shop\/wp-json\/wp\/v2\/media?parent=7571"}],"wp:term":[{"taxonomy":"product_safety_overall","embeddable":true,"href":"https:\/\/www.ras-feuerfest.de\/shop\/wp-json\/wp\/v2\/product_safety_overall?post=7571"},{"taxonomy":"product_brand","embeddable":true,"href":"https:\/\/www.ras-feuerfest.de\/shop\/wp-json\/wp\/v2\/product_brand?post=7571"},{"taxonomy":"product_cat","embeddable":true,"href":"https:\/\/www.ras-feuerfest.de\/shop\/wp-json\/wp\/v2\/product_cat?post=7571"},{"taxonomy":"product_tag","embeddable":true,"href":"https:\/\/www.ras-feuerfest.de\/shop\/wp-json\/wp\/v2\/product_tag?post=7571"}],"curies":[{"name":"wp","href":"https:\/\/api.w.org\/{rel}","templated":true}]}}