{"id":7573,"date":"2024-10-09T17:55:06","date_gmt":"2024-10-09T15:55:06","guid":{"rendered":"https:\/\/www.ras-feuerfest.de\/shop\/product\/chemotechnik-reinigungsloesung-fuer-oelheizkessel-c4110-spraydose-600-ml\/"},"modified":"2024-10-10T13:41:08","modified_gmt":"2024-10-10T11:41:08","slug":"chemotechnik-reinigungsloesung-fuer-oelheizkessel-c4110-spraydose-600-ml","status":"publish","type":"product","link":"https:\/\/www.ras-feuerfest.de\/shop\/produkt\/chemotechnik-reinigungsloesung-fuer-oelheizkessel-c4110-spraydose-600-ml\/","title":{"rendered":"CHEMOTECHNIK Reinigungsl\u00f6sung f\u00fcr \u00d6lheizkessel C4110 Spraydose 600 ml"},"content":{"rendered":"<p>\n\t<font color=\"#333333\" face=\"Verdana\" size=\"2\"><\/font><font color=\"#ff6600\" face=\"Verdana\" size=\"4\"><span style=\"color:#fa0a0a;\"><strong>CHEMO C4111 <\/strong><\/span><\/font><font color=\"#333333\" size=\"2\">ist eine <\/font><font color=\"#333333\" face=\"Verdana\" size=\"2\">Reinigungsl\u00f6sung f\u00fcr die rauchgasseitige Reinigung&nbsp; \u00f6lbefeuerter Heizungsanlagen. C4110 entfernt Sulfat- und Ru\u00dfablagerungen.<\/font><br \/>\n\t<font color=\"#333333\" face=\"Verdana\" size=\"2\">Poly-Flasche mit Sp\u00fchkopf-verstellbar.<\/font><br \/>\n\t<font color=\"#333333\" face=\"Verdana\" size=\"2\"><\/font><font color=\"#ff6600\" size=\"4\"><span style=\"color:#fa0a0a;\"><strong>CHEMO C4111<\/strong><\/span> <\/font><font color=\"#333333\" size=\"2\">hat einen kr\u00e4ftigen lange stehenden Schaum, kann somit in die Bel\u00e4ge besser eindringen und f\u00fcr eine optimale Reinigungs sorgen.<\/font><\/p>\n<p>\t~ leichte saubere Handhabung.<br \/>\n\t~ energiesparend.<br \/>\n\t~ umweltfreundlich<br \/>\n\t~ ohne Treibgas.<\/p>\n<p>\n\t<font color=\"#333333\" face=\"Verdana\" size=\"2\"><\/font><font color=\"#333333\" face=\"Verdana\" size=\"2\"><u>Anwendungshinweise:<\/u><br \/>\n\tDen Brenner abschalten und die Heizfl\u00e4chen mit der Reinigungsl\u00f6sung s\u00e4ttigend bespr\u00fchen.<br \/>\n\tNach einer Einwirkzeit von 5-10 Minuten den Brenner einschalten und die Anlage hochheizen, wobei sich die Bel\u00e4ge l\u00f6sen.<br \/>\n\tBei starker Verschmutzung kann bei eingeschaltetem Brenner&nbsp; nachgespritzt werden. Die Anlage nach dem letzten Spr\u00fchvorgang gut trocken heizen. Unbrennbare R\u00fcckst\u00e4nde k\u00f6nnen mittels Handfeger oder Staubsauger, etc. vom&nbsp; Kesselboden aufgenommen werden.<\/font><\/p>\n<p>\n\t<font color=\"#333333\" face=\"Verdana\" size=\"2\"><\/font><font color=\"#333333\" face=\"Verdana\" size=\"2\"><strong>Inhalt&nbsp;600 ml<\/strong>&nbsp; <\/font><\/p>\n<p>CHEMOTECHNIK Reinigungsl\u00f6sung f\u00fcr \u00d6lheizkessel C4110 Spraydose 600 ml<\/p>\n","protected":false},"excerpt":{"rendered":"<p>CHEMO C4111 ist eine Reinigungsl\u00f6sung f\u00fcr die rauchgasseitige Reinigung&nbsp; \u00f6lbefeuerter Heizungsanlagen. C4110 entfernt Sulfat- und Ru\u00dfablagerungen. Poly-Flasche mit Sp\u00fchkopf-verstellbar. CHEMO C4111 hat einen kr\u00e4ftigen lange stehenden Schaum, kann somit in die Bel\u00e4ge besser eindringen und f\u00fcr eine optimale Reinigungs sorgen. ~ leichte saubere Handhabung. ~ energiesparend. ~ umweltfreundlich ~ ohne Treibgas. Anwendungshinweise: Den Brenner abschalten [&hellip;]<\/p>\n","protected":false},"featured_media":7829,"comment_status":"closed","ping_status":"open","template":"","meta":{"_acf_changed":false},"product_safety_overall":[],"product_brand":[],"product_cat":[1798,1802],"product_tag":[807],"class_list":{"0":"post-7573","1":"product","2":"type-product","3":"status-publish","4":"has-post-thumbnail","6":"product_cat-chemotechnik","7":"product_cat-chemotechnik-kesselreiniger","8":"product_tag-oelheizkessel-reinigunngsspray","10":"first","11":"instock","12":"taxable","13":"shipping-taxable","14":"purchasable","15":"product-type-simple"},"acf":[],"_links":{"self":[{"href":"https:\/\/www.ras-feuerfest.de\/shop\/wp-json\/wp\/v2\/product\/7573","targetHints":{"allow":["GET"]}}],"collection":[{"href":"https:\/\/www.ras-feuerfest.de\/shop\/wp-json\/wp\/v2\/product"}],"about":[{"href":"https:\/\/www.ras-feuerfest.de\/shop\/wp-json\/wp\/v2\/types\/product"}],"replies":[{"embeddable":true,"href":"https:\/\/www.ras-feuerfest.de\/shop\/wp-json\/wp\/v2\/comments?post=7573"}],"wp:featuredmedia":[{"embeddable":true,"href":"https:\/\/www.ras-feuerfest.de\/shop\/wp-json\/wp\/v2\/media\/7829"}],"wp:attachment":[{"href":"https:\/\/www.ras-feuerfest.de\/shop\/wp-json\/wp\/v2\/media?parent=7573"}],"wp:term":[{"taxonomy":"product_safety_overall","embeddable":true,"href":"https:\/\/www.ras-feuerfest.de\/shop\/wp-json\/wp\/v2\/product_safety_overall?post=7573"},{"taxonomy":"product_brand","embeddable":true,"href":"https:\/\/www.ras-feuerfest.de\/shop\/wp-json\/wp\/v2\/product_brand?post=7573"},{"taxonomy":"product_cat","embeddable":true,"href":"https:\/\/www.ras-feuerfest.de\/shop\/wp-json\/wp\/v2\/product_cat?post=7573"},{"taxonomy":"product_tag","embeddable":true,"href":"https:\/\/www.ras-feuerfest.de\/shop\/wp-json\/wp\/v2\/product_tag?post=7573"}],"curies":[{"name":"wp","href":"https:\/\/api.w.org\/{rel}","templated":true}]}}