{"id":7582,"date":"2024-10-09T17:55:06","date_gmt":"2024-10-09T15:55:06","guid":{"rendered":"https:\/\/www.ras-feuerfest.de\/shop\/product\/chemotechnik-c4057-n-black-hochtemperaturbestaendiges-silikon-310-ml-kartusche\/"},"modified":"2024-10-10T13:41:06","modified_gmt":"2024-10-10T11:41:06","slug":"chemotechnik-c4057-n-black-hochtemperaturbestaendiges-silikon-310-ml-kartusche","status":"publish","type":"product","link":"https:\/\/www.ras-feuerfest.de\/shop\/produkt\/chemotechnik-c4057-n-black-hochtemperaturbestaendiges-silikon-310-ml-kartusche\/","title":{"rendered":"CHEMOTECHNIK  C4057-N-black  Hochtemperaturbest\u00e4ndiges Silikon 310 ml Kartusche"},"content":{"rendered":"<p>\n\t<strong><span style=\"font-family:verdana,arial,helvetica;\"><span style=\"font-size: 14px;\"><span style=\"color: rgb(242, 15, 15);\">CHEMO <em>TEMPSIL 4057-N<\/em><\/span><\/span><\/span><\/strong><em> ist ein neutralvernetzendes Hochttemperatur-Silikon f\u00fcr den Heizungs-, L\u00fcftungs- und Apparatebau, etc.<\/em><\/p>\n<p>\n\t&nbsp;<\/p>\n<p>\n\t<strong><span style=\"font-family:verdana,arial,helvetica;\"><span style=\"font-size: 14px;\"><span style=\"color: rgb(242, 15, 15);\">CHEMO <em>TEMPSIL 4057-N&nbsp;<\/em><\/span><\/span><\/span><\/strong> ist spannungsausgleichend und eignet sich zum Abdichten und Verkleben von Metallen&nbsp; und Glas, Fugen im Mauerwerk, z.B. Klinker, Naturstein, Keramik, etc.<\/p>\n<p>\n\t<strong><span style=\"font-family:verdana,arial,helvetica;\"><span style=\"font-size: 14px;\"><span style=\"color: rgb(242, 15, 15);\">CHEMO <em>TEMPSIL 4057-N<\/em><\/span><\/span><\/span><\/strong> eignet sich unter anderem f\u00fcr die Rauchgasseitige Abdichtung von Heiz- kesseln, z.B. Kesselglieder, Rauchgasklappen, Kachel\u00f6fen, Back\u00f6fen, Rauchgaskan\u00e4len,<br \/>\n\tim sonstigen Apparatebau, sowie zum Einkleben von Dichtungen, etc.<\/p>\n<p>\n\t<br \/>\n\t<em>Eigenschaften:<br \/>\n\t~ Sehr gute UV-, Wetter- und Farbbest\u00e4ndigkeit.<br \/>\n\t~ Dauerelastisch bis zur max. Anwendungstemperatur.<br \/>\n\t~ Spannungsausgleichend.<br \/>\n\t~ Keine Geruchsbel\u00e4stigung durch Essigs\u00e4ure.<br \/>\n\t~ Sehr gute Alterungsbest\u00e4ndigkeit<br \/>\n\t~ Hohe Temperaturbest\u00e4ndigkeit von -50 \u00b0C<br \/>\n\t&nbsp;&nbsp; bis +300 \u00b0C (Kurzfristig bis +320 \u00b0C)<\/em><\/p>\n<p>\n\t&nbsp;<\/p>\n<p>\n\t<em>Anwendungshinweise:<br \/>\n\tDie Kartuschen Spitze abschneiden und die D\u00fcse aufschrauben, bzw. diese vorher entsprechend k\u00fcrzen.<br \/>\n\tDann die Dichtungsmasse mittels Kartuschen Presse auf die gereinigten, fettfreien Fl\u00e4chen spritzen.<\/p>\n<p>\tAls Reinigungsprimer eignet sich hierf\u00fcr hervorragend unser Produkt chemo C4058P in der Spraydose.<\/p>\n<p>\tDas Silikon kann mit einer Sp\u00fcmittell\u00f6sung ab gegl\u00e4ttet werden.<\/p>\n<p>\tSicherheitshinweise:<br \/>\n\t~ Vor Kindern sicher aufbewahren!<br \/>\n\t~ Hautkontakt vermeiden, diesen gegebenenfalls mit&nbsp;&nbsp;<br \/>\n\t&nbsp;&nbsp; reichlich Seifenwasser absp\u00fclen.<br \/>\n\t~ Nur in gut bel\u00fcfteten R\u00e4umen verwenden.<\/em><\/p>\n<p>\t<span style=\"color:#121010;\"><span style=\"font-size: 16px;\"><strong>Farbe:&nbsp; schwarz<\/strong><\/span><\/span><\/p>\n<p>CHEMOTECHNIK  C4057-N-black  Hochtemperaturbest\u00e4ndiges Silikon 310 ml Kartusche<\/p>\n","protected":false},"excerpt":{"rendered":"<p>CHEMO TEMPSIL 4057-N ist ein neutralvernetzendes Hochttemperatur-Silikon f\u00fcr den Heizungs-, L\u00fcftungs- und Apparatebau, etc. &nbsp; CHEMO TEMPSIL 4057-N&nbsp; ist spannungsausgleichend und eignet sich zum Abdichten und Verkleben von Metallen&nbsp; und Glas, Fugen im Mauerwerk, z.B. Klinker, Naturstein, Keramik, etc. CHEMO TEMPSIL 4057-N eignet sich unter anderem f\u00fcr die Rauchgasseitige Abdichtung von Heiz- kesseln, z.B. Kesselglieder, [&hellip;]<\/p>\n","protected":false},"featured_media":7833,"comment_status":"closed","ping_status":"open","template":"","meta":{"_acf_changed":false},"product_safety_overall":[],"product_brand":[],"product_cat":[1798,1799],"product_tag":[812],"class_list":{"0":"post-7582","1":"product","2":"type-product","3":"status-publish","4":"has-post-thumbnail","6":"product_cat-chemotechnik","7":"product_cat-chemotechnik-dichtungsmittel","8":"product_tag-hochtemperatur-silikon","10":"first","11":"instock","12":"taxable","13":"shipping-taxable","14":"purchasable","15":"product-type-simple"},"acf":[],"_links":{"self":[{"href":"https:\/\/www.ras-feuerfest.de\/shop\/wp-json\/wp\/v2\/product\/7582","targetHints":{"allow":["GET"]}}],"collection":[{"href":"https:\/\/www.ras-feuerfest.de\/shop\/wp-json\/wp\/v2\/product"}],"about":[{"href":"https:\/\/www.ras-feuerfest.de\/shop\/wp-json\/wp\/v2\/types\/product"}],"replies":[{"embeddable":true,"href":"https:\/\/www.ras-feuerfest.de\/shop\/wp-json\/wp\/v2\/comments?post=7582"}],"wp:featuredmedia":[{"embeddable":true,"href":"https:\/\/www.ras-feuerfest.de\/shop\/wp-json\/wp\/v2\/media\/7833"}],"wp:attachment":[{"href":"https:\/\/www.ras-feuerfest.de\/shop\/wp-json\/wp\/v2\/media?parent=7582"}],"wp:term":[{"taxonomy":"product_safety_overall","embeddable":true,"href":"https:\/\/www.ras-feuerfest.de\/shop\/wp-json\/wp\/v2\/product_safety_overall?post=7582"},{"taxonomy":"product_brand","embeddable":true,"href":"https:\/\/www.ras-feuerfest.de\/shop\/wp-json\/wp\/v2\/product_brand?post=7582"},{"taxonomy":"product_cat","embeddable":true,"href":"https:\/\/www.ras-feuerfest.de\/shop\/wp-json\/wp\/v2\/product_cat?post=7582"},{"taxonomy":"product_tag","embeddable":true,"href":"https:\/\/www.ras-feuerfest.de\/shop\/wp-json\/wp\/v2\/product_tag?post=7582"}],"curies":[{"name":"wp","href":"https:\/\/api.w.org\/{rel}","templated":true}]}}