{"id":7596,"date":"2024-10-09T17:55:21","date_gmt":"2024-10-09T15:55:21","guid":{"rendered":"https:\/\/www.ras-feuerfest.de\/shop\/product\/chemotechnik-ofenkitt-c1050-150-ml-spindelkartusche\/"},"modified":"2024-10-10T13:41:06","modified_gmt":"2024-10-10T11:41:06","slug":"chemotechnik-ofenkitt-c1050-150-ml-spindelkartusche","status":"publish","type":"product","link":"https:\/\/www.ras-feuerfest.de\/shop\/produkt\/chemotechnik-ofenkitt-c1050-150-ml-spindelkartusche\/","title":{"rendered":"CHEMOTECHNIK Ofenkitt C1050 150 ml Spindelkartusche"},"content":{"rendered":"<p>\n\t<span style=\"color:#ec1515;\"><span style=\"font-size: 14px;\"><strong><em>chemo C1050 <\/em><\/strong><\/span><\/span>ist ein feuerfester Dichtungskitt\/Eisenkitt zum Abdichten von z.B. defekten Herden, \u00d6fen, Kamin- und Kachel\u00f6feneins\u00e4tzen.<\/p>\n<p>\n\t<br \/>\n\t<span style=\"color:#ec1515;\"><span style=\"font-size: 14px;\"><em><strong>chemo<\/strong> <strong>C1050<\/strong><\/em><\/span><\/span>&nbsp; eignet sich au\u00dferdem f\u00fcr Heizkessel, z.B. zum Abdichten von Kesselgliedern, Abgasrohren, etc., sowie im sonstigen Anlagenbau. Haftet sehr gut auf Metall.<\/p>\n<p>\n\t<u>max. Anwendunsgtemperatur 1050 \u00b0C<\/u><\/p>\n<p>\n\t<strong><u>Inhalt:<\/u><\/strong> <em>150 ml Spindelkartusche <\/em><\/p>\n<p>\n\t<em>(Sie ben\u00f6tigen f\u00fcr diese Kartusche keine Kartuschenpresse, sondern pressen mit der mitgelieferten Spindel den Dichtungskitt aus der Kartusche)<\/em><\/p>\n<p>CHEMOTECHNIK Ofenkitt C1050 150 ml Spindelkartusche<\/p>\n","protected":false},"excerpt":{"rendered":"<p>chemo C1050 ist ein feuerfester Dichtungskitt\/Eisenkitt zum Abdichten von z.B. defekten Herden, \u00d6fen, Kamin- und Kachel\u00f6feneins\u00e4tzen. chemo C1050&nbsp; eignet sich au\u00dferdem f\u00fcr Heizkessel, z.B. zum Abdichten von Kesselgliedern, Abgasrohren, etc., sowie im sonstigen Anlagenbau. Haftet sehr gut auf Metall. max. Anwendunsgtemperatur 1050 \u00b0C Inhalt: 150 ml Spindelkartusche (Sie ben\u00f6tigen f\u00fcr diese Kartusche keine Kartuschenpresse, sondern [&hellip;]<\/p>\n","protected":false},"featured_media":7835,"comment_status":"closed","ping_status":"open","template":"","meta":{"_acf_changed":false},"product_safety_overall":[],"product_brand":[],"product_cat":[1798,1799],"product_tag":[815,816,817],"class_list":{"0":"post-7596","1":"product","2":"type-product","3":"status-publish","4":"has-post-thumbnail","6":"product_cat-chemotechnik","7":"product_cat-chemotechnik-dichtungsmittel","8":"product_tag-ofenkitt","9":"product_tag-kesselkitt","10":"product_tag-eisenkitt","12":"first","13":"instock","14":"taxable","15":"shipping-taxable","16":"purchasable","17":"product-type-simple"},"acf":[],"_links":{"self":[{"href":"https:\/\/www.ras-feuerfest.de\/shop\/wp-json\/wp\/v2\/product\/7596","targetHints":{"allow":["GET"]}}],"collection":[{"href":"https:\/\/www.ras-feuerfest.de\/shop\/wp-json\/wp\/v2\/product"}],"about":[{"href":"https:\/\/www.ras-feuerfest.de\/shop\/wp-json\/wp\/v2\/types\/product"}],"replies":[{"embeddable":true,"href":"https:\/\/www.ras-feuerfest.de\/shop\/wp-json\/wp\/v2\/comments?post=7596"}],"wp:featuredmedia":[{"embeddable":true,"href":"https:\/\/www.ras-feuerfest.de\/shop\/wp-json\/wp\/v2\/media\/7835"}],"wp:attachment":[{"href":"https:\/\/www.ras-feuerfest.de\/shop\/wp-json\/wp\/v2\/media?parent=7596"}],"wp:term":[{"taxonomy":"product_safety_overall","embeddable":true,"href":"https:\/\/www.ras-feuerfest.de\/shop\/wp-json\/wp\/v2\/product_safety_overall?post=7596"},{"taxonomy":"product_brand","embeddable":true,"href":"https:\/\/www.ras-feuerfest.de\/shop\/wp-json\/wp\/v2\/product_brand?post=7596"},{"taxonomy":"product_cat","embeddable":true,"href":"https:\/\/www.ras-feuerfest.de\/shop\/wp-json\/wp\/v2\/product_cat?post=7596"},{"taxonomy":"product_tag","embeddable":true,"href":"https:\/\/www.ras-feuerfest.de\/shop\/wp-json\/wp\/v2\/product_tag?post=7596"}],"curies":[{"name":"wp","href":"https:\/\/api.w.org\/{rel}","templated":true}]}}