{"id":7610,"date":"2024-10-09T17:55:21","date_gmt":"2024-10-09T15:55:21","guid":{"rendered":"https:\/\/www.ras-feuerfest.de\/shop\/product\/firetex-glasfaserkleber-dichtschnurkleber-c1090a-25-ml-m-langer-spritztuelle-wiederverschliessbar\/"},"modified":"2024-10-10T13:41:20","modified_gmt":"2024-10-10T11:41:20","slug":"firetex-glasfaserkleber-dichtschnurkleber-c1090a-25-ml-m-langer-spritztuelle-wiederverschliessbar","status":"publish","type":"product","link":"https:\/\/www.ras-feuerfest.de\/shop\/produkt\/firetex-glasfaserkleber-dichtschnurkleber-c1090a-25-ml-m-langer-spritztuelle-wiederverschliessbar\/","title":{"rendered":"FIRETEX Glasfaserkleber\/Dichtschnurkleber C1090A  \/ 25 ml m. langer Spritzt\u00fclle, wiederverschlie\u00dfbar"},"content":{"rendered":"<p>\n\t<font color=\"#333333\" face=\"Verdana\" size=\"2\"><span style=\"COLOR: rgb(255,102,0)\"><font size=\"2\"><span style=\"FONT-FAMILY: Verdana\"><span style=\"FONT-WEIGHT: bold\"><font color=\"#808080\" size=\"3\">FIRETEX C1090<em>A<\/em><\/font><\/span><span style=\"COLOR: rgb(51,51,51)\"> Dichtschnurkleber zum Einkleben von Glasfaserschn\u00fcren, Glasfaserb\u00e4nder, Glasfasermatten, Aluschn\u00fcren, Pakungen, Keramikfaserschn\u00fcren, usw<br \/>\n\tHaftet auf vielen Materialien, z. B. Metall, Mauerwerk, Isolierstoffe, etc.<\/p>\n<p>\t<span style=\"TEXT-DECORATION: underline\">Durch die gute Haftf\u00e4higkeit, eignet sich<font color=\"#808080\">&nbsp;<\/font><font color=\"#808080\" size=\"3\"><strong>C1090<em>A<\/em><\/strong><\/font><em> <\/em>besonders gut an senkrechten Fl\u00e4chen.<\/span><\/p>\n<p>\t<span style=\"FONT-STYLE: italic\">Anwendungstemperatur: 1000 \u00b0C<\/span><\/p>\n<p>\t<font color=\"#333333\" face=\"Verdana\" size=\"2\"><span style=\"COLOR: rgb(255,102,0)\"><font size=\"2\"><span style=\"FONT-FAMILY: Verdana\"><span style=\"COLOR: rgb(51,51,51)\"><span style=\"TEXT-DECORATION: underline\">Inhalt:<\/span> 25 ml PE-Flasche mit langem Spritzverschlu\u00df und Wiederverschlie\u00dfbar<\/span><\/span><\/font><\/span><\/font><\/p>\n<p>\t<span style=\"FONT-WEIGHT: bold; FONT-STYLE: italic; TEXT-DECORATION: underline\"><span style=\"FONT-WEIGHT: bold; FONT-STYLE: italic; TEXT-DECORATION: underline\">Farbe:<\/span> <font color=\"#808080\">ANTHRAZIT<\/font><\/span><\/span><\/span><\/font><\/span><\/font><\/p>\n<p>FIRETEX Glasfaserkleber\/Dichtschnurkleber C1090A  \/ 25 ml m. langer Spritzt\u00fclle, wiederverschlie\u00dfbar<\/p>\n","protected":false},"excerpt":{"rendered":"<p>FIRETEX C1090A Dichtschnurkleber zum Einkleben von Glasfaserschn\u00fcren, Glasfaserb\u00e4nder, Glasfasermatten, Aluschn\u00fcren, Pakungen, Keramikfaserschn\u00fcren, usw Haftet auf vielen Materialien, z. B. Metall, Mauerwerk, Isolierstoffe, etc. Durch die gute Haftf\u00e4higkeit, eignet sich&nbsp;C1090A besonders gut an senkrechten Fl\u00e4chen. Anwendungstemperatur: 1000 \u00b0C Inhalt: 25 ml PE-Flasche mit langem Spritzverschlu\u00df und Wiederverschlie\u00dfbar Farbe: ANTHRAZIT FIRETEX Glasfaserkleber\/Dichtschnurkleber C1090A \/ 25 ml m. [&hellip;]<\/p>\n","protected":false},"featured_media":7842,"comment_status":"closed","ping_status":"open","template":"","meta":{"_acf_changed":false},"product_safety_overall":[],"product_brand":[],"product_cat":[1806,1814],"product_tag":[818,819],"class_list":{"0":"post-7610","1":"product","2":"type-product","3":"status-publish","4":"has-post-thumbnail","6":"product_cat-firetex","7":"product_cat-firetex-dichtschnurkleber","8":"product_tag-dichtschnurkleber","9":"product_tag-glasfaserkleber","11":"first","12":"instock","13":"taxable","14":"shipping-taxable","15":"purchasable","16":"product-type-simple"},"acf":[],"_links":{"self":[{"href":"https:\/\/www.ras-feuerfest.de\/shop\/wp-json\/wp\/v2\/product\/7610","targetHints":{"allow":["GET"]}}],"collection":[{"href":"https:\/\/www.ras-feuerfest.de\/shop\/wp-json\/wp\/v2\/product"}],"about":[{"href":"https:\/\/www.ras-feuerfest.de\/shop\/wp-json\/wp\/v2\/types\/product"}],"replies":[{"embeddable":true,"href":"https:\/\/www.ras-feuerfest.de\/shop\/wp-json\/wp\/v2\/comments?post=7610"}],"wp:featuredmedia":[{"embeddable":true,"href":"https:\/\/www.ras-feuerfest.de\/shop\/wp-json\/wp\/v2\/media\/7842"}],"wp:attachment":[{"href":"https:\/\/www.ras-feuerfest.de\/shop\/wp-json\/wp\/v2\/media?parent=7610"}],"wp:term":[{"taxonomy":"product_safety_overall","embeddable":true,"href":"https:\/\/www.ras-feuerfest.de\/shop\/wp-json\/wp\/v2\/product_safety_overall?post=7610"},{"taxonomy":"product_brand","embeddable":true,"href":"https:\/\/www.ras-feuerfest.de\/shop\/wp-json\/wp\/v2\/product_brand?post=7610"},{"taxonomy":"product_cat","embeddable":true,"href":"https:\/\/www.ras-feuerfest.de\/shop\/wp-json\/wp\/v2\/product_cat?post=7610"},{"taxonomy":"product_tag","embeddable":true,"href":"https:\/\/www.ras-feuerfest.de\/shop\/wp-json\/wp\/v2\/product_tag?post=7610"}],"curies":[{"name":"wp","href":"https:\/\/api.w.org\/{rel}","templated":true}]}}