{"id":7620,"date":"2024-10-09T17:55:32","date_gmt":"2024-10-09T15:55:32","guid":{"rendered":"https:\/\/www.ras-feuerfest.de\/shop\/product\/chemotechnik-oeltester-100-ml-pipettenflasche\/"},"modified":"2024-10-10T13:41:11","modified_gmt":"2024-10-10T11:41:11","slug":"chemotechnik-oeltester-100-ml-pipettenflasche","status":"publish","type":"product","link":"https:\/\/www.ras-feuerfest.de\/shop\/produkt\/chemotechnik-oeltester-100-ml-pipettenflasche\/","title":{"rendered":"CHEMOTECHNIK \u00d6ltester 100 ml Pipettenflasche"},"content":{"rendered":"<p>\n\t<font color=\"#333333\" face=\"Verdana\" size=\"2\"><span style=\"color: rgb(255, 0, 0);\"><font size=\"2\"><span style=\"font-family: Verdana;\"><span style=\"font-weight: bold;\">chemo <\/span><span style=\"color: rgb(51, 51, 51);\">\u00d6ltester ind er Pipettenflasche<br \/>\n\tzur Festellung von \u00d6lderivaten im Ru\u00dfbild<\/p>\n<p>\tInhalt: 100 ml<\/span><\/span><\/font><\/span><\/font><\/p>\n<p>CHEMOTECHNIK \u00d6ltester 100 ml Pipettenflasche<\/p>\n","protected":false},"excerpt":{"rendered":"<p>chemo \u00d6ltester ind er Pipettenflasche zur Festellung von \u00d6lderivaten im Ru\u00dfbild Inhalt: 100 ml CHEMOTECHNIK \u00d6ltester 100 ml Pipettenflasche<\/p>\n","protected":false},"featured_media":7847,"comment_status":"closed","ping_status":"open","template":"","meta":{"_acf_changed":false},"product_safety_overall":[],"product_brand":[],"product_cat":[1798,1805],"product_tag":[],"class_list":{"0":"post-7620","1":"product","2":"type-product","3":"status-publish","4":"has-post-thumbnail","6":"product_cat-chemotechnik","7":"product_cat-chemotechnik-messfluessigkeit","9":"first","10":"instock","11":"taxable","12":"shipping-taxable","13":"purchasable","14":"product-type-simple"},"acf":[],"_links":{"self":[{"href":"https:\/\/www.ras-feuerfest.de\/shop\/wp-json\/wp\/v2\/product\/7620","targetHints":{"allow":["GET"]}}],"collection":[{"href":"https:\/\/www.ras-feuerfest.de\/shop\/wp-json\/wp\/v2\/product"}],"about":[{"href":"https:\/\/www.ras-feuerfest.de\/shop\/wp-json\/wp\/v2\/types\/product"}],"replies":[{"embeddable":true,"href":"https:\/\/www.ras-feuerfest.de\/shop\/wp-json\/wp\/v2\/comments?post=7620"}],"wp:featuredmedia":[{"embeddable":true,"href":"https:\/\/www.ras-feuerfest.de\/shop\/wp-json\/wp\/v2\/media\/7847"}],"wp:attachment":[{"href":"https:\/\/www.ras-feuerfest.de\/shop\/wp-json\/wp\/v2\/media?parent=7620"}],"wp:term":[{"taxonomy":"product_safety_overall","embeddable":true,"href":"https:\/\/www.ras-feuerfest.de\/shop\/wp-json\/wp\/v2\/product_safety_overall?post=7620"},{"taxonomy":"product_brand","embeddable":true,"href":"https:\/\/www.ras-feuerfest.de\/shop\/wp-json\/wp\/v2\/product_brand?post=7620"},{"taxonomy":"product_cat","embeddable":true,"href":"https:\/\/www.ras-feuerfest.de\/shop\/wp-json\/wp\/v2\/product_cat?post=7620"},{"taxonomy":"product_tag","embeddable":true,"href":"https:\/\/www.ras-feuerfest.de\/shop\/wp-json\/wp\/v2\/product_tag?post=7620"}],"curies":[{"name":"wp","href":"https:\/\/api.w.org\/{rel}","templated":true}]}}