{"id":7628,"date":"2024-10-09T17:55:32","date_gmt":"2024-10-09T15:55:32","guid":{"rendered":"https:\/\/www.ras-feuerfest.de\/shop\/product\/thermodur-600-stan-hitzebestaendiger-lack-400-ml-spraydose-silber-grau\/"},"modified":"2024-10-10T13:42:51","modified_gmt":"2024-10-10T11:42:51","slug":"thermodur-600-stan-hitzebestaendiger-lack-400-ml-spraydose-silber-grau","status":"publish","type":"product","link":"https:\/\/www.ras-feuerfest.de\/shop\/produkt\/thermodur-600-stan-hitzebestaendiger-lack-400-ml-spraydose-silber-grau\/","title":{"rendered":"Thermodur 600 Stan Hitzebest\u00e4ndiger Lack 400 ml Spraydose ~silber-grau~"},"content":{"rendered":"<p>&nbsp;<\/p>\n<p><font color=\"#333333\" size=\"3\"><strong>Thermodur 600-Stan ist ein&nbsp; Lack&nbsp; der hitzebest\u00e4ndig ist und als&nbsp;modifizierte Silikonharz-Einschichtlackierung&nbsp; f\u00fcr \u00d6fen und Kamine geeignet ist.<\/strong><\/font><\/p>\n<p><font color=\"#333333\" size=\"3\"><u>Farbe: silber-grau<\/u><\/font><\/p>\n<p><font color=\"#333333\" size=\"3\">Inhalt 400 ml<\/font><\/p>\n<p><font color=\"#333333\" size=\"3\">Der Lack l\u00e4sst sich auf Stahlblech und Gu\u00dfstahl auftragen.<\/font><br \/>\n<font color=\"#333333\" size=\"3\"><em>Dieser mu\u00df metallisch blank, staub-, fettfrei und frei von losen anhaftungen sein<\/em><\/font><\/p>\n<p><font color=\"#333333\" size=\"3\">Dauerbelastbar: bis 600 \u00b0C<\/font><\/p>\n<p><font color=\"#333333\" size=\"3\">Schichtst\u00e4rke 15 &#8211; 30 my<\/font><\/p>\n<p>Thermodur 600 Stan Hitzebest\u00e4ndiger Lack 400 ml Spraydose ~silber-grau~<\/p>\n","protected":false},"excerpt":{"rendered":"<p>&nbsp; Thermodur 600-Stan ist ein&nbsp; Lack&nbsp; der hitzebest\u00e4ndig ist und als&nbsp;modifizierte Silikonharz-Einschichtlackierung&nbsp; f\u00fcr \u00d6fen und Kamine geeignet ist. Farbe: silber-grau Inhalt 400 ml Der Lack l\u00e4sst sich auf Stahlblech und Gu\u00dfstahl auftragen. Dieser mu\u00df metallisch blank, staub-, fettfrei und frei von losen anhaftungen sein Dauerbelastbar: bis 600 \u00b0C Schichtst\u00e4rke 15 &#8211; 30 my Thermodur 600 [&hellip;]<\/p>\n","protected":false},"featured_media":0,"comment_status":"closed","ping_status":"open","template":"","meta":{"_acf_changed":false},"product_safety_overall":[],"product_brand":[],"product_cat":[1903,1905],"product_tag":[824],"class_list":{"0":"post-7628","1":"product","2":"type-product","3":"status-publish","5":"product_cat-hitzefeste-farben","6":"product_cat-hitzefeste-farben-spraydosen","7":"product_tag-hitzefester-lack","9":"first","10":"instock","11":"taxable","12":"shipping-taxable","13":"purchasable","14":"product-type-simple"},"acf":[],"_links":{"self":[{"href":"https:\/\/www.ras-feuerfest.de\/shop\/wp-json\/wp\/v2\/product\/7628","targetHints":{"allow":["GET"]}}],"collection":[{"href":"https:\/\/www.ras-feuerfest.de\/shop\/wp-json\/wp\/v2\/product"}],"about":[{"href":"https:\/\/www.ras-feuerfest.de\/shop\/wp-json\/wp\/v2\/types\/product"}],"replies":[{"embeddable":true,"href":"https:\/\/www.ras-feuerfest.de\/shop\/wp-json\/wp\/v2\/comments?post=7628"}],"wp:attachment":[{"href":"https:\/\/www.ras-feuerfest.de\/shop\/wp-json\/wp\/v2\/media?parent=7628"}],"wp:term":[{"taxonomy":"product_safety_overall","embeddable":true,"href":"https:\/\/www.ras-feuerfest.de\/shop\/wp-json\/wp\/v2\/product_safety_overall?post=7628"},{"taxonomy":"product_brand","embeddable":true,"href":"https:\/\/www.ras-feuerfest.de\/shop\/wp-json\/wp\/v2\/product_brand?post=7628"},{"taxonomy":"product_cat","embeddable":true,"href":"https:\/\/www.ras-feuerfest.de\/shop\/wp-json\/wp\/v2\/product_cat?post=7628"},{"taxonomy":"product_tag","embeddable":true,"href":"https:\/\/www.ras-feuerfest.de\/shop\/wp-json\/wp\/v2\/product_tag?post=7628"}],"curies":[{"name":"wp","href":"https:\/\/api.w.org\/{rel}","templated":true}]}}