{"id":7634,"date":"2024-10-09T17:55:32","date_gmt":"2024-10-09T15:55:32","guid":{"rendered":"https:\/\/www.ras-feuerfest.de\/shop\/product\/thermodur-600-stan-hitzebestaendiger-lack-1-kg-dose-silber-grau\/"},"modified":"2024-10-10T13:42:50","modified_gmt":"2024-10-10T11:42:50","slug":"thermodur-600-stan-hitzebestaendiger-lack-1-kg-dose-silber-grau","status":"publish","type":"product","link":"https:\/\/www.ras-feuerfest.de\/shop\/produkt\/thermodur-600-stan-hitzebestaendiger-lack-1-kg-dose-silber-grau\/","title":{"rendered":"Thermodur 600 Stan Hitzebest\u00e4ndiger Lack 1 kg Dose ~silber-grau~"},"content":{"rendered":"<p><span style=\"color:#ef1010;\"><u><strong><span style=\"font-size:24px;\"><font face=\"Verdana\">Sonderpreis solange der Vorrat reicht!<\/font><\/span><\/strong><\/u><\/span><\/p>\n<p><font color=\"#333333\" size=\"3\"><strong>Thermodur 600-Stan ist ein&nbsp; Lack&nbsp; der hitzebest\u00e4ndig ist und als&nbsp;modifizierte Silikonharz-Einschichtlackierung&nbsp; f\u00fcr \u00d6fen und Kamine geeignet ist.<\/strong><\/font><\/p>\n<p><font color=\"#333333\" size=\"3\"><u>Farbe: silber-grau<\/u><\/font><\/p>\n<p><font color=\"#333333\" size=\"3\">Inhalt:1 kg<\/font><\/p>\n<p><font color=\"#333333\" size=\"3\"><em>Der Lack l\u00e4sst sich auf Stahlblech und Gu\u00dfstahl auftragen.<\/em><\/font><br \/>\n<font color=\"#333333\" size=\"3\"><em>Dieser mu\u00df metallisch blank, staub-, fettfrei und frei von<\/em><\/font><br \/>\n<font color=\"#333333\" size=\"3\"><em>losen Anhaftungen sein.<br \/>\nThermodur kann durch Pinsel, Spritzen, etc. aufgetragen werden.<br \/>\nThermodur ist spritzbar eingestellt<\/em><\/font><\/p>\n<p><font color=\"#333333\" size=\"3\">Dauerbelastbar: bis 600 \u00b0C<\/font><\/p>\n<p><font color=\"#333333\" size=\"3\">Schichtst\u00e4rke 15 &#8211; 30 my<\/font><\/p>\n<p>Thermodur 600 Stan Hitzebest\u00e4ndiger Lack 1 kg Dose ~silber-grau~<\/p>\n","protected":false},"excerpt":{"rendered":"<p>Sonderpreis solange der Vorrat reicht! Thermodur 600-Stan ist ein&nbsp; Lack&nbsp; der hitzebest\u00e4ndig ist und als&nbsp;modifizierte Silikonharz-Einschichtlackierung&nbsp; f\u00fcr \u00d6fen und Kamine geeignet ist. Farbe: silber-grau Inhalt:1 kg Der Lack l\u00e4sst sich auf Stahlblech und Gu\u00dfstahl auftragen. Dieser mu\u00df metallisch blank, staub-, fettfrei und frei von losen Anhaftungen sein. Thermodur kann durch Pinsel, Spritzen, etc. aufgetragen werden. [&hellip;]<\/p>\n","protected":false},"featured_media":7852,"comment_status":"closed","ping_status":"open","template":"","meta":{"_acf_changed":false},"product_safety_overall":[],"product_brand":[],"product_cat":[1903,1904],"product_tag":[824],"class_list":{"0":"post-7634","1":"product","2":"type-product","3":"status-publish","4":"has-post-thumbnail","6":"product_cat-hitzefeste-farben","7":"product_cat-hitzefeste-farben-kilodosen","8":"product_tag-hitzefester-lack","10":"first","11":"instock","12":"taxable","13":"shipping-taxable","14":"purchasable","15":"product-type-simple"},"acf":[],"_links":{"self":[{"href":"https:\/\/www.ras-feuerfest.de\/shop\/wp-json\/wp\/v2\/product\/7634","targetHints":{"allow":["GET"]}}],"collection":[{"href":"https:\/\/www.ras-feuerfest.de\/shop\/wp-json\/wp\/v2\/product"}],"about":[{"href":"https:\/\/www.ras-feuerfest.de\/shop\/wp-json\/wp\/v2\/types\/product"}],"replies":[{"embeddable":true,"href":"https:\/\/www.ras-feuerfest.de\/shop\/wp-json\/wp\/v2\/comments?post=7634"}],"wp:featuredmedia":[{"embeddable":true,"href":"https:\/\/www.ras-feuerfest.de\/shop\/wp-json\/wp\/v2\/media\/7852"}],"wp:attachment":[{"href":"https:\/\/www.ras-feuerfest.de\/shop\/wp-json\/wp\/v2\/media?parent=7634"}],"wp:term":[{"taxonomy":"product_safety_overall","embeddable":true,"href":"https:\/\/www.ras-feuerfest.de\/shop\/wp-json\/wp\/v2\/product_safety_overall?post=7634"},{"taxonomy":"product_brand","embeddable":true,"href":"https:\/\/www.ras-feuerfest.de\/shop\/wp-json\/wp\/v2\/product_brand?post=7634"},{"taxonomy":"product_cat","embeddable":true,"href":"https:\/\/www.ras-feuerfest.de\/shop\/wp-json\/wp\/v2\/product_cat?post=7634"},{"taxonomy":"product_tag","embeddable":true,"href":"https:\/\/www.ras-feuerfest.de\/shop\/wp-json\/wp\/v2\/product_tag?post=7634"}],"curies":[{"name":"wp","href":"https:\/\/api.w.org\/{rel}","templated":true}]}}